{"id":1330,"date":"2024-01-26T02:47:14","date_gmt":"2024-01-26T02:47:14","guid":{"rendered":"https:\/\/superhosepty.com\/?page_id=1330"},"modified":"2024-10-22T18:55:46","modified_gmt":"2024-10-22T18:55:46","slug":"continental","status":"publish","type":"page","link":"https:\/\/superhosepty.com\/en\/continental\/","title":{"rendered":"Continental"},"content":{"rendered":"<div data-elementor-type=\"wp-page\" data-elementor-id=\"1330\" class=\"elementor elementor-1330\" data-elementor-post-type=\"page\">\n\t\t\t\t\t\t<section class=\"elementor-section elementor-top-section elementor-element elementor-element-4a53b72 elementor-section-boxed elementor-section-height-default elementor-section-height-default\" data-id=\"4a53b72\" data-element_type=\"section\" data-settings=\"{&quot;background_background&quot;:&quot;classic&quot;}\">\n\t\t\t\t\t\t\t<div class=\"elementor-background-overlay\"><\/div>\n\t\t\t\t\t\t\t<div class=\"elementor-container elementor-column-gap-no\">\n\t\t\t\t\t<div class=\"elementor-column elementor-col-100 elementor-top-column elementor-element elementor-element-c860d6b\" data-id=\"c860d6b\" data-element_type=\"column\" data-settings=\"{&quot;background_background&quot;:&quot;classic&quot;}\">\n\t\t\t<div class=\"elementor-widget-wrap elementor-element-populated\">\n\t\t\t\t\t\t\t<\/div>\n\t\t<\/div>\n\t\t\t\t\t<\/div>\n\t\t<\/section>\n\t\t\t\t<section class=\"elementor-section elementor-top-section elementor-element elementor-element-e27ab07 elementor-reverse-tablet elementor-reverse-mobile elementor-section-boxed elementor-section-height-default elementor-section-height-default\" data-id=\"e27ab07\" data-element_type=\"section\" data-settings=\"{&quot;background_background&quot;:&quot;classic&quot;}\">\n\t\t\t\t\t\t\t<div class=\"elementor-background-overlay\"><\/div>\n\t\t\t\t\t\t\t<div class=\"elementor-container elementor-column-gap-no\">\n\t\t\t\t\t<div class=\"elementor-column elementor-col-50 elementor-top-column elementor-element elementor-element-ecc939f\" data-id=\"ecc939f\" data-element_type=\"column\">\n\t\t\t<div class=\"elementor-widget-wrap elementor-element-populated\">\n\t\t\t\t\t\t<div class=\"elementor-element elementor-element-ad008f8 elementor-widget elementor-widget-spacer\" data-id=\"ad008f8\" data-element_type=\"widget\" data-widget_type=\"spacer.default\">\n\t\t\t\t<div class=\"elementor-widget-container\">\n\t\t\t\t\t\t\t<div class=\"elementor-spacer\">\n\t\t\t<div class=\"elementor-spacer-inner\"><\/div>\n\t\t<\/div>\n\t\t\t\t\t\t<\/div>\n\t\t\t\t<\/div>\n\t\t\t\t\t<\/div>\n\t\t<\/div>\n\t\t\t\t<div class=\"elementor-column elementor-col-50 elementor-top-column elementor-element elementor-element-a7d252b\" data-id=\"a7d252b\" data-element_type=\"column\">\n\t\t\t<div class=\"elementor-widget-wrap elementor-element-populated\">\n\t\t\t\t\t\t<div class=\"elementor-element elementor-element-59b9dee elementor-widget elementor-widget-image\" data-id=\"59b9dee\" data-element_type=\"widget\" data-widget_type=\"image.default\">\n\t\t\t\t<div class=\"elementor-widget-container\">\n\t\t\t\t\t\t\t\t\t\t\t\t\t\t\t<img fetchpriority=\"high\" decoding=\"async\" width=\"750\" height=\"172\" src=\"https:\/\/superhosepty.com\/wp-content\/uploads\/2023\/09\/continental-logo-oficial.png\" class=\"attachment-large size-large wp-image-1210\" alt=\"\" srcset=\"https:\/\/superhosepty.com\/wp-content\/uploads\/2023\/09\/continental-logo-oficial.png 750w, https:\/\/superhosepty.com\/wp-content\/uploads\/2023\/09\/continental-logo-oficial-600x138.png 600w, https:\/\/superhosepty.com\/wp-content\/uploads\/2023\/09\/continental-logo-oficial-64x15.png 64w, https:\/\/superhosepty.com\/wp-content\/uploads\/2023\/09\/continental-logo-oficial-300x69.png 300w, https:\/\/superhosepty.com\/wp-content\/uploads\/2023\/09\/continental-logo-oficial-18x4.png 18w\" sizes=\"(max-width: 750px) 100vw, 750px\" \/>\t\t\t\t\t\t\t\t\t\t\t\t\t\t\t<\/div>\n\t\t\t\t<\/div>\n\t\t\t\t<div class=\"elementor-element elementor-element-3bb880b elementor-widget elementor-widget-text-editor\" data-id=\"3bb880b\" data-element_type=\"widget\" data-widget_type=\"text-editor.default\">\n\t\t\t\t<div class=\"elementor-widget-container\">\n\t\t\t\t\t\t\t\t\t<p>With over 150 years of service at the disposal of our customers and partners.<\/p><p>We provide quality products and tailor-specific solutions to your needs, becoming an ally and advisor at your service.<\/p><p>We uphold the highest global standards of quality.<\/p>\t\t\t\t\t\t\t\t<\/div>\n\t\t\t\t<\/div>\n\t\t\t\t\t<\/div>\n\t\t<\/div>\n\t\t\t\t\t<\/div>\n\t\t<\/section>\n\t\t\t\t<section class=\"elementor-section elementor-top-section elementor-element elementor-element-9ab59db elementor-section-boxed elementor-section-height-default elementor-section-height-default\" data-id=\"9ab59db\" data-element_type=\"section\">\n\t\t\t\t\t\t<div class=\"elementor-container elementor-column-gap-default\">\n\t\t\t\t\t<div class=\"elementor-column elementor-col-33 elementor-top-column elementor-element elementor-element-b087c65\" data-id=\"b087c65\" data-element_type=\"column\">\n\t\t\t<div class=\"elementor-widget-wrap elementor-element-populated\">\n\t\t\t\t\t\t<div class=\"elementor-element elementor-element-0c13f1f elementor-widget elementor-widget-image\" data-id=\"0c13f1f\" data-element_type=\"widget\" data-widget_type=\"image.default\">\n\t\t\t\t<div class=\"elementor-widget-container\">\n\t\t\t\t\t\t\t\t\t\t\t\t\t\t\t<img decoding=\"async\" width=\"768\" height=\"1024\" src=\"https:\/\/superhosepty.com\/wp-content\/uploads\/2024\/10\/bodegas-2.jpg\" class=\"attachment-full size-full wp-image-1994\" alt=\"\" srcset=\"https:\/\/superhosepty.com\/wp-content\/uploads\/2024\/10\/bodegas-2.jpg 768w, https:\/\/superhosepty.com\/wp-content\/uploads\/2024\/10\/bodegas-2-225x300.jpg 225w, https:\/\/superhosepty.com\/wp-content\/uploads\/2024\/10\/bodegas-2-9x12.jpg 9w, https:\/\/superhosepty.com\/wp-content\/uploads\/2024\/10\/bodegas-2-600x800.jpg 600w, https:\/\/superhosepty.com\/wp-content\/uploads\/2024\/10\/bodegas-2-64x85.jpg 64w\" sizes=\"(max-width: 768px) 100vw, 768px\" \/>\t\t\t\t\t\t\t\t\t\t\t\t\t\t\t<\/div>\n\t\t\t\t<\/div>\n\t\t\t\t\t<\/div>\n\t\t<\/div>\n\t\t\t\t<div class=\"elementor-column elementor-col-33 elementor-top-column elementor-element elementor-element-4416bda\" data-id=\"4416bda\" data-element_type=\"column\">\n\t\t\t<div class=\"elementor-widget-wrap elementor-element-populated\">\n\t\t\t\t\t\t<div class=\"elementor-element elementor-element-0d1b250 elementor-widget elementor-widget-image\" data-id=\"0d1b250\" data-element_type=\"widget\" data-widget_type=\"image.default\">\n\t\t\t\t<div class=\"elementor-widget-container\">\n\t\t\t\t\t\t\t\t\t\t\t\t\t\t\t<img decoding=\"async\" width=\"1024\" height=\"768\" src=\"https:\/\/superhosepty.com\/wp-content\/uploads\/2024\/10\/bodegas.jpg\" class=\"attachment-full size-full wp-image-1995\" alt=\"\" srcset=\"https:\/\/superhosepty.com\/wp-content\/uploads\/2024\/10\/bodegas.jpg 1024w, https:\/\/superhosepty.com\/wp-content\/uploads\/2024\/10\/bodegas-300x225.jpg 300w, https:\/\/superhosepty.com\/wp-content\/uploads\/2024\/10\/bodegas-768x576.jpg 768w, https:\/\/superhosepty.com\/wp-content\/uploads\/2024\/10\/bodegas-16x12.jpg 16w, https:\/\/superhosepty.com\/wp-content\/uploads\/2024\/10\/bodegas-600x450.jpg 600w, https:\/\/superhosepty.com\/wp-content\/uploads\/2024\/10\/bodegas-64x48.jpg 64w\" sizes=\"(max-width: 1024px) 100vw, 1024px\" \/>\t\t\t\t\t\t\t\t\t\t\t\t\t\t\t<\/div>\n\t\t\t\t<\/div>\n\t\t\t\t\t<\/div>\n\t\t<\/div>\n\t\t\t\t<div class=\"elementor-column elementor-col-33 elementor-top-column elementor-element elementor-element-b3b9d32\" data-id=\"b3b9d32\" data-element_type=\"column\">\n\t\t\t<div class=\"elementor-widget-wrap elementor-element-populated\">\n\t\t\t\t\t\t<div class=\"elementor-element elementor-element-711aeb8 elementor-widget elementor-widget-image\" data-id=\"711aeb8\" data-element_type=\"widget\" data-widget_type=\"image.default\">\n\t\t\t\t<div class=\"elementor-widget-container\">\n\t\t\t\t\t\t\t\t\t\t\t\t\t\t\t<img loading=\"lazy\" decoding=\"async\" width=\"768\" height=\"1024\" src=\"https:\/\/superhosepty.com\/wp-content\/uploads\/2024\/10\/bodegas-3.jpg\" class=\"attachment-full size-full wp-image-1997\" alt=\"\" srcset=\"https:\/\/superhosepty.com\/wp-content\/uploads\/2024\/10\/bodegas-3.jpg 768w, https:\/\/superhosepty.com\/wp-content\/uploads\/2024\/10\/bodegas-3-225x300.jpg 225w, https:\/\/superhosepty.com\/wp-content\/uploads\/2024\/10\/bodegas-3-9x12.jpg 9w, https:\/\/superhosepty.com\/wp-content\/uploads\/2024\/10\/bodegas-3-600x800.jpg 600w, https:\/\/superhosepty.com\/wp-content\/uploads\/2024\/10\/bodegas-3-64x85.jpg 64w\" sizes=\"(max-width: 768px) 100vw, 768px\" \/>\t\t\t\t\t\t\t\t\t\t\t\t\t\t\t<\/div>\n\t\t\t\t<\/div>\n\t\t\t\t\t<\/div>\n\t\t<\/div>\n\t\t\t\t\t<\/div>\n\t\t<\/section>\n\t\t\t\t<section class=\"elementor-section elementor-top-section elementor-element elementor-element-59937c4 elementor-section-boxed elementor-section-height-default elementor-section-height-default\" data-id=\"59937c4\" data-element_type=\"section\">\n\t\t\t\t\t\t<div class=\"elementor-container elementor-column-gap-default\">\n\t\t\t\t\t<div class=\"elementor-column elementor-col-100 elementor-top-column elementor-element elementor-element-958cfc8\" data-id=\"958cfc8\" data-element_type=\"column\">\n\t\t\t<div class=\"elementor-widget-wrap elementor-element-populated\">\n\t\t\t\t\t\t<div class=\"elementor-element elementor-element-b11867f elementor-widget elementor-widget-heading\" data-id=\"b11867f\" data-element_type=\"widget\" data-widget_type=\"heading.default\">\n\t\t\t\t<div class=\"elementor-widget-container\">\n\t\t\t\t\t<h3 class=\"elementor-heading-title elementor-size-default\">M\u00e1quinas Continental<\/h3>\t\t\t\t<\/div>\n\t\t\t\t<\/div>\n\t\t\t\t<div class=\"elementor-element elementor-element-10b7883 elementor-widget elementor-widget-image\" data-id=\"10b7883\" data-element_type=\"widget\" data-widget_type=\"image.default\">\n\t\t\t\t<div class=\"elementor-widget-container\">\n\t\t\t\t\t\t\t\t\t\t\t\t\t\t\t<img loading=\"lazy\" decoding=\"async\" width=\"1384\" height=\"412\" src=\"https:\/\/superhosepty.com\/wp-content\/uploads\/2024\/10\/image-1.webp\" class=\"attachment-full size-full wp-image-2001\" alt=\"\" srcset=\"https:\/\/superhosepty.com\/wp-content\/uploads\/2024\/10\/image-1.webp 1384w, https:\/\/superhosepty.com\/wp-content\/uploads\/2024\/10\/image-1-300x89.webp 300w, https:\/\/superhosepty.com\/wp-content\/uploads\/2024\/10\/image-1-1024x305.webp 1024w, https:\/\/superhosepty.com\/wp-content\/uploads\/2024\/10\/image-1-768x229.webp 768w, https:\/\/superhosepty.com\/wp-content\/uploads\/2024\/10\/image-1-18x5.webp 18w, https:\/\/superhosepty.com\/wp-content\/uploads\/2024\/10\/image-1-600x179.webp 600w, https:\/\/superhosepty.com\/wp-content\/uploads\/2024\/10\/image-1-64x19.webp 64w\" sizes=\"(max-width: 1384px) 100vw, 1384px\" \/>\t\t\t\t\t\t\t\t\t\t\t\t\t\t\t<\/div>\n\t\t\t\t<\/div>\n\t\t\t\t<div class=\"elementor-element elementor-element-2780462 elementor-align-center elementor-widget elementor-widget-button\" data-id=\"2780462\" data-element_type=\"widget\" data-widget_type=\"button.default\">\n\t\t\t\t<div class=\"elementor-widget-container\">\n\t\t\t\t\t\t\t\t\t<div class=\"elementor-button-wrapper\">\n\t\t\t\t\t<a class=\"elementor-button elementor-button-link elementor-size-sm\" href=\"https:\/\/superhosepty.com\/en\/catalogs\/\">\n\t\t\t\t\t\t<span class=\"elementor-button-content-wrapper\">\n\t\t\t\t\t\t\t\t\t<span class=\"elementor-button-text\">Ver Cat\u00e1logos<\/span>\n\t\t\t\t\t<\/span>\n\t\t\t\t\t<\/a>\n\t\t\t\t<\/div>\n\t\t\t\t\t\t\t\t<\/div>\n\t\t\t\t<\/div>\n\t\t\t\t<div class=\"elementor-element elementor-element-318a622 elementor-widget__width-initial elementor-widget elementor-widget-video\" data-id=\"318a622\" data-element_type=\"widget\" data-settings=\"{&quot;youtube_url&quot;:&quot;https:\\\/\\\/youtu.be\\\/jzg7K0Qkhl8?si=6PIsnbkr0bgR4_Pf&quot;,&quot;video_type&quot;:&quot;youtube&quot;,&quot;controls&quot;:&quot;yes&quot;}\" data-widget_type=\"video.default\">\n\t\t\t\t<div class=\"elementor-widget-container\">\n\t\t\t\t\t\t\t<div class=\"elementor-wrapper elementor-open-inline\">\n\t\t\t<div class=\"elementor-video\"><\/div>\t\t<\/div>\n\t\t\t\t\t\t<\/div>\n\t\t\t\t<\/div>\n\t\t\t\t\t<\/div>\n\t\t<\/div>\n\t\t\t\t\t<\/div>\n\t\t<\/section>\n\t\t\t\t<\/div>","protected":false},"excerpt":{"rendered":"<p>Contamos con m\u00e1s de 150 a\u00f1os de servicio a la disposici\u00f3n de nuestros clientes y asociados. Brindamos productos de calidad y soluciones espec\u00edficas a tus necesidades, convirti\u00e9ndonos en un aliado y asesor a tu disposici\u00f3n. Ofrecemos los m\u00e1s altos est\u00e1ndares de calidad a nivel mundial. M\u00e1quinas Continental Ver Cat\u00e1logos<\/p>","protected":false},"author":4,"featured_media":0,"parent":0,"menu_order":0,"comment_status":"closed","ping_status":"closed","template":"elementor_header_footer","meta":{"footnotes":""},"class_list":["post-1330","page","type-page","status-publish","hentry"],"aioseo_notices":[],"_links":{"self":[{"href":"https:\/\/superhosepty.com\/en\/wp-json\/wp\/v2\/pages\/1330","targetHints":{"allow":["GET"]}}],"collection":[{"href":"https:\/\/superhosepty.com\/en\/wp-json\/wp\/v2\/pages"}],"about":[{"href":"https:\/\/superhosepty.com\/en\/wp-json\/wp\/v2\/types\/page"}],"author":[{"embeddable":true,"href":"https:\/\/superhosepty.com\/en\/wp-json\/wp\/v2\/users\/4"}],"replies":[{"embeddable":true,"href":"https:\/\/superhosepty.com\/en\/wp-json\/wp\/v2\/comments?post=1330"}],"version-history":[{"count":0,"href":"https:\/\/superhosepty.com\/en\/wp-json\/wp\/v2\/pages\/1330\/revisions"}],"wp:attachment":[{"href":"https:\/\/superhosepty.com\/en\/wp-json\/wp\/v2\/media?parent=1330"}],"curies":[{"name":"wp","href":"https:\/\/api.w.org\/{rel}","templated":true}]}}