{"id":1530,"date":"2024-01-29T17:54:09","date_gmt":"2024-01-29T17:54:09","guid":{"rendered":"https:\/\/superhosepty.com\/?page_id=1530"},"modified":"2024-10-29T22:41:01","modified_gmt":"2024-10-29T22:41:01","slug":"super-hose","status":"publish","type":"page","link":"https:\/\/superhosepty.com\/en\/super-hose\/","title":{"rendered":"Super Hose"},"content":{"rendered":"<div data-elementor-type=\"wp-page\" data-elementor-id=\"1530\" class=\"elementor elementor-1530\" data-elementor-post-type=\"page\">\n\t\t\t\t\t\t<section class=\"elementor-section elementor-top-section elementor-element elementor-element-8407c52 elementor-section-boxed elementor-section-height-default elementor-section-height-default\" data-id=\"8407c52\" data-element_type=\"section\" data-settings=\"{&quot;background_background&quot;:&quot;classic&quot;}\">\n\t\t\t\t\t\t\t<div class=\"elementor-background-overlay\"><\/div>\n\t\t\t\t\t\t\t<div class=\"elementor-container elementor-column-gap-no\">\n\t\t\t\t\t<div class=\"elementor-column elementor-col-100 elementor-top-column elementor-element elementor-element-d91e89e\" data-id=\"d91e89e\" data-element_type=\"column\" data-settings=\"{&quot;background_background&quot;:&quot;classic&quot;}\">\n\t\t\t<div class=\"elementor-widget-wrap elementor-element-populated\">\n\t\t\t\t\t\t\t<\/div>\n\t\t<\/div>\n\t\t\t\t\t<\/div>\n\t\t<\/section>\n\t\t\t\t<section class=\"elementor-section elementor-top-section elementor-element elementor-element-b4aec3e elementor-reverse-tablet elementor-reverse-mobile elementor-section-boxed elementor-section-height-default elementor-section-height-default\" data-id=\"b4aec3e\" data-element_type=\"section\" data-settings=\"{&quot;background_background&quot;:&quot;classic&quot;}\">\n\t\t\t\t\t\t\t<div class=\"elementor-background-overlay\"><\/div>\n\t\t\t\t\t\t\t<div class=\"elementor-container elementor-column-gap-no\">\n\t\t\t\t\t<div class=\"elementor-column elementor-col-100 elementor-top-column elementor-element elementor-element-3ded71a\" data-id=\"3ded71a\" data-element_type=\"column\">\n\t\t\t<div class=\"elementor-widget-wrap elementor-element-populated\">\n\t\t\t\t\t\t<div class=\"elementor-element elementor-element-cd8b365 elementor-widget elementor-widget-image\" data-id=\"cd8b365\" data-element_type=\"widget\" data-widget_type=\"image.default\">\n\t\t\t\t<div class=\"elementor-widget-container\">\n\t\t\t\t\t\t\t\t\t\t\t\t\t\t\t<img decoding=\"async\" width=\"327\" height=\"61\" src=\"https:\/\/superhosepty.com\/wp-content\/uploads\/2024\/02\/super-hose-logo-producto.png\" class=\"attachment-large size-large wp-image-1603\" alt=\"\" srcset=\"https:\/\/superhosepty.com\/wp-content\/uploads\/2024\/02\/super-hose-logo-producto.png 327w, https:\/\/superhosepty.com\/wp-content\/uploads\/2024\/02\/super-hose-logo-producto-64x12.png 64w, https:\/\/superhosepty.com\/wp-content\/uploads\/2024\/02\/super-hose-logo-producto-300x56.png 300w, https:\/\/superhosepty.com\/wp-content\/uploads\/2024\/02\/super-hose-logo-producto-18x3.png 18w\" sizes=\"(max-width: 327px) 100vw, 327px\" \/>\t\t\t\t\t\t\t\t\t\t\t\t\t\t\t<\/div>\n\t\t\t\t<\/div>\n\t\t\t\t<div class=\"elementor-element elementor-element-1c8fef5 elementor-widget elementor-widget-text-editor\" data-id=\"1c8fef5\" data-element_type=\"widget\" data-widget_type=\"text-editor.default\">\n\t\t\t\t<div class=\"elementor-widget-container\">\n\t\t\t\t\t\t\t\t\t<p>En Super Hose cumplimos con los est\u00e1ndares y normativas internacionales, nuestras mangueras te brindar\u00e1n confiabilidad a mejor precio, siendo tu asesor log\u00edstico de acuerdo con tus necesidades.<\/p><p>We have industrial, hydraulic and automotive hoses.<\/p>\t\t\t\t\t\t\t\t<\/div>\n\t\t\t\t<\/div>\n\t\t\t\t<div class=\"elementor-element elementor-element-c595c2d elementor-widget elementor-widget-image\" data-id=\"c595c2d\" data-element_type=\"widget\" data-widget_type=\"image.default\">\n\t\t\t\t<div class=\"elementor-widget-container\">\n\t\t\t\t\t\t\t\t\t\t\t\t\t\t\t<img fetchpriority=\"high\" decoding=\"async\" width=\"800\" height=\"269\" src=\"https:\/\/superhosepty.com\/wp-content\/uploads\/2024\/02\/super-hose-producto-1.png\" class=\"attachment-large size-large wp-image-1605\" alt=\"\" srcset=\"https:\/\/superhosepty.com\/wp-content\/uploads\/2024\/02\/super-hose-producto-1.png 800w, https:\/\/superhosepty.com\/wp-content\/uploads\/2024\/02\/super-hose-producto-1-600x202.png 600w, https:\/\/superhosepty.com\/wp-content\/uploads\/2024\/02\/super-hose-producto-1-64x22.png 64w, https:\/\/superhosepty.com\/wp-content\/uploads\/2024\/02\/super-hose-producto-1-300x101.png 300w, https:\/\/superhosepty.com\/wp-content\/uploads\/2024\/02\/super-hose-producto-1-768x258.png 768w, https:\/\/superhosepty.com\/wp-content\/uploads\/2024\/02\/super-hose-producto-1-18x6.png 18w\" sizes=\"(max-width: 800px) 100vw, 800px\" \/>\t\t\t\t\t\t\t\t\t\t\t\t\t\t\t<\/div>\n\t\t\t\t<\/div>\n\t\t\t\t\t<\/div>\n\t\t<\/div>\n\t\t\t\t\t<\/div>\n\t\t<\/section>\n\t\t\t\t<section class=\"elementor-section elementor-top-section elementor-element elementor-element-5a29966 elementor-section-boxed elementor-section-height-default elementor-section-height-default\" data-id=\"5a29966\" data-element_type=\"section\">\n\t\t\t\t\t\t<div class=\"elementor-container elementor-column-gap-default\">\n\t\t\t\t\t<div class=\"elementor-column elementor-col-25 elementor-top-column elementor-element elementor-element-df9c926\" data-id=\"df9c926\" data-element_type=\"column\">\n\t\t\t<div class=\"elementor-widget-wrap elementor-element-populated\">\n\t\t\t\t\t\t<div class=\"elementor-element elementor-element-4ee771e elementor-widget elementor-widget-image\" data-id=\"4ee771e\" data-element_type=\"widget\" data-widget_type=\"image.default\">\n\t\t\t\t<div class=\"elementor-widget-container\">\n\t\t\t\t\t\t\t\t\t\t\t\t\t\t\t<img decoding=\"async\" width=\"500\" height=\"500\" src=\"https:\/\/superhosepty.com\/wp-content\/uploads\/2024\/10\/pngegg.png\" class=\"attachment-large size-large wp-image-2038\" alt=\"\" srcset=\"https:\/\/superhosepty.com\/wp-content\/uploads\/2024\/10\/pngegg.png 500w, https:\/\/superhosepty.com\/wp-content\/uploads\/2024\/10\/pngegg-300x300.png 300w, https:\/\/superhosepty.com\/wp-content\/uploads\/2024\/10\/pngegg-150x150.png 150w, https:\/\/superhosepty.com\/wp-content\/uploads\/2024\/10\/pngegg-12x12.png 12w, https:\/\/superhosepty.com\/wp-content\/uploads\/2024\/10\/pngegg-400x400.png 400w, https:\/\/superhosepty.com\/wp-content\/uploads\/2024\/10\/pngegg-100x100.png 100w, https:\/\/superhosepty.com\/wp-content\/uploads\/2024\/10\/pngegg-64x64.png 64w\" sizes=\"(max-width: 500px) 100vw, 500px\" \/>\t\t\t\t\t\t\t\t\t\t\t\t\t\t\t<\/div>\n\t\t\t\t<\/div>\n\t\t\t\t\t<\/div>\n\t\t<\/div>\n\t\t\t\t<div class=\"elementor-column elementor-col-25 elementor-top-column elementor-element elementor-element-d75c2c7\" data-id=\"d75c2c7\" data-element_type=\"column\">\n\t\t\t<div class=\"elementor-widget-wrap elementor-element-populated\">\n\t\t\t\t\t\t<div class=\"elementor-element elementor-element-b886e74 elementor-widget elementor-widget-image\" data-id=\"b886e74\" data-element_type=\"widget\" data-widget_type=\"image.default\">\n\t\t\t\t<div class=\"elementor-widget-container\">\n\t\t\t\t\t\t\t\t\t\t\t\t\t\t\t<img loading=\"lazy\" decoding=\"async\" width=\"275\" height=\"260\" src=\"https:\/\/superhosepty.com\/wp-content\/uploads\/2024\/10\/PEI.png\" class=\"attachment-large size-large wp-image-2039\" alt=\"\" srcset=\"https:\/\/superhosepty.com\/wp-content\/uploads\/2024\/10\/PEI.png 275w, https:\/\/superhosepty.com\/wp-content\/uploads\/2024\/10\/PEI-13x12.png 13w, https:\/\/superhosepty.com\/wp-content\/uploads\/2024\/10\/PEI-64x61.png 64w\" sizes=\"(max-width: 275px) 100vw, 275px\" \/>\t\t\t\t\t\t\t\t\t\t\t\t\t\t\t<\/div>\n\t\t\t\t<\/div>\n\t\t\t\t\t<\/div>\n\t\t<\/div>\n\t\t\t\t<div class=\"elementor-column elementor-col-25 elementor-top-column elementor-element elementor-element-7611524\" data-id=\"7611524\" data-element_type=\"column\">\n\t\t\t<div class=\"elementor-widget-wrap elementor-element-populated\">\n\t\t\t\t\t\t<div class=\"elementor-element elementor-element-d3af462 elementor-widget elementor-widget-image\" data-id=\"d3af462\" data-element_type=\"widget\" data-widget_type=\"image.default\">\n\t\t\t\t<div class=\"elementor-widget-container\">\n\t\t\t\t\t\t\t\t\t\t\t\t\t\t\t<img loading=\"lazy\" decoding=\"async\" width=\"800\" height=\"437\" src=\"https:\/\/superhosepty.com\/wp-content\/uploads\/2024\/10\/NAHAD.jpg\" class=\"attachment-large size-large wp-image-2040\" alt=\"\" srcset=\"https:\/\/superhosepty.com\/wp-content\/uploads\/2024\/10\/NAHAD.jpg 876w, https:\/\/superhosepty.com\/wp-content\/uploads\/2024\/10\/NAHAD-300x164.jpg 300w, https:\/\/superhosepty.com\/wp-content\/uploads\/2024\/10\/NAHAD-768x419.jpg 768w, https:\/\/superhosepty.com\/wp-content\/uploads\/2024\/10\/NAHAD-18x10.jpg 18w, https:\/\/superhosepty.com\/wp-content\/uploads\/2024\/10\/NAHAD-600x327.jpg 600w, https:\/\/superhosepty.com\/wp-content\/uploads\/2024\/10\/NAHAD-64x35.jpg 64w\" sizes=\"(max-width: 800px) 100vw, 800px\" \/>\t\t\t\t\t\t\t\t\t\t\t\t\t\t\t<\/div>\n\t\t\t\t<\/div>\n\t\t\t\t\t<\/div>\n\t\t<\/div>\n\t\t\t\t<div class=\"elementor-column elementor-col-25 elementor-top-column elementor-element elementor-element-aca5c82\" data-id=\"aca5c82\" data-element_type=\"column\">\n\t\t\t<div class=\"elementor-widget-wrap elementor-element-populated\">\n\t\t\t\t\t\t<div class=\"elementor-element elementor-element-a2cd043 elementor-widget elementor-widget-image\" data-id=\"a2cd043\" data-element_type=\"widget\" data-widget_type=\"image.default\">\n\t\t\t\t<div class=\"elementor-widget-container\">\n\t\t\t\t\t\t\t\t\t\t\t\t\t\t\t<img loading=\"lazy\" decoding=\"async\" width=\"450\" height=\"200\" src=\"https:\/\/superhosepty.com\/wp-content\/uploads\/2024\/10\/HSI.png\" class=\"attachment-large size-large wp-image-2041\" alt=\"\" srcset=\"https:\/\/superhosepty.com\/wp-content\/uploads\/2024\/10\/HSI.png 450w, https:\/\/superhosepty.com\/wp-content\/uploads\/2024\/10\/HSI-300x133.png 300w, https:\/\/superhosepty.com\/wp-content\/uploads\/2024\/10\/HSI-18x8.png 18w, https:\/\/superhosepty.com\/wp-content\/uploads\/2024\/10\/HSI-64x28.png 64w\" sizes=\"(max-width: 450px) 100vw, 450px\" \/>\t\t\t\t\t\t\t\t\t\t\t\t\t\t\t<\/div>\n\t\t\t\t<\/div>\n\t\t\t\t\t<\/div>\n\t\t<\/div>\n\t\t\t\t\t<\/div>\n\t\t<\/section>\n\t\t\t\t<section class=\"elementor-section elementor-top-section elementor-element elementor-element-741a100 elementor-section-boxed elementor-section-height-default elementor-section-height-default\" data-id=\"741a100\" data-element_type=\"section\">\n\t\t\t\t\t\t<div class=\"elementor-container elementor-column-gap-default\">\n\t\t\t\t\t<div class=\"elementor-column elementor-col-100 elementor-top-column elementor-element elementor-element-519bf83\" data-id=\"519bf83\" data-element_type=\"column\">\n\t\t\t<div class=\"elementor-widget-wrap elementor-element-populated\">\n\t\t\t\t\t\t<div class=\"elementor-element elementor-element-f5e04a2 elementor-align-center elementor-widget elementor-widget-button\" data-id=\"f5e04a2\" data-element_type=\"widget\" data-widget_type=\"button.default\">\n\t\t\t\t<div class=\"elementor-widget-container\">\n\t\t\t\t\t\t\t\t\t<div class=\"elementor-button-wrapper\">\n\t\t\t\t\t<a class=\"elementor-button elementor-button-link elementor-size-sm\" href=\"https:\/\/superhosepty.com\/en\/catalogs\/\">\n\t\t\t\t\t\t<span class=\"elementor-button-content-wrapper\">\n\t\t\t\t\t\t\t\t\t<span class=\"elementor-button-text\">Ver Cat\u00e1logos<\/span>\n\t\t\t\t\t<\/span>\n\t\t\t\t\t<\/a>\n\t\t\t\t<\/div>\n\t\t\t\t\t\t\t\t<\/div>\n\t\t\t\t<\/div>\n\t\t\t\t\t<\/div>\n\t\t<\/div>\n\t\t\t\t\t<\/div>\n\t\t<\/section>\n\t\t\t\t<\/div>","protected":false},"excerpt":{"rendered":"<p>En Super Hose cumplimos con los est\u00e1ndares y normativas internacionales, nuestras mangueras te brindar\u00e1n confiabilidad a mejor precio, siendo tu asesor log\u00edstico de acuerdo con tus necesidades. Contamos con mangueras industriales, hidr\u00e1ulicas y automotrices. Ver Cat\u00e1logos<\/p>","protected":false},"author":4,"featured_media":0,"parent":0,"menu_order":0,"comment_status":"closed","ping_status":"closed","template":"elementor_header_footer","meta":{"footnotes":""},"class_list":["post-1530","page","type-page","status-publish","hentry"],"aioseo_notices":[],"_links":{"self":[{"href":"https:\/\/superhosepty.com\/en\/wp-json\/wp\/v2\/pages\/1530","targetHints":{"allow":["GET"]}}],"collection":[{"href":"https:\/\/superhosepty.com\/en\/wp-json\/wp\/v2\/pages"}],"about":[{"href":"https:\/\/superhosepty.com\/en\/wp-json\/wp\/v2\/types\/page"}],"author":[{"embeddable":true,"href":"https:\/\/superhosepty.com\/en\/wp-json\/wp\/v2\/users\/4"}],"replies":[{"embeddable":true,"href":"https:\/\/superhosepty.com\/en\/wp-json\/wp\/v2\/comments?post=1530"}],"version-history":[{"count":0,"href":"https:\/\/superhosepty.com\/en\/wp-json\/wp\/v2\/pages\/1530\/revisions"}],"wp:attachment":[{"href":"https:\/\/superhosepty.com\/en\/wp-json\/wp\/v2\/media?parent=1530"}],"curies":[{"name":"wp","href":"https:\/\/api.w.org\/{rel}","templated":true}]}}