{"id":270,"date":"2023-09-10T21:51:50","date_gmt":"2023-09-10T21:51:50","guid":{"rendered":"https:\/\/superhosepty.com\/?page_id=270"},"modified":"2025-02-19T17:06:02","modified_gmt":"2025-02-19T17:06:02","slug":"about-super-hose","status":"publish","type":"page","link":"https:\/\/superhosepty.com\/en\/about-super-hose\/","title":{"rendered":"ABOUT SUPER HOSE"},"content":{"rendered":"<div data-elementor-type=\"wp-page\" data-elementor-id=\"270\" class=\"elementor elementor-270\" data-elementor-post-type=\"page\">\n\t\t\t\t\t\t<section class=\"elementor-section elementor-top-section elementor-element elementor-element-3602a24b elementor-section-boxed elementor-section-height-default elementor-section-height-default\" data-id=\"3602a24b\" data-element_type=\"section\" data-settings=\"{&quot;background_background&quot;:&quot;classic&quot;}\">\n\t\t\t\t\t\t\t<div class=\"elementor-background-overlay\"><\/div>\n\t\t\t\t\t\t\t<div class=\"elementor-container elementor-column-gap-no\">\n\t\t\t\t\t<div class=\"elementor-column elementor-col-100 elementor-top-column elementor-element elementor-element-107b5a9d\" data-id=\"107b5a9d\" data-element_type=\"column\" data-settings=\"{&quot;background_background&quot;:&quot;classic&quot;}\">\n\t\t\t<div class=\"elementor-widget-wrap elementor-element-populated\">\n\t\t\t\t\t\t\t<\/div>\n\t\t<\/div>\n\t\t\t\t\t<\/div>\n\t\t<\/section>\n\t\t\t\t<section class=\"elementor-section elementor-top-section elementor-element elementor-element-75cd08a elementor-section-boxed elementor-section-height-default elementor-section-height-default\" data-id=\"75cd08a\" data-element_type=\"section\" data-settings=\"{&quot;background_background&quot;:&quot;classic&quot;}\">\n\t\t\t\t\t\t\t<div class=\"elementor-background-overlay\"><\/div>\n\t\t\t\t\t\t\t<div class=\"elementor-container elementor-column-gap-no\">\n\t\t\t\t\t<div class=\"elementor-column elementor-col-100 elementor-top-column elementor-element elementor-element-88f3ce4\" data-id=\"88f3ce4\" data-element_type=\"column\">\n\t\t\t<div class=\"elementor-widget-wrap elementor-element-populated\">\n\t\t\t\t\t\t<div class=\"elementor-element elementor-element-cca477c elementor-widget elementor-widget-heading\" data-id=\"cca477c\" data-element_type=\"widget\" data-widget_type=\"heading.default\">\n\t\t\t\t<div class=\"elementor-widget-container\">\n\t\t\t\t\t<h3 class=\"elementor-heading-title elementor-size-default\">At Super Hose<\/h3>\t\t\t\t<\/div>\n\t\t\t\t<\/div>\n\t\t\t\t<div class=\"elementor-element elementor-element-2a253b2 elementor-widget elementor-widget-text-editor\" data-id=\"2a253b2\" data-element_type=\"widget\" data-widget_type=\"text-editor.default\">\n\t\t\t\t<div class=\"elementor-widget-container\">\n\t\t\t\t\t\t\t\t\t<p>From our technical, commercial, and logistical departments, we provide support at every stage of the purchasing process, and we will always accompany you in your daily tasks for whatever you may need.<\/p>\t\t\t\t\t\t\t\t<\/div>\n\t\t\t\t<\/div>\n\t\t\t\t<section class=\"elementor-section elementor-inner-section elementor-element elementor-element-42a10d2 elementor-section-boxed elementor-section-height-default elementor-section-height-default\" data-id=\"42a10d2\" data-element_type=\"section\">\n\t\t\t\t\t\t\t<div class=\"elementor-background-overlay\"><\/div>\n\t\t\t\t\t\t\t<div class=\"elementor-container elementor-column-gap-no\">\n\t\t\t\t\t<div class=\"elementor-column elementor-col-100 elementor-inner-column elementor-element elementor-element-80c51e8\" data-id=\"80c51e8\" data-element_type=\"column\">\n\t\t\t<div class=\"elementor-widget-wrap elementor-element-populated\">\n\t\t\t\t\t\t<div class=\"elementor-element elementor-element-aacf0e1 elementor-widget elementor-widget-image\" data-id=\"aacf0e1\" data-element_type=\"widget\" data-widget_type=\"image.default\">\n\t\t\t\t<div class=\"elementor-widget-container\">\n\t\t\t\t\t\t\t\t\t\t\t\t\t\t\t<img fetchpriority=\"high\" decoding=\"async\" width=\"1046\" height=\"622\" src=\"https:\/\/superhosepty.com\/wp-content\/uploads\/2024\/01\/Van.jpg\" class=\"attachment-full size-full wp-image-1288\" alt=\"\" srcset=\"https:\/\/superhosepty.com\/wp-content\/uploads\/2024\/01\/Van.jpg 1046w, https:\/\/superhosepty.com\/wp-content\/uploads\/2024\/01\/Van-600x357.jpg 600w, https:\/\/superhosepty.com\/wp-content\/uploads\/2024\/01\/Van-64x38.jpg 64w, https:\/\/superhosepty.com\/wp-content\/uploads\/2024\/01\/Van-300x178.jpg 300w, https:\/\/superhosepty.com\/wp-content\/uploads\/2024\/01\/Van-1024x609.jpg 1024w, https:\/\/superhosepty.com\/wp-content\/uploads\/2024\/01\/Van-768x457.jpg 768w, https:\/\/superhosepty.com\/wp-content\/uploads\/2024\/01\/Van-18x12.jpg 18w\" sizes=\"(max-width: 1046px) 100vw, 1046px\" \/>\t\t\t\t\t\t\t\t\t\t\t\t\t\t\t<\/div>\n\t\t\t\t<\/div>\n\t\t\t\t\t<\/div>\n\t\t<\/div>\n\t\t\t\t\t<\/div>\n\t\t<\/section>\n\t\t\t\t\t<\/div>\n\t\t<\/div>\n\t\t\t\t\t<\/div>\n\t\t<\/section>\n\t\t\t\t<section class=\"elementor-section elementor-top-section elementor-element elementor-element-e76f5d6 elementor-section-boxed elementor-section-height-default elementor-section-height-default\" data-id=\"e76f5d6\" data-element_type=\"section\">\n\t\t\t\t\t\t<div class=\"elementor-container elementor-column-gap-default\">\n\t\t\t\t\t<div class=\"elementor-column elementor-col-100 elementor-top-column elementor-element elementor-element-3007be3\" data-id=\"3007be3\" data-element_type=\"column\">\n\t\t\t<div class=\"elementor-widget-wrap elementor-element-populated\">\n\t\t\t\t\t\t<div class=\"elementor-element elementor-element-76d2f72 elementor-widget elementor-widget-heading\" data-id=\"76d2f72\" data-element_type=\"widget\" data-widget_type=\"heading.default\">\n\t\t\t\t<div class=\"elementor-widget-container\">\n\t\t\t\t\t<h3 class=\"elementor-heading-title elementor-size-default\">COUNTRIES WHERE WE ARE PRESENT<\/h3>\t\t\t\t<\/div>\n\t\t\t\t<\/div>\n\t\t\t\t<div class=\"elementor-element elementor-element-427f0ea elementor-widget elementor-widget-text-editor\" data-id=\"427f0ea\" data-element_type=\"widget\" data-widget_type=\"text-editor.default\">\n\t\t\t\t<div class=\"elementor-widget-container\">\n\t\t\t\t\t\t\t\t\t<p>We are the Master Distributor for Central America and the Caribbean of prestigious and high-quality brands, offering the best service according to your needs.<\/p>\t\t\t\t\t\t\t\t<\/div>\n\t\t\t\t<\/div>\n\t\t\t\t\t<\/div>\n\t\t<\/div>\n\t\t\t\t\t<\/div>\n\t\t<\/section>\n\t\t\t\t<section class=\"elementor-section elementor-top-section elementor-element elementor-element-c42ad52 elementor-section-full_width elementor-section-height-default elementor-section-height-default\" data-id=\"c42ad52\" data-element_type=\"section\" data-settings=\"{&quot;background_background&quot;:&quot;classic&quot;}\">\n\t\t\t\t\t\t<div class=\"elementor-container elementor-column-gap-default\">\n\t\t\t\t\t<div class=\"elementor-column elementor-col-100 elementor-top-column elementor-element elementor-element-8c3b7cb\" data-id=\"8c3b7cb\" data-element_type=\"column\">\n\t\t\t<div class=\"elementor-widget-wrap elementor-element-populated\">\n\t\t\t\t\t\t<div class=\"elementor-element elementor-element-57f55b9 elementor-widget elementor-widget-image\" data-id=\"57f55b9\" data-element_type=\"widget\" data-widget_type=\"image.default\">\n\t\t\t\t<div class=\"elementor-widget-container\">\n\t\t\t\t\t\t\t\t\t\t\t\t\t\t\t<img decoding=\"async\" width=\"1400\" height=\"765\" src=\"https:\/\/superhosepty.com\/wp-content\/uploads\/2024\/01\/super-hose_banner3.jpg\" class=\"attachment-full size-full wp-image-1587\" alt=\"\" srcset=\"https:\/\/superhosepty.com\/wp-content\/uploads\/2024\/01\/super-hose_banner3.jpg 1400w, https:\/\/superhosepty.com\/wp-content\/uploads\/2024\/01\/super-hose_banner3-600x328.jpg 600w, https:\/\/superhosepty.com\/wp-content\/uploads\/2024\/01\/super-hose_banner3-64x35.jpg 64w, https:\/\/superhosepty.com\/wp-content\/uploads\/2024\/01\/super-hose_banner3-300x164.jpg 300w, https:\/\/superhosepty.com\/wp-content\/uploads\/2024\/01\/super-hose_banner3-1024x560.jpg 1024w, https:\/\/superhosepty.com\/wp-content\/uploads\/2024\/01\/super-hose_banner3-768x420.jpg 768w, https:\/\/superhosepty.com\/wp-content\/uploads\/2024\/01\/super-hose_banner3-18x10.jpg 18w\" sizes=\"(max-width: 1400px) 100vw, 1400px\" \/>\t\t\t\t\t\t\t\t\t\t\t\t\t\t\t<\/div>\n\t\t\t\t<\/div>\n\t\t\t\t\t<\/div>\n\t\t<\/div>\n\t\t\t\t\t<\/div>\n\t\t<\/section>\n\t\t\t\t<section class=\"elementor-section elementor-top-section elementor-element elementor-element-ece18ca elementor-section-boxed elementor-section-height-default elementor-section-height-default\" data-id=\"ece18ca\" data-element_type=\"section\">\n\t\t\t\t\t\t<div class=\"elementor-container elementor-column-gap-default\">\n\t\t\t\t\t<div class=\"elementor-column elementor-col-100 elementor-top-column elementor-element elementor-element-2fd8d3e\" data-id=\"2fd8d3e\" data-element_type=\"column\">\n\t\t\t<div class=\"elementor-widget-wrap elementor-element-populated\">\n\t\t\t\t\t\t<div class=\"elementor-element elementor-element-ff98307 elementor-widget elementor-widget-image\" data-id=\"ff98307\" data-element_type=\"widget\" data-widget_type=\"image.default\">\n\t\t\t\t<div class=\"elementor-widget-container\">\n\t\t\t\t\t\t\t\t\t\t\t\t\t\t\t<img decoding=\"async\" width=\"1280\" height=\"720\" src=\"https:\/\/superhosepty.com\/wp-content\/uploads\/2025\/02\/Organigrama-SH.jpg\" class=\"attachment-full size-full wp-image-2067\" alt=\"\" srcset=\"https:\/\/superhosepty.com\/wp-content\/uploads\/2025\/02\/Organigrama-SH.jpg 1280w, https:\/\/superhosepty.com\/wp-content\/uploads\/2025\/02\/Organigrama-SH-300x169.jpg 300w, https:\/\/superhosepty.com\/wp-content\/uploads\/2025\/02\/Organigrama-SH-1024x576.jpg 1024w, https:\/\/superhosepty.com\/wp-content\/uploads\/2025\/02\/Organigrama-SH-768x432.jpg 768w, https:\/\/superhosepty.com\/wp-content\/uploads\/2025\/02\/Organigrama-SH-18x10.jpg 18w, https:\/\/superhosepty.com\/wp-content\/uploads\/2025\/02\/Organigrama-SH-600x338.jpg 600w, https:\/\/superhosepty.com\/wp-content\/uploads\/2025\/02\/Organigrama-SH-64x36.jpg 64w\" sizes=\"(max-width: 1280px) 100vw, 1280px\" \/>\t\t\t\t\t\t\t\t\t\t\t\t\t\t\t<\/div>\n\t\t\t\t<\/div>\n\t\t\t\t\t<\/div>\n\t\t<\/div>\n\t\t\t\t\t<\/div>\n\t\t<\/section>\n\t\t\t\t<section class=\"elementor-section elementor-top-section elementor-element elementor-element-e835b42 elementor-section-boxed elementor-section-height-default elementor-section-height-default\" data-id=\"e835b42\" data-element_type=\"section\" data-settings=\"{&quot;background_background&quot;:&quot;classic&quot;}\">\n\t\t\t\t\t\t\t<div class=\"elementor-background-overlay\"><\/div>\n\t\t\t\t\t\t\t<div class=\"elementor-container elementor-column-gap-no\">\n\t\t\t\t\t<div class=\"elementor-column elementor-col-100 elementor-top-column elementor-element elementor-element-586ade9\" data-id=\"586ade9\" data-element_type=\"column\">\n\t\t\t<div class=\"elementor-widget-wrap elementor-element-populated\">\n\t\t\t\t\t\t<section class=\"elementor-section elementor-inner-section elementor-element elementor-element-ad880ad elementor-section-boxed elementor-section-height-default elementor-section-height-default\" data-id=\"ad880ad\" data-element_type=\"section\">\n\t\t\t\t\t\t<div class=\"elementor-container elementor-column-gap-no\">\n\t\t\t\t\t<div class=\"elementor-column elementor-col-50 elementor-inner-column elementor-element elementor-element-3edef55\" data-id=\"3edef55\" data-element_type=\"column\">\n\t\t\t<div class=\"elementor-widget-wrap elementor-element-populated\">\n\t\t\t\t\t\t<section class=\"elementor-section elementor-inner-section elementor-element elementor-element-232b72e elementor-section-boxed elementor-section-height-default elementor-section-height-default\" data-id=\"232b72e\" data-element_type=\"section\">\n\t\t\t\t\t\t<div class=\"elementor-container elementor-column-gap-no\">\n\t\t\t\t\t<div class=\"elementor-column elementor-col-100 elementor-inner-column elementor-element elementor-element-b202d6b\" data-id=\"b202d6b\" data-element_type=\"column\" data-settings=\"{&quot;background_background&quot;:&quot;classic&quot;}\">\n\t\t\t<div class=\"elementor-widget-wrap elementor-element-populated\">\n\t\t\t\t\t\t<div class=\"elementor-element elementor-element-056557a elementor-view-stacked elementor-position-left elementor-shape-circle elementor-mobile-position-top elementor-widget elementor-widget-icon-box\" data-id=\"056557a\" data-element_type=\"widget\" data-widget_type=\"icon-box.default\">\n\t\t\t\t<div class=\"elementor-widget-container\">\n\t\t\t\t\t\t\t<div class=\"elementor-icon-box-wrapper\">\n\n\t\t\t\t\t\t<div class=\"elementor-icon-box-icon\">\n\t\t\t\t<span  class=\"elementor-icon\">\n\t\t\t\t<i aria-hidden=\"true\" class=\"far fa-handshake\"><\/i>\t\t\t\t<\/span>\n\t\t\t<\/div>\n\t\t\t\n\t\t\t\t\t\t<div class=\"elementor-icon-box-content\">\n\n\t\t\t\t\t\t\t\t\t<h4 class=\"elementor-icon-box-title\">\n\t\t\t\t\t\t<span  >\n\t\t\t\t\t\t\tMisi\u00f3n\t\t\t\t\t\t<\/span>\n\t\t\t\t\t<\/h4>\n\t\t\t\t\n\t\t\t\t\t\t\t\t\t<p class=\"elementor-icon-box-description\">\n\t\t\t\t\t\tSomos distribuidores de productos de alta gama, para las \u00e1reas industriales, neum\u00e1ticas, automotrices e hidr\u00e1ulicas,\n desarrollado por un talento humano con valores y conocimiento t\u00e9cnico, que nos distinguen y potencializan en el mercado internacional.\t\t\t\t\t<\/p>\n\t\t\t\t\n\t\t\t<\/div>\n\t\t\t\n\t\t<\/div>\n\t\t\t\t\t\t<\/div>\n\t\t\t\t<\/div>\n\t\t\t\t\t<\/div>\n\t\t<\/div>\n\t\t\t\t\t<\/div>\n\t\t<\/section>\n\t\t\t\t\t<\/div>\n\t\t<\/div>\n\t\t\t\t<div class=\"elementor-column elementor-col-50 elementor-inner-column elementor-element elementor-element-0a63407\" data-id=\"0a63407\" data-element_type=\"column\">\n\t\t\t<div class=\"elementor-widget-wrap elementor-element-populated\">\n\t\t\t\t\t\t<section class=\"elementor-section elementor-inner-section elementor-element elementor-element-31fce5f elementor-section-boxed elementor-section-height-default elementor-section-height-default\" data-id=\"31fce5f\" data-element_type=\"section\">\n\t\t\t\t\t\t<div class=\"elementor-container elementor-column-gap-no\">\n\t\t\t\t\t<div class=\"elementor-column elementor-col-100 elementor-inner-column elementor-element elementor-element-70b3f08\" data-id=\"70b3f08\" data-element_type=\"column\" data-settings=\"{&quot;background_background&quot;:&quot;classic&quot;}\">\n\t\t\t<div class=\"elementor-widget-wrap elementor-element-populated\">\n\t\t\t\t\t\t<div class=\"elementor-element elementor-element-4bf0d3b elementor-view-stacked elementor-position-left elementor-shape-circle elementor-mobile-position-top elementor-widget elementor-widget-icon-box\" data-id=\"4bf0d3b\" data-element_type=\"widget\" data-widget_type=\"icon-box.default\">\n\t\t\t\t<div class=\"elementor-widget-container\">\n\t\t\t\t\t\t\t<div class=\"elementor-icon-box-wrapper\">\n\n\t\t\t\t\t\t<div class=\"elementor-icon-box-icon\">\n\t\t\t\t<span  class=\"elementor-icon\">\n\t\t\t\t<i aria-hidden=\"true\" class=\"far fa-star\"><\/i>\t\t\t\t<\/span>\n\t\t\t<\/div>\n\t\t\t\n\t\t\t\t\t\t<div class=\"elementor-icon-box-content\">\n\n\t\t\t\t\t\t\t\t\t<h4 class=\"elementor-icon-box-title\">\n\t\t\t\t\t\t<span  >\n\t\t\t\t\t\t\tVisi\u00f3n\t\t\t\t\t\t<\/span>\n\t\t\t\t\t<\/h4>\n\t\t\t\t\n\t\t\t\t\t\t\t\t\t<p class=\"elementor-icon-box-description\">\n\t\t\t\t\t\tConvertirnos en la principal soluci\u00f3n t\u00e9cnica especializada de nuestros clientes, \na trav\u00e9s de excelencia y calidad en el servicio y productos.\t\t\t\t\t<\/p>\n\t\t\t\t\n\t\t\t<\/div>\n\t\t\t\n\t\t<\/div>\n\t\t\t\t\t\t<\/div>\n\t\t\t\t<\/div>\n\t\t\t\t\t<\/div>\n\t\t<\/div>\n\t\t\t\t\t<\/div>\n\t\t<\/section>\n\t\t\t\t\t<\/div>\n\t\t<\/div>\n\t\t\t\t\t<\/div>\n\t\t<\/section>\n\t\t\t\t<section class=\"elementor-section elementor-inner-section elementor-element elementor-element-235fb33 elementor-section-boxed elementor-section-height-default elementor-section-height-default\" data-id=\"235fb33\" data-element_type=\"section\">\n\t\t\t\t\t\t<div class=\"elementor-container elementor-column-gap-no\">\n\t\t\t\t\t<div class=\"elementor-column elementor-col-100 elementor-inner-column elementor-element elementor-element-22539ab\" data-id=\"22539ab\" data-element_type=\"column\">\n\t\t\t<div class=\"elementor-widget-wrap elementor-element-populated\">\n\t\t\t\t\t\t<div class=\"elementor-element elementor-element-51e4a37 elementor-widget elementor-widget-image\" data-id=\"51e4a37\" data-element_type=\"widget\" data-widget_type=\"image.default\">\n\t\t\t\t<div class=\"elementor-widget-container\">\n\t\t\t\t\t\t\t\t\t\t\t\t\t\t\t<img loading=\"lazy\" decoding=\"async\" width=\"1917\" height=\"368\" src=\"https:\/\/superhosepty.com\/wp-content\/uploads\/2024\/10\/Industrias.webp\" class=\"attachment-full size-full wp-image-1974\" alt=\"\" srcset=\"https:\/\/superhosepty.com\/wp-content\/uploads\/2024\/10\/Industrias.webp 1917w, https:\/\/superhosepty.com\/wp-content\/uploads\/2024\/10\/Industrias-300x58.webp 300w, https:\/\/superhosepty.com\/wp-content\/uploads\/2024\/10\/Industrias-1024x197.webp 1024w, https:\/\/superhosepty.com\/wp-content\/uploads\/2024\/10\/Industrias-768x147.webp 768w, https:\/\/superhosepty.com\/wp-content\/uploads\/2024\/10\/Industrias-1536x295.webp 1536w, https:\/\/superhosepty.com\/wp-content\/uploads\/2024\/10\/Industrias-18x3.webp 18w, https:\/\/superhosepty.com\/wp-content\/uploads\/2024\/10\/Industrias-600x115.webp 600w, https:\/\/superhosepty.com\/wp-content\/uploads\/2024\/10\/Industrias-64x12.webp 64w\" sizes=\"(max-width: 1917px) 100vw, 1917px\" \/>\t\t\t\t\t\t\t\t\t\t\t\t\t\t\t<\/div>\n\t\t\t\t<\/div>\n\t\t\t\t\t<\/div>\n\t\t<\/div>\n\t\t\t\t\t<\/div>\n\t\t<\/section>\n\t\t\t\t<section class=\"elementor-section elementor-inner-section elementor-element elementor-element-69bb941 elementor-section-boxed elementor-section-height-default elementor-section-height-default\" data-id=\"69bb941\" data-element_type=\"section\">\n\t\t\t\t\t\t<div class=\"elementor-container elementor-column-gap-default\">\n\t\t\t\t\t<div class=\"elementor-column elementor-col-25 elementor-inner-column elementor-element elementor-element-8e76ae6\" data-id=\"8e76ae6\" data-element_type=\"column\">\n\t\t\t<div class=\"elementor-widget-wrap elementor-element-populated\">\n\t\t\t\t\t\t<div class=\"elementor-element elementor-element-f609421 elementor-widget elementor-widget-image\" data-id=\"f609421\" data-element_type=\"widget\" data-widget_type=\"image.default\">\n\t\t\t\t<div class=\"elementor-widget-container\">\n\t\t\t\t\t\t\t\t\t\t\t\t\t\t\t<img loading=\"lazy\" decoding=\"async\" width=\"750\" height=\"172\" src=\"https:\/\/superhosepty.com\/wp-content\/uploads\/2023\/09\/continental-logo-oficial.png\" class=\"attachment-large size-large wp-image-1210\" alt=\"\" srcset=\"https:\/\/superhosepty.com\/wp-content\/uploads\/2023\/09\/continental-logo-oficial.png 750w, https:\/\/superhosepty.com\/wp-content\/uploads\/2023\/09\/continental-logo-oficial-600x138.png 600w, https:\/\/superhosepty.com\/wp-content\/uploads\/2023\/09\/continental-logo-oficial-64x15.png 64w, https:\/\/superhosepty.com\/wp-content\/uploads\/2023\/09\/continental-logo-oficial-300x69.png 300w, https:\/\/superhosepty.com\/wp-content\/uploads\/2023\/09\/continental-logo-oficial-18x4.png 18w\" sizes=\"(max-width: 750px) 100vw, 750px\" \/>\t\t\t\t\t\t\t\t\t\t\t\t\t\t\t<\/div>\n\t\t\t\t<\/div>\n\t\t\t\t\t<\/div>\n\t\t<\/div>\n\t\t\t\t<div class=\"elementor-column elementor-col-25 elementor-inner-column elementor-element elementor-element-5076d6b\" data-id=\"5076d6b\" data-element_type=\"column\">\n\t\t\t<div class=\"elementor-widget-wrap elementor-element-populated\">\n\t\t\t\t\t\t<div class=\"elementor-element elementor-element-915e6f6 elementor-widget elementor-widget-image\" data-id=\"915e6f6\" data-element_type=\"widget\" data-widget_type=\"image.default\">\n\t\t\t\t<div class=\"elementor-widget-container\">\n\t\t\t\t\t\t\t\t\t\t\t\t\t\t\t<img loading=\"lazy\" decoding=\"async\" width=\"750\" height=\"172\" src=\"https:\/\/superhosepty.com\/wp-content\/uploads\/2023\/09\/manuli-hydraulics-cr-logo-oficial.png\" class=\"attachment-large size-large wp-image-1265\" alt=\"\" srcset=\"https:\/\/superhosepty.com\/wp-content\/uploads\/2023\/09\/manuli-hydraulics-cr-logo-oficial.png 750w, https:\/\/superhosepty.com\/wp-content\/uploads\/2023\/09\/manuli-hydraulics-cr-logo-oficial-600x138.png 600w, https:\/\/superhosepty.com\/wp-content\/uploads\/2023\/09\/manuli-hydraulics-cr-logo-oficial-64x15.png 64w, https:\/\/superhosepty.com\/wp-content\/uploads\/2023\/09\/manuli-hydraulics-cr-logo-oficial-300x69.png 300w, https:\/\/superhosepty.com\/wp-content\/uploads\/2023\/09\/manuli-hydraulics-cr-logo-oficial-18x4.png 18w\" sizes=\"(max-width: 750px) 100vw, 750px\" \/>\t\t\t\t\t\t\t\t\t\t\t\t\t\t\t<\/div>\n\t\t\t\t<\/div>\n\t\t\t\t\t<\/div>\n\t\t<\/div>\n\t\t\t\t<div class=\"elementor-column elementor-col-25 elementor-inner-column elementor-element elementor-element-ef0d13a\" data-id=\"ef0d13a\" data-element_type=\"column\">\n\t\t\t<div class=\"elementor-widget-wrap elementor-element-populated\">\n\t\t\t\t\t\t<div class=\"elementor-element elementor-element-3c78a4b elementor-widget elementor-widget-image\" data-id=\"3c78a4b\" data-element_type=\"widget\" data-widget_type=\"image.default\">\n\t\t\t\t<div class=\"elementor-widget-container\">\n\t\t\t\t\t\t\t\t\t\t\t\t\t\t\t<img loading=\"lazy\" decoding=\"async\" width=\"800\" height=\"160\" src=\"https:\/\/superhosepty.com\/wp-content\/uploads\/2023\/09\/Super-Hose-Logo-light-bg.png\" class=\"attachment-large size-large wp-image-99\" alt=\"\" srcset=\"https:\/\/superhosepty.com\/wp-content\/uploads\/2023\/09\/Super-Hose-Logo-light-bg.png 800w, https:\/\/superhosepty.com\/wp-content\/uploads\/2023\/09\/Super-Hose-Logo-light-bg-600x120.png 600w, https:\/\/superhosepty.com\/wp-content\/uploads\/2023\/09\/Super-Hose-Logo-light-bg-64x13.png 64w, https:\/\/superhosepty.com\/wp-content\/uploads\/2023\/09\/Super-Hose-Logo-light-bg-300x60.png 300w, https:\/\/superhosepty.com\/wp-content\/uploads\/2023\/09\/Super-Hose-Logo-light-bg-768x154.png 768w, https:\/\/superhosepty.com\/wp-content\/uploads\/2023\/09\/Super-Hose-Logo-light-bg-18x4.png 18w\" sizes=\"(max-width: 800px) 100vw, 800px\" \/>\t\t\t\t\t\t\t\t\t\t\t\t\t\t\t<\/div>\n\t\t\t\t<\/div>\n\t\t\t\t\t<\/div>\n\t\t<\/div>\n\t\t\t\t<div class=\"elementor-column elementor-col-25 elementor-inner-column elementor-element elementor-element-67cd879\" data-id=\"67cd879\" data-element_type=\"column\">\n\t\t\t<div class=\"elementor-widget-wrap elementor-element-populated\">\n\t\t\t\t\t\t<div class=\"elementor-element elementor-element-5071878 elementor-widget elementor-widget-image\" data-id=\"5071878\" data-element_type=\"widget\" data-widget_type=\"image.default\">\n\t\t\t\t<div class=\"elementor-widget-container\">\n\t\t\t\t\t\t\t\t\t\t\t\t\t\t\t<img decoding=\"async\" src=\"https:\/\/superhosepty.com\/wp-content\/uploads\/elementor\/thumbs\/pt-logo-qiv10jjvvxif0uoojbvic1o94wy91uwpaxcsyryebk.png\" title=\"pt-logo\" alt=\"pt-logo\" loading=\"lazy\" \/>\t\t\t\t\t\t\t\t\t\t\t\t\t\t\t<\/div>\n\t\t\t\t<\/div>\n\t\t\t\t\t<\/div>\n\t\t<\/div>\n\t\t\t\t\t<\/div>\n\t\t<\/section>\n\t\t\t\t\t<\/div>\n\t\t<\/div>\n\t\t\t\t\t<\/div>\n\t\t<\/section>\n\t\t\t\t<\/div>","protected":false},"excerpt":{"rendered":"<p>En Super Hose Desde nuestra \u00e1rea t\u00e9cnica, comercial y log\u00edstica, brindamos soporte en cada etapa del proceso de compra y te acompa\u00f1amos siempre en tu labor diaria para lo que necesites. PAISES DONDE ESTAMOS PRESENTES Somos el Distribuidor Master para Centroam\u00e9rica y el Caribe de marcas prestigiosas y de alta calidad, ofreciendo el mejor servicio [&hellip;]<\/p>","protected":false},"author":2,"featured_media":0,"parent":0,"menu_order":0,"comment_status":"closed","ping_status":"closed","template":"","meta":{"footnotes":""},"class_list":["post-270","page","type-page","status-publish","hentry"],"aioseo_notices":[],"_links":{"self":[{"href":"https:\/\/superhosepty.com\/en\/wp-json\/wp\/v2\/pages\/270","targetHints":{"allow":["GET"]}}],"collection":[{"href":"https:\/\/superhosepty.com\/en\/wp-json\/wp\/v2\/pages"}],"about":[{"href":"https:\/\/superhosepty.com\/en\/wp-json\/wp\/v2\/types\/page"}],"author":[{"embeddable":true,"href":"https:\/\/superhosepty.com\/en\/wp-json\/wp\/v2\/users\/2"}],"replies":[{"embeddable":true,"href":"https:\/\/superhosepty.com\/en\/wp-json\/wp\/v2\/comments?post=270"}],"version-history":[{"count":3,"href":"https:\/\/superhosepty.com\/en\/wp-json\/wp\/v2\/pages\/270\/revisions"}],"predecessor-version":[{"id":2070,"href":"https:\/\/superhosepty.com\/en\/wp-json\/wp\/v2\/pages\/270\/revisions\/2070"}],"wp:attachment":[{"href":"https:\/\/superhosepty.com\/en\/wp-json\/wp\/v2\/media?parent=270"}],"curies":[{"name":"wp","href":"https:\/\/api.w.org\/{rel}","templated":true}]}}