{"id":312,"date":"2023-09-10T23:47:52","date_gmt":"2023-09-10T23:47:52","guid":{"rendered":"https:\/\/superhosepty.com\/?page_id=312"},"modified":"2024-02-01T20:34:34","modified_gmt":"2024-02-01T20:34:34","slug":"terms-and-conditions","status":"publish","type":"page","link":"https:\/\/superhosepty.com\/en\/terms-and-conditions\/","title":{"rendered":"Terms and Conditions"},"content":{"rendered":"<div data-elementor-type=\"wp-page\" data-elementor-id=\"312\" class=\"elementor elementor-312\" data-elementor-post-type=\"page\">\n\t\t\t\t\t\t<section class=\"elementor-section elementor-top-section elementor-element elementor-element-e6c4c96 elementor-section-boxed elementor-section-height-default elementor-section-height-default\" data-id=\"e6c4c96\" data-element_type=\"section\" data-settings=\"{&quot;background_background&quot;:&quot;classic&quot;}\">\n\t\t\t\t\t\t\t<div class=\"elementor-background-overlay\"><\/div>\n\t\t\t\t\t\t\t<div class=\"elementor-container elementor-column-gap-no\">\n\t\t\t\t\t<div class=\"elementor-column elementor-col-100 elementor-top-column elementor-element elementor-element-eb47f1a\" data-id=\"eb47f1a\" data-element_type=\"column\" data-settings=\"{&quot;background_background&quot;:&quot;classic&quot;}\">\n\t\t\t<div class=\"elementor-widget-wrap elementor-element-populated\">\n\t\t\t\t\t\t\t<\/div>\n\t\t<\/div>\n\t\t\t\t\t<\/div>\n\t\t<\/section>\n\t\t\t\t<section class=\"elementor-section elementor-top-section elementor-element elementor-element-61dda62d elementor-section-boxed elementor-section-height-default elementor-section-height-default\" data-id=\"61dda62d\" data-element_type=\"section\" data-settings=\"{&quot;background_background&quot;:&quot;classic&quot;}\">\n\t\t\t\t\t\t\t<div class=\"elementor-background-overlay\"><\/div>\n\t\t\t\t\t\t\t<div class=\"elementor-container elementor-column-gap-no\">\n\t\t\t\t\t<div class=\"elementor-column elementor-col-100 elementor-top-column elementor-element elementor-element-5bb6fdfe\" data-id=\"5bb6fdfe\" data-element_type=\"column\">\n\t\t\t<div class=\"elementor-widget-wrap elementor-element-populated\">\n\t\t\t\t\t\t<section class=\"elementor-section elementor-inner-section elementor-element elementor-element-3155fa2f elementor-section-boxed elementor-section-height-default elementor-section-height-default\" data-id=\"3155fa2f\" data-element_type=\"section\">\n\t\t\t\t\t\t<div class=\"elementor-container elementor-column-gap-default\">\n\t\t\t\t\t<div class=\"elementor-column elementor-col-100 elementor-inner-column elementor-element elementor-element-72bed71\" data-id=\"72bed71\" data-element_type=\"column\">\n\t\t\t<div class=\"elementor-widget-wrap elementor-element-populated\">\n\t\t\t\t\t\t<div class=\"elementor-element elementor-element-4eede19e elementor-widget elementor-widget-text-editor\" data-id=\"4eede19e\" data-element_type=\"widget\" data-widget_type=\"text-editor.default\">\n\t\t\t\t<div class=\"elementor-widget-container\">\n\t\t\t\t\t\t\t\t\t<p style=\"text-align: right\"><strong>Date of last update: 31.1.2024<\/strong><\/p><p>Welcome to SuperHose. These terms and conditions of use (\"Terms\") govern your access to and use of the SuperHose website, located at \u00c1rea Comercial, Coco Solito, Calle 6ta, Lot 21 to 26A. Antigua Bodega Vida Panama, on the road that connects both entrances, (blue and white building), Coco Solito, Colon Free Zone (\"Website\"). By accessing or using our Website, you agree to these Terms in their entirety. If you do not agree to these Terms, please do not use our Website.<\/p><ol><li><strong>General Information<\/strong><\/li><\/ol><p>SuperHose is an informational website that does not engage in sales. We provide information about products and services, but do not transact direct business through the Website.<\/p><ol start=\"2\"><li><strong>Intellectual Property<\/strong><\/li><\/ol><p>All content on SuperHose, including but not limited to text, graphics, logos, images and software, is copyrighted and belongs to SuperHose. You are not permitted to copy, reproduce, distribute or otherwise use the content without our express written consent.<\/p><ol start=\"3\"><li><strong>Proper Use of the Web Site<\/strong><\/li><\/ol><p>You agree to use the SuperHose Web Site in a legal and ethical manner. You must not engage in any activities that could damage, overburden, or adversely affect our Web Site. Use of the Web Site for illegal or unauthorized purposes is prohibited.<\/p><ol start=\"4\"><li><strong>Privacy<\/strong><\/li><\/ol><p>Our Privacy Policy, which can be found at [link to privacy policy], describes how we collect, use and share your information when you use our Website. By agreeing to these Terms, you also agree to our Privacy Policy.<\/p><ol start=\"5\"><li><strong>Third-Party Links<\/strong><\/li><\/ol><p>The Website may contain links to third party websites. These links are provided for your convenience only, and we do not endorse or control the content of these websites. We are not responsible for any damage or loss caused by or in connection with your use of these third party websites.<\/p><ol start=\"6\"><li><strong>Modifications of Terms<\/strong><\/li><\/ol><p>We reserve the right to modify these Terms at any time. Modifications will be effective immediately upon posting on the Website. It is your responsibility to periodically review the Terms to be informed of any changes.<\/p><ol start=\"7\"><li><strong>Contact<\/strong><\/li><\/ol><p>If you have any questions or concerns about these Terms, please contact us at <span class=\"elementor-icon-list-text\">info@superhosepty.com<\/span>.<\/p><p>By using the SuperHose Web Site, you confirm that you have read, understand and agree to be bound by these Terms and agree to comply with all applicable laws and regulations.<\/p>\t\t\t\t\t\t\t\t<\/div>\n\t\t\t\t<\/div>\n\t\t\t\t\t<\/div>\n\t\t<\/div>\n\t\t\t\t\t<\/div>\n\t\t<\/section>\n\t\t\t\t\t<\/div>\n\t\t<\/div>\n\t\t\t\t\t<\/div>\n\t\t<\/section>\n\t\t\t\t<\/div>","protected":false},"excerpt":{"rendered":"<p>Fecha de \u00faltima actualizaci\u00f3n: 31.1.2024 Bienvenido a SuperHose. Estos t\u00e9rminos y condiciones de uso (\u00abT\u00e9rminos\u00bb) regulan tu acceso y uso del sitio web de SuperHose, ubicado en \u00c1rea Comercial, Coco Solito, Calle 6ta. Lote 21 a 26A. Antigua Bodega Vida Panam\u00e1, sobre la v\u00eda que conecta ambas entradas, (edificio color azul con blanco), Coco solito, [&hellip;]<\/p>","protected":false},"author":2,"featured_media":0,"parent":0,"menu_order":0,"comment_status":"closed","ping_status":"closed","template":"","meta":{"footnotes":""},"class_list":["post-312","page","type-page","status-publish","hentry"],"aioseo_notices":[],"_links":{"self":[{"href":"https:\/\/superhosepty.com\/en\/wp-json\/wp\/v2\/pages\/312","targetHints":{"allow":["GET"]}}],"collection":[{"href":"https:\/\/superhosepty.com\/en\/wp-json\/wp\/v2\/pages"}],"about":[{"href":"https:\/\/superhosepty.com\/en\/wp-json\/wp\/v2\/types\/page"}],"author":[{"embeddable":true,"href":"https:\/\/superhosepty.com\/en\/wp-json\/wp\/v2\/users\/2"}],"replies":[{"embeddable":true,"href":"https:\/\/superhosepty.com\/en\/wp-json\/wp\/v2\/comments?post=312"}],"version-history":[{"count":0,"href":"https:\/\/superhosepty.com\/en\/wp-json\/wp\/v2\/pages\/312\/revisions"}],"wp:attachment":[{"href":"https:\/\/superhosepty.com\/en\/wp-json\/wp\/v2\/media?parent=312"}],"curies":[{"name":"wp","href":"https:\/\/api.w.org\/{rel}","templated":true}]}}