{"id":322,"date":"2023-09-11T00:02:09","date_gmt":"2023-09-11T00:02:09","guid":{"rendered":"https:\/\/superhosepty.com\/?page_id=322"},"modified":"2023-09-14T13:41:21","modified_gmt":"2023-09-14T13:41:21","slug":"cancellation-policy","status":"publish","type":"page","link":"https:\/\/superhosepty.com\/en\/cancellation-policy\/","title":{"rendered":"Cancellation Policy"},"content":{"rendered":"<div data-elementor-type=\"wp-page\" data-elementor-id=\"322\" class=\"elementor elementor-322\" data-elementor-post-type=\"page\">\n\t\t\t\t\t\t<section class=\"elementor-section elementor-top-section elementor-element elementor-element-b0fd3c2 elementor-section-boxed elementor-section-height-default elementor-section-height-default\" data-id=\"b0fd3c2\" data-element_type=\"section\" data-settings=\"{&quot;background_background&quot;:&quot;classic&quot;}\">\n\t\t\t\t\t\t\t<div class=\"elementor-background-overlay\"><\/div>\n\t\t\t\t\t\t\t<div class=\"elementor-container elementor-column-gap-no\">\n\t\t\t\t\t<div class=\"elementor-column elementor-col-100 elementor-top-column elementor-element elementor-element-fdaa8a3\" data-id=\"fdaa8a3\" data-element_type=\"column\" data-settings=\"{&quot;background_background&quot;:&quot;classic&quot;}\">\n\t\t\t<div class=\"elementor-widget-wrap elementor-element-populated\">\n\t\t\t\t\t\t\t<\/div>\n\t\t<\/div>\n\t\t\t\t\t<\/div>\n\t\t<\/section>\n\t\t\t\t<section class=\"elementor-section elementor-top-section elementor-element elementor-element-61dda62d elementor-section-boxed elementor-section-height-default elementor-section-height-default\" data-id=\"61dda62d\" data-element_type=\"section\" data-settings=\"{&quot;background_background&quot;:&quot;classic&quot;}\">\n\t\t\t\t\t\t\t<div class=\"elementor-background-overlay\"><\/div>\n\t\t\t\t\t\t\t<div class=\"elementor-container elementor-column-gap-no\">\n\t\t\t\t\t<div class=\"elementor-column elementor-col-100 elementor-top-column elementor-element elementor-element-5bb6fdfe\" data-id=\"5bb6fdfe\" data-element_type=\"column\">\n\t\t\t<div class=\"elementor-widget-wrap elementor-element-populated\">\n\t\t\t\t\t\t<section class=\"elementor-section elementor-inner-section elementor-element elementor-element-3155fa2f elementor-section-boxed elementor-section-height-default elementor-section-height-default\" data-id=\"3155fa2f\" data-element_type=\"section\">\n\t\t\t\t\t\t<div class=\"elementor-container elementor-column-gap-default\">\n\t\t\t\t\t<div class=\"elementor-column elementor-col-100 elementor-inner-column elementor-element elementor-element-72bed71\" data-id=\"72bed71\" data-element_type=\"column\">\n\t\t\t<div class=\"elementor-widget-wrap elementor-element-populated\">\n\t\t\t\t\t\t<div class=\"elementor-element elementor-element-4eede19e elementor-widget elementor-widget-text-editor\" data-id=\"4eede19e\" data-element_type=\"widget\" data-widget_type=\"text-editor.default\">\n\t\t\t\t<div class=\"elementor-widget-container\">\n\t\t\t\t\t\t\t\t\t<p style=\"text-align: right;\"><strong>Last updated: August 25th, 2023<\/strong><\/p>\n<p><\/p>\n<h4><strong>Order Cancellation<\/strong><\/h4>\n<p><\/p>\n<p>Customers have a window of 48 hours from the time of order placement to request a cancellation. To initiate a cancellation, please promptly reach out to our dedicated customer support team via email to info@superhosepty.com.  Our team will strive to accommodate your cancellation request if the order has not been processed or dispatched. Please note that cancellations cannot be guaranteed if the order has already entered processing or shipment.<\/p>\n<p><\/p>\n<h4><br><strong><\/strong><\/h4><h4><strong>Cancellation Fees<\/strong><\/h4>\n<p><\/p>\n<p>In cases where an order is canceled after the stipulated timeframe or after processing has commenced, a cancellation fee of 10% of the total order amount may be applied. This fee accounts for administrative and processing costs incurred.<\/p>\n<p><\/p>\n<h4><br><strong><\/strong><\/h4><h4><strong>Custom Orders<\/strong><\/h4>\n<p><\/p>\n<p>Orders involving customizations or bespoke products may be ineligible for cancellation once the production process has been initiated. We recommend confirming the cancellation policy for custom orders prior to placing them.<\/p>\n<p><\/p>\n<h4><br><strong><\/strong><\/h4><h4><strong>Refunds<\/strong><\/h4>\n<p><\/p>\n<p>Refunds for successfully canceled orders will be handled as outlined in our Refund Policy.<\/p>\n<p><\/p>\n<p>Contact<\/p>\n<p><\/p>\n<p>If you have any questions or concerns, please contact us at <a href=\"mailto:info@superhosepty.com\">info@superhosepty.com<\/a>.<\/p>\t\t\t\t\t\t\t\t<\/div>\n\t\t\t\t<\/div>\n\t\t\t\t\t<\/div>\n\t\t<\/div>\n\t\t\t\t\t<\/div>\n\t\t<\/section>\n\t\t\t\t\t<\/div>\n\t\t<\/div>\n\t\t\t\t\t<\/div>\n\t\t<\/section>\n\t\t\t\t<\/div>","protected":false},"excerpt":{"rendered":"<p>\u00daltima actualizaci\u00f3n: 25 de agosto del 2023 Cancelaci\u00f3n de Pedidos Los clientes disponen de un plazo de 48 horas desde el momento en que se realiza el pedido para solicitar una cancelaci\u00f3n. Para iniciar una cancelaci\u00f3n, comun\u00edquese de inmediato con nuestro equipo de soporte al cliente dedicado a trav\u00e9s del correo electr\u00f3nico info@superhosepty.com. Nuestro equipo [&hellip;]<\/p>","protected":false},"author":2,"featured_media":0,"parent":0,"menu_order":0,"comment_status":"closed","ping_status":"closed","template":"","meta":{"footnotes":""},"class_list":["post-322","page","type-page","status-publish","hentry"],"aioseo_notices":[],"_links":{"self":[{"href":"https:\/\/superhosepty.com\/en\/wp-json\/wp\/v2\/pages\/322","targetHints":{"allow":["GET"]}}],"collection":[{"href":"https:\/\/superhosepty.com\/en\/wp-json\/wp\/v2\/pages"}],"about":[{"href":"https:\/\/superhosepty.com\/en\/wp-json\/wp\/v2\/types\/page"}],"author":[{"embeddable":true,"href":"https:\/\/superhosepty.com\/en\/wp-json\/wp\/v2\/users\/2"}],"replies":[{"embeddable":true,"href":"https:\/\/superhosepty.com\/en\/wp-json\/wp\/v2\/comments?post=322"}],"version-history":[{"count":0,"href":"https:\/\/superhosepty.com\/en\/wp-json\/wp\/v2\/pages\/322\/revisions"}],"wp:attachment":[{"href":"https:\/\/superhosepty.com\/en\/wp-json\/wp\/v2\/media?parent=322"}],"curies":[{"name":"wp","href":"https:\/\/api.w.org\/{rel}","templated":true}]}}