{"id":338,"date":"2023-09-11T00:10:09","date_gmt":"2023-09-11T00:10:09","guid":{"rendered":"https:\/\/superhosepty.com\/?page_id=338"},"modified":"2023-09-14T13:45:00","modified_gmt":"2023-09-14T13:45:00","slug":"membership-policy","status":"publish","type":"page","link":"https:\/\/superhosepty.com\/en\/membership-policy\/","title":{"rendered":"Affiliate Policy"},"content":{"rendered":"<div data-elementor-type=\"wp-page\" data-elementor-id=\"338\" class=\"elementor elementor-338\" data-elementor-post-type=\"page\">\n\t\t\t\t\t\t<section class=\"elementor-section elementor-top-section elementor-element elementor-element-4aa92a7 elementor-section-boxed elementor-section-height-default elementor-section-height-default\" data-id=\"4aa92a7\" data-element_type=\"section\" data-settings=\"{&quot;background_background&quot;:&quot;classic&quot;}\">\n\t\t\t\t\t\t\t<div class=\"elementor-background-overlay\"><\/div>\n\t\t\t\t\t\t\t<div class=\"elementor-container elementor-column-gap-no\">\n\t\t\t\t\t<div class=\"elementor-column elementor-col-100 elementor-top-column elementor-element elementor-element-7ac4de4\" data-id=\"7ac4de4\" data-element_type=\"column\" data-settings=\"{&quot;background_background&quot;:&quot;classic&quot;}\">\n\t\t\t<div class=\"elementor-widget-wrap elementor-element-populated\">\n\t\t\t\t\t\t\t<\/div>\n\t\t<\/div>\n\t\t\t\t\t<\/div>\n\t\t<\/section>\n\t\t\t\t<section class=\"elementor-section elementor-top-section elementor-element elementor-element-61dda62d elementor-section-boxed elementor-section-height-default elementor-section-height-default\" data-id=\"61dda62d\" data-element_type=\"section\" data-settings=\"{&quot;background_background&quot;:&quot;classic&quot;}\">\n\t\t\t\t\t\t\t<div class=\"elementor-background-overlay\"><\/div>\n\t\t\t\t\t\t\t<div class=\"elementor-container elementor-column-gap-no\">\n\t\t\t\t\t<div class=\"elementor-column elementor-col-100 elementor-top-column elementor-element elementor-element-5bb6fdfe\" data-id=\"5bb6fdfe\" data-element_type=\"column\">\n\t\t\t<div class=\"elementor-widget-wrap elementor-element-populated\">\n\t\t\t\t\t\t<section class=\"elementor-section elementor-inner-section elementor-element elementor-element-3155fa2f elementor-section-boxed elementor-section-height-default elementor-section-height-default\" data-id=\"3155fa2f\" data-element_type=\"section\">\n\t\t\t\t\t\t<div class=\"elementor-container elementor-column-gap-default\">\n\t\t\t\t\t<div class=\"elementor-column elementor-col-100 elementor-inner-column elementor-element elementor-element-72bed71\" data-id=\"72bed71\" data-element_type=\"column\">\n\t\t\t<div class=\"elementor-widget-wrap elementor-element-populated\">\n\t\t\t\t\t\t<div class=\"elementor-element elementor-element-4eede19e elementor-widget elementor-widget-text-editor\" data-id=\"4eede19e\" data-element_type=\"widget\" data-widget_type=\"text-editor.default\">\n\t\t\t\t<div class=\"elementor-widget-container\">\n\t\t\t\t\t\t\t\t\t<p style=\"text-align: right;\"><strong>Last updated: August 25th, 2023<\/strong><\/p>\n<p><\/p>\n<h4><strong>Affiliate Application<\/strong><\/h4>\n<p><\/p>\n<ol>\n<li>Prospective affiliates seeking to establish a partnership with Super Hose must complete an official affiliate application.<\/li>\n<li>Our dedicated team will meticulously evaluate all applications and may seek additional information to ascertain eligibility.<\/li>\n<\/ol>\n<h4><br><strong><\/strong><\/h4><h4><strong>Minimum Requirements<\/strong><\/h4>\n<p><\/p>\n<p>Authorized affiliates are expected to satisfy specified minimum purchase requisites as outlined in our reseller agreement.<\/p>\n<p><\/p>\n<h4><br><strong><\/strong><\/h4><h4><strong>Product Distribution<\/strong><\/h4>\n<p><\/p>\n<ol>\n<li>Recognized resellers are permitted to distribute Super Hose products through approved sales channels.<\/li>\n<li>Affiliates are explicitly prohibited from vending our products via platforms that infringe upon our established distribution guidelines or compromise our pricing structures.<\/li>\n<\/ol>\n<h4><br><strong><\/strong><\/h4><h4><strong>Branding and Marketing<\/strong><\/h4>\n<p><\/p>\n<ol>\n<li>Affiliates must uphold accurate representation of Super Hose products and adhere to our meticulous branding guidelines.<\/li>\n<li>Any modification of product packaging or co-branding mandates prior consent from our end. Unauthorized alterations are strictly prohibited.<\/li>\n<\/ol>\n<h4><br><strong><\/strong><\/h4><h4><strong>Termination of the Affiliate Status<\/strong><\/h4>\n<p><\/p>\n<p>We reserve the right to rescind the reseller status of any entity found to be in breach of our affiliate agreement, distribution protocols, or branding prerequisites.<\/p>\n<p><\/p>\n<h4><br><strong><\/strong><\/h4><h4><strong>Wholesale Pricing<\/strong><\/h4>\n<p><\/p>\n<p>Official affiliates qualify for wholesale pricing as per the terms set forth in our affiliate agreement.<\/p>\n<p><\/p>\n<p>Contact<\/p>\n<p><\/p>\n<p>If you have any questions or concerns, please contact us at <a href=\"mailto:info@superhosepty.com\">info@superhosepty.com<\/a>.<\/p>\t\t\t\t\t\t\t\t<\/div>\n\t\t\t\t<\/div>\n\t\t\t\t\t<\/div>\n\t\t<\/div>\n\t\t\t\t\t<\/div>\n\t\t<\/section>\n\t\t\t\t\t<\/div>\n\t\t<\/div>\n\t\t\t\t\t<\/div>\n\t\t<\/section>\n\t\t\t\t<\/div>","protected":false},"excerpt":{"rendered":"<p>\u00daltima actualizaci\u00f3n: 25 de agosto del 2023 Solicitud de Revendedor Los posibles afiliados que busquen establecer una asociaci\u00f3n con Super Hose deben completar una solicitud oficial de afiliado. Nuestro equipo dedicado evaluar\u00e1 minuciosamente todas las solicitudes y podr\u00eda solicitar informaci\u00f3n adicional para determinar la elegibilidad. Requisitos M\u00ednimos Se espera que los afiliados autorizados cumplan con [&hellip;]<\/p>","protected":false},"author":2,"featured_media":0,"parent":0,"menu_order":0,"comment_status":"closed","ping_status":"closed","template":"","meta":{"footnotes":""},"class_list":["post-338","page","type-page","status-publish","hentry"],"aioseo_notices":[],"_links":{"self":[{"href":"https:\/\/superhosepty.com\/en\/wp-json\/wp\/v2\/pages\/338","targetHints":{"allow":["GET"]}}],"collection":[{"href":"https:\/\/superhosepty.com\/en\/wp-json\/wp\/v2\/pages"}],"about":[{"href":"https:\/\/superhosepty.com\/en\/wp-json\/wp\/v2\/types\/page"}],"author":[{"embeddable":true,"href":"https:\/\/superhosepty.com\/en\/wp-json\/wp\/v2\/users\/2"}],"replies":[{"embeddable":true,"href":"https:\/\/superhosepty.com\/en\/wp-json\/wp\/v2\/comments?post=338"}],"version-history":[{"count":0,"href":"https:\/\/superhosepty.com\/en\/wp-json\/wp\/v2\/pages\/338\/revisions"}],"wp:attachment":[{"href":"https:\/\/superhosepty.com\/en\/wp-json\/wp\/v2\/media?parent=338"}],"curies":[{"name":"wp","href":"https:\/\/api.w.org\/{rel}","templated":true}]}}