{"id":679,"date":"2023-09-13T20:58:02","date_gmt":"2023-09-13T20:58:02","guid":{"rendered":"https:\/\/superhosepty.com\/?page_id=679"},"modified":"2023-09-14T18:34:49","modified_gmt":"2023-09-14T18:34:49","slug":"hoses","status":"publish","type":"page","link":"https:\/\/superhosepty.com\/en\/hoses\/","title":{"rendered":"Hoses"},"content":{"rendered":"<div data-elementor-type=\"wp-page\" data-elementor-id=\"679\" class=\"elementor elementor-679\" data-elementor-post-type=\"page\">\n\t\t\t\t\t\t<section class=\"elementor-section elementor-top-section elementor-element elementor-element-25594ba elementor-section-boxed elementor-section-height-default elementor-section-height-default\" data-id=\"25594ba\" data-element_type=\"section\" data-settings=\"{&quot;background_background&quot;:&quot;classic&quot;}\">\n\t\t\t\t\t\t\t<div class=\"elementor-background-overlay\"><\/div>\n\t\t\t\t\t\t\t<div class=\"elementor-container elementor-column-gap-no\">\n\t\t\t\t\t<div class=\"elementor-column elementor-col-100 elementor-top-column elementor-element elementor-element-980a047\" data-id=\"980a047\" data-element_type=\"column\" data-settings=\"{&quot;background_background&quot;:&quot;classic&quot;}\">\n\t\t\t<div class=\"elementor-widget-wrap elementor-element-populated\">\n\t\t\t\t\t\t\t<\/div>\n\t\t<\/div>\n\t\t\t\t\t<\/div>\n\t\t<\/section>\n\t\t\t\t<section class=\"elementor-section elementor-top-section elementor-element elementor-element-391dfb6a elementor-reverse-tablet elementor-reverse-mobile elementor-section-boxed elementor-section-height-default elementor-section-height-default\" data-id=\"391dfb6a\" data-element_type=\"section\">\n\t\t\t\t\t\t\t<div class=\"elementor-background-overlay\"><\/div>\n\t\t\t\t\t\t\t<div class=\"elementor-container elementor-column-gap-no\">\n\t\t\t\t\t<div class=\"elementor-column elementor-col-50 elementor-top-column elementor-element elementor-element-742f769b\" data-id=\"742f769b\" data-element_type=\"column\">\n\t\t\t<div class=\"elementor-widget-wrap elementor-element-populated\">\n\t\t\t\t\t\t<div class=\"elementor-element elementor-element-6a9f8320 elementor-widget elementor-widget-spacer\" data-id=\"6a9f8320\" data-element_type=\"widget\" data-widget_type=\"spacer.default\">\n\t\t\t\t<div class=\"elementor-widget-container\">\n\t\t\t\t\t\t\t<div class=\"elementor-spacer\">\n\t\t\t<div class=\"elementor-spacer-inner\"><\/div>\n\t\t<\/div>\n\t\t\t\t\t\t<\/div>\n\t\t\t\t<\/div>\n\t\t\t\t\t<\/div>\n\t\t<\/div>\n\t\t\t\t<div class=\"elementor-column elementor-col-50 elementor-top-column elementor-element elementor-element-4b896f21\" data-id=\"4b896f21\" data-element_type=\"column\">\n\t\t\t<div class=\"elementor-widget-wrap elementor-element-populated\">\n\t\t\t\t\t\t<div class=\"elementor-element elementor-element-40990344 elementor-widget elementor-widget-heading\" data-id=\"40990344\" data-element_type=\"widget\" data-widget_type=\"heading.default\">\n\t\t\t\t<div class=\"elementor-widget-container\">\n\t\t\t\t\t<h2 class=\"elementor-heading-title elementor-size-default\">DISCOVER SUPERIOR HOSE SOLUTIONS<\/h2>\t\t\t\t<\/div>\n\t\t\t\t<\/div>\n\t\t\t\t<div class=\"elementor-element elementor-element-5df9ded9 elementor-widget elementor-widget-text-editor\" data-id=\"5df9ded9\" data-element_type=\"widget\" data-widget_type=\"text-editor.default\">\n\t\t\t\t<div class=\"elementor-widget-container\">\n\t\t\t\t\t\t\t\t\t<p>Explore our comprehensive range of hoses designed to meet the diverse needs of various industries. From hydraulic hoses to automotive hoses, we offer top-quality solutions that deliver unmatched performance and durability.<\/p>\t\t\t\t\t\t\t\t<\/div>\n\t\t\t\t<\/div>\n\t\t\t\t\t<\/div>\n\t\t<\/div>\n\t\t\t\t\t<\/div>\n\t\t<\/section>\n\t\t\t\t<section class=\"elementor-section elementor-top-section elementor-element elementor-element-61dda62d elementor-section-boxed elementor-section-height-default elementor-section-height-default\" data-id=\"61dda62d\" data-element_type=\"section\" data-settings=\"{&quot;background_background&quot;:&quot;classic&quot;}\">\n\t\t\t\t\t\t\t<div class=\"elementor-background-overlay\"><\/div>\n\t\t\t\t\t\t\t<div class=\"elementor-container elementor-column-gap-no\">\n\t\t\t\t\t<div class=\"elementor-column elementor-col-100 elementor-top-column elementor-element elementor-element-5bb6fdfe\" data-id=\"5bb6fdfe\" data-element_type=\"column\">\n\t\t\t<div class=\"elementor-widget-wrap elementor-element-populated\">\n\t\t\t\t\t\t<div class=\"elementor-element elementor-element-d2b0b29 elementor-widget elementor-widget-menu-anchor\" data-id=\"d2b0b29\" data-element_type=\"widget\" data-widget_type=\"menu-anchor.default\">\n\t\t\t\t<div class=\"elementor-widget-container\">\n\t\t\t\t\t\t\t<div class=\"elementor-menu-anchor\" id=\"mangueras-hidraulicas\"><\/div>\n\t\t\t\t\t\t<\/div>\n\t\t\t\t<\/div>\n\t\t\t\t<div class=\"elementor-element elementor-element-b18ef71 elementor-widget elementor-widget-heading\" data-id=\"b18ef71\" data-element_type=\"widget\" data-widget_type=\"heading.default\">\n\t\t\t\t<div class=\"elementor-widget-container\">\n\t\t\t\t\t<h3 class=\"elementor-heading-title elementor-size-default\">Hydraulic Hoses<\/h3>\t\t\t\t<\/div>\n\t\t\t\t<\/div>\n\t\t\t\t<div class=\"elementor-element elementor-element-f02fee2 elementor-widget elementor-widget-text-editor\" data-id=\"f02fee2\" data-element_type=\"widget\" data-widget_type=\"text-editor.default\">\n\t\t\t\t<div class=\"elementor-widget-container\">\n\t\t\t\t\t\t\t\t\t<p>A hydraulic hose is a flexible tube designed to carry hydraulic fluid to transmit force within hydraulic machinery. These hoses are commonly used in various industrial applications to convey pressurized fluids, such as hydraulic oil, to generate mechanical motion or power. They are crucial components in hydraulic systems, allowing the transfer of energy and facilitating the operation of machinery and equipment.<\/p>\t\t\t\t\t\t\t\t<\/div>\n\t\t\t\t<\/div>\n\t\t\t\t<div class=\"elementor-element elementor-element-fbf83a4 elementor-widget elementor-widget-text-editor\" data-id=\"fbf83a4\" data-element_type=\"widget\" data-widget_type=\"text-editor.default\">\n\t\t\t\t<div class=\"elementor-widget-container\">\n\t\t\t\t\t\t\t\t\t<p><div class=\"woocommerce columns-3\"><div class=\"woocommerce-notices-wrapper\"><\/div><p class=\"woocommerce-result-count\" >\n\tShowing all 9 results<\/p>\n<form class=\"woocommerce-ordering\" method=\"get\" action=\"\">\n\t<select name=\"orderby\" class=\"orderby\" aria-label=\"Shop order\" data-no-translation-aria-label=\"\">\n\t\t\t\t\t<option value=\"menu_order\"  selected='selected' data-no-translation=\"\" data-trp-gettext=\"\">Default sorting<\/option>\n\t\t\t\t\t<option value=\"popularity\" data-no-translation=\"\" data-trp-gettext=\"\" >Sort by popularity<\/option>\n\t\t\t\t\t<option value=\"date\" data-no-translation=\"\" data-trp-gettext=\"\" >Sort by latest<\/option>\n\t\t\t\t\t<option value=\"price\" data-no-translation=\"\" data-trp-gettext=\"\" >Sort by price: low to high<\/option>\n\t\t\t\t\t<option value=\"price-desc\" data-no-translation=\"\" data-trp-gettext=\"\" >Sort by price: high to low<\/option>\n\t\t\t<\/select>\n\t<input type=\"hidden\" name=\"paged\" value=\"1\" \/>\n\t<input type=\"hidden\" name=\"trp-form-language\" value=\"en\"\/><\/form>\n<ul class=\"products columns-3\">\n<li class=\"product type-product post-571 status-publish first instock product_cat-mangueras product_cat-mangueras-hidraulicas has-post-thumbnail featured taxable shipping-taxable purchasable product-type-simple\">\n\t<a href=\"https:\/\/superhosepty.com\/en\/product\/hydraulic-hoses-manuli-rockmaster-type-2sn-or-100r2at\/\" class=\"woocommerce-LoopProduct-link woocommerce-loop-product__link\"><img fetchpriority=\"high\" decoding=\"async\" width=\"400\" height=\"400\" src=\"https:\/\/superhosepty.com\/wp-content\/uploads\/2023\/09\/Super-Hose-Productos_0061_MANULI-ROCKMASTER-TIPO-2SN-o-100R2AT-400x400.jpg\" class=\"attachment-woocommerce_thumbnail size-woocommerce_thumbnail\" alt=\"\" srcset=\"https:\/\/superhosepty.com\/wp-content\/uploads\/2023\/09\/Super-Hose-Productos_0061_MANULI-ROCKMASTER-TIPO-2SN-o-100R2AT-400x400.jpg 400w, https:\/\/superhosepty.com\/wp-content\/uploads\/2023\/09\/Super-Hose-Productos_0061_MANULI-ROCKMASTER-TIPO-2SN-o-100R2AT-100x100.jpg 100w, https:\/\/superhosepty.com\/wp-content\/uploads\/2023\/09\/Super-Hose-Productos_0061_MANULI-ROCKMASTER-TIPO-2SN-o-100R2AT-64x64.jpg 64w, https:\/\/superhosepty.com\/wp-content\/uploads\/2023\/09\/Super-Hose-Productos_0061_MANULI-ROCKMASTER-TIPO-2SN-o-100R2AT-300x300.jpg 300w, https:\/\/superhosepty.com\/wp-content\/uploads\/2023\/09\/Super-Hose-Productos_0061_MANULI-ROCKMASTER-TIPO-2SN-o-100R2AT-150x150.jpg 150w, https:\/\/superhosepty.com\/wp-content\/uploads\/2023\/09\/Super-Hose-Productos_0061_MANULI-ROCKMASTER-TIPO-2SN-o-100R2AT-12x12.jpg 12w, https:\/\/superhosepty.com\/wp-content\/uploads\/2023\/09\/Super-Hose-Productos_0061_MANULI-ROCKMASTER-TIPO-2SN-o-100R2AT.jpg 550w\" sizes=\"(max-width: 400px) 100vw, 400px\" \/><h2 class=\"woocommerce-loop-product__title\">Hydraulic Hoses - MANULI ROCKMASTER Type 2SN or 100R2AT<\/h2>\n<\/a>\t<span id=\"woocommerce_loop_add_to_cart_link_describedby_571\" class=\"screen-reader-text\">\n\t\t\t<\/span>\n<\/li>\n<li class=\"product type-product post-575 status-publish instock product_cat-mangueras product_cat-mangueras-hidraulicas has-post-thumbnail taxable shipping-taxable purchasable product-type-simple\">\n\t<a href=\"https:\/\/superhosepty.com\/en\/product\/hydraulic-hoses-superhose-type-100r2\/\" class=\"woocommerce-LoopProduct-link woocommerce-loop-product__link\"><img decoding=\"async\" width=\"400\" height=\"400\" src=\"https:\/\/superhosepty.com\/wp-content\/uploads\/2023\/09\/Super-Hose-Productos_0059_SUPERHOSE-TIPO-100R2-400x400.jpg\" class=\"attachment-woocommerce_thumbnail size-woocommerce_thumbnail\" alt=\"\" srcset=\"https:\/\/superhosepty.com\/wp-content\/uploads\/2023\/09\/Super-Hose-Productos_0059_SUPERHOSE-TIPO-100R2-400x400.jpg 400w, https:\/\/superhosepty.com\/wp-content\/uploads\/2023\/09\/Super-Hose-Productos_0059_SUPERHOSE-TIPO-100R2-100x100.jpg 100w, https:\/\/superhosepty.com\/wp-content\/uploads\/2023\/09\/Super-Hose-Productos_0059_SUPERHOSE-TIPO-100R2-64x64.jpg 64w, https:\/\/superhosepty.com\/wp-content\/uploads\/2023\/09\/Super-Hose-Productos_0059_SUPERHOSE-TIPO-100R2-300x300.jpg 300w, https:\/\/superhosepty.com\/wp-content\/uploads\/2023\/09\/Super-Hose-Productos_0059_SUPERHOSE-TIPO-100R2-150x150.jpg 150w, https:\/\/superhosepty.com\/wp-content\/uploads\/2023\/09\/Super-Hose-Productos_0059_SUPERHOSE-TIPO-100R2-12x12.jpg 12w, https:\/\/superhosepty.com\/wp-content\/uploads\/2023\/09\/Super-Hose-Productos_0059_SUPERHOSE-TIPO-100R2.jpg 550w\" sizes=\"(max-width: 400px) 100vw, 400px\" \/><h2 class=\"woocommerce-loop-product__title\">Hydraulic Hoses - SUPERHOSE Type 100R2<\/h2>\n<\/a>\t<span id=\"woocommerce_loop_add_to_cart_link_describedby_575\" class=\"screen-reader-text\">\n\t\t\t<\/span>\n<\/li>\n<li class=\"product type-product post-589 status-publish last instock product_cat-mangueras product_cat-mangueras-hidraulicas has-post-thumbnail taxable shipping-taxable purchasable product-type-simple\">\n\t<a href=\"https:\/\/superhosepty.com\/en\/product\/hydraulic-hoses-superhose-type-100r6\/\" class=\"woocommerce-LoopProduct-link woocommerce-loop-product__link\"><img decoding=\"async\" width=\"400\" height=\"400\" src=\"https:\/\/superhosepty.com\/wp-content\/uploads\/2023\/09\/Super-Hose-Productos_0055_SUPERHOSE-Tipo-100R2-con-Acoples-Tipo-JIC-400x400.jpg\" class=\"attachment-woocommerce_thumbnail size-woocommerce_thumbnail\" alt=\"\" srcset=\"https:\/\/superhosepty.com\/wp-content\/uploads\/2023\/09\/Super-Hose-Productos_0055_SUPERHOSE-Tipo-100R2-con-Acoples-Tipo-JIC-400x400.jpg 400w, https:\/\/superhosepty.com\/wp-content\/uploads\/2023\/09\/Super-Hose-Productos_0055_SUPERHOSE-Tipo-100R2-con-Acoples-Tipo-JIC-100x100.jpg 100w, https:\/\/superhosepty.com\/wp-content\/uploads\/2023\/09\/Super-Hose-Productos_0055_SUPERHOSE-Tipo-100R2-con-Acoples-Tipo-JIC-64x64.jpg 64w, https:\/\/superhosepty.com\/wp-content\/uploads\/2023\/09\/Super-Hose-Productos_0055_SUPERHOSE-Tipo-100R2-con-Acoples-Tipo-JIC-300x300.jpg 300w, https:\/\/superhosepty.com\/wp-content\/uploads\/2023\/09\/Super-Hose-Productos_0055_SUPERHOSE-Tipo-100R2-con-Acoples-Tipo-JIC-150x150.jpg 150w, https:\/\/superhosepty.com\/wp-content\/uploads\/2023\/09\/Super-Hose-Productos_0055_SUPERHOSE-Tipo-100R2-con-Acoples-Tipo-JIC-12x12.jpg 12w, https:\/\/superhosepty.com\/wp-content\/uploads\/2023\/09\/Super-Hose-Productos_0055_SUPERHOSE-Tipo-100R2-con-Acoples-Tipo-JIC.jpg 550w\" sizes=\"(max-width: 400px) 100vw, 400px\" \/><h2 class=\"woocommerce-loop-product__title\">Hydraulic Hoses - SUPERHOSE Type 100R6<\/h2>\n<\/a>\t<span id=\"woocommerce_loop_add_to_cart_link_describedby_589\" class=\"screen-reader-text\">\n\t\t\t<\/span>\n<\/li>\n<li class=\"product type-product post-586 status-publish first instock product_cat-mangueras product_cat-mangueras-hidraulicas has-post-thumbnail taxable shipping-taxable purchasable product-type-simple\">\n\t<a href=\"https:\/\/superhosepty.com\/en\/product\/hydraulic-hoses-superhose-type-100r6-2\/\" class=\"woocommerce-LoopProduct-link woocommerce-loop-product__link\"><img loading=\"lazy\" decoding=\"async\" width=\"400\" height=\"400\" src=\"https:\/\/superhosepty.com\/wp-content\/uploads\/2023\/09\/Super-Hose-Productos_0060_MANULI-TIPO-100R6-400x400.jpg\" class=\"attachment-woocommerce_thumbnail size-woocommerce_thumbnail\" alt=\"\" srcset=\"https:\/\/superhosepty.com\/wp-content\/uploads\/2023\/09\/Super-Hose-Productos_0060_MANULI-TIPO-100R6-400x400.jpg 400w, https:\/\/superhosepty.com\/wp-content\/uploads\/2023\/09\/Super-Hose-Productos_0060_MANULI-TIPO-100R6-100x100.jpg 100w, https:\/\/superhosepty.com\/wp-content\/uploads\/2023\/09\/Super-Hose-Productos_0060_MANULI-TIPO-100R6-64x64.jpg 64w, https:\/\/superhosepty.com\/wp-content\/uploads\/2023\/09\/Super-Hose-Productos_0060_MANULI-TIPO-100R6-300x300.jpg 300w, https:\/\/superhosepty.com\/wp-content\/uploads\/2023\/09\/Super-Hose-Productos_0060_MANULI-TIPO-100R6-150x150.jpg 150w, https:\/\/superhosepty.com\/wp-content\/uploads\/2023\/09\/Super-Hose-Productos_0060_MANULI-TIPO-100R6-12x12.jpg 12w, https:\/\/superhosepty.com\/wp-content\/uploads\/2023\/09\/Super-Hose-Productos_0060_MANULI-TIPO-100R6.jpg 550w\" sizes=\"(max-width: 400px) 100vw, 400px\" \/><h2 class=\"woocommerce-loop-product__title\">Hydraulic Hoses - SUPERHOSE Type 100R6<\/h2>\n<\/a>\t<span id=\"woocommerce_loop_add_to_cart_link_describedby_586\" class=\"screen-reader-text\">\n\t\t\t<\/span>\n<\/li>\n<li class=\"product type-product post-587 status-publish instock product_cat-mangueras product_cat-mangueras-hidraulicas has-post-thumbnail taxable shipping-taxable purchasable product-type-simple\">\n\t<a href=\"https:\/\/superhosepty.com\/en\/product\/manguera-hidraulica-superhose-tipo-100r6-con-acoples-jic\/\" class=\"woocommerce-LoopProduct-link woocommerce-loop-product__link\"><img loading=\"lazy\" decoding=\"async\" width=\"400\" height=\"400\" src=\"https:\/\/superhosepty.com\/wp-content\/uploads\/2023\/09\/Super-Hose-Productos_0053_SUPERHOSE-Tipo-100R6-con-Acoples-Tipo-JIC-400x400.jpg\" class=\"attachment-woocommerce_thumbnail size-woocommerce_thumbnail\" alt=\"\" srcset=\"https:\/\/superhosepty.com\/wp-content\/uploads\/2023\/09\/Super-Hose-Productos_0053_SUPERHOSE-Tipo-100R6-con-Acoples-Tipo-JIC-400x400.jpg 400w, https:\/\/superhosepty.com\/wp-content\/uploads\/2023\/09\/Super-Hose-Productos_0053_SUPERHOSE-Tipo-100R6-con-Acoples-Tipo-JIC-100x100.jpg 100w, https:\/\/superhosepty.com\/wp-content\/uploads\/2023\/09\/Super-Hose-Productos_0053_SUPERHOSE-Tipo-100R6-con-Acoples-Tipo-JIC-64x64.jpg 64w, https:\/\/superhosepty.com\/wp-content\/uploads\/2023\/09\/Super-Hose-Productos_0053_SUPERHOSE-Tipo-100R6-con-Acoples-Tipo-JIC-300x300.jpg 300w, https:\/\/superhosepty.com\/wp-content\/uploads\/2023\/09\/Super-Hose-Productos_0053_SUPERHOSE-Tipo-100R6-con-Acoples-Tipo-JIC-150x150.jpg 150w, https:\/\/superhosepty.com\/wp-content\/uploads\/2023\/09\/Super-Hose-Productos_0053_SUPERHOSE-Tipo-100R6-con-Acoples-Tipo-JIC-12x12.jpg 12w, https:\/\/superhosepty.com\/wp-content\/uploads\/2023\/09\/Super-Hose-Productos_0053_SUPERHOSE-Tipo-100R6-con-Acoples-Tipo-JIC.jpg 550w\" sizes=\"(max-width: 400px) 100vw, 400px\" \/><h2 class=\"woocommerce-loop-product__title\">Hydraulic Hoses - SUPERHOSE Type 100R6 with JIC Fittings<\/h2>\n<\/a>\t<span id=\"woocommerce_loop_add_to_cart_link_describedby_587\" class=\"screen-reader-text\">\n\t\t\t<\/span>\n<\/li>\n<li class=\"product type-product post-590 status-publish last instock product_cat-mangueras product_cat-mangueras-hidraulicas has-post-thumbnail taxable shipping-taxable purchasable product-type-simple\">\n\t<a href=\"https:\/\/superhosepty.com\/en\/product\/manguera-hidraulica-superhose-tipo-100r6-con-acoples-jic-2\/\" class=\"woocommerce-LoopProduct-link woocommerce-loop-product__link\"><img loading=\"lazy\" decoding=\"async\" width=\"400\" height=\"400\" src=\"https:\/\/superhosepty.com\/wp-content\/uploads\/2023\/09\/Super-Hose-Productos_0053_SUPERHOSE-Tipo-100R6-con-Acoples-Tipo-JIC-400x400.jpg\" class=\"attachment-woocommerce_thumbnail size-woocommerce_thumbnail\" alt=\"\" srcset=\"https:\/\/superhosepty.com\/wp-content\/uploads\/2023\/09\/Super-Hose-Productos_0053_SUPERHOSE-Tipo-100R6-con-Acoples-Tipo-JIC-400x400.jpg 400w, https:\/\/superhosepty.com\/wp-content\/uploads\/2023\/09\/Super-Hose-Productos_0053_SUPERHOSE-Tipo-100R6-con-Acoples-Tipo-JIC-100x100.jpg 100w, https:\/\/superhosepty.com\/wp-content\/uploads\/2023\/09\/Super-Hose-Productos_0053_SUPERHOSE-Tipo-100R6-con-Acoples-Tipo-JIC-64x64.jpg 64w, https:\/\/superhosepty.com\/wp-content\/uploads\/2023\/09\/Super-Hose-Productos_0053_SUPERHOSE-Tipo-100R6-con-Acoples-Tipo-JIC-300x300.jpg 300w, https:\/\/superhosepty.com\/wp-content\/uploads\/2023\/09\/Super-Hose-Productos_0053_SUPERHOSE-Tipo-100R6-con-Acoples-Tipo-JIC-150x150.jpg 150w, https:\/\/superhosepty.com\/wp-content\/uploads\/2023\/09\/Super-Hose-Productos_0053_SUPERHOSE-Tipo-100R6-con-Acoples-Tipo-JIC-12x12.jpg 12w, https:\/\/superhosepty.com\/wp-content\/uploads\/2023\/09\/Super-Hose-Productos_0053_SUPERHOSE-Tipo-100R6-con-Acoples-Tipo-JIC.jpg 550w\" sizes=\"(max-width: 400px) 100vw, 400px\" \/><h2 class=\"woocommerce-loop-product__title\">Hydraulic Hoses - SUPERHOSE Type 100R6 with JIC Fittings<\/h2>\n<\/a>\t<span id=\"woocommerce_loop_add_to_cart_link_describedby_590\" class=\"screen-reader-text\">\n\t\t\t<\/span>\n<\/li>\n<li class=\"product type-product post-576 status-publish first instock product_cat-mangueras product_cat-mangueras-hidraulicas has-post-thumbnail taxable shipping-taxable purchasable product-type-simple\">\n\t<a href=\"https:\/\/superhosepty.com\/en\/product\/hydraulic-hoses-superhose-type-4sh\/\" class=\"woocommerce-LoopProduct-link woocommerce-loop-product__link\"><img loading=\"lazy\" decoding=\"async\" width=\"400\" height=\"400\" src=\"https:\/\/superhosepty.com\/wp-content\/uploads\/2023\/09\/Super-Hose-Productos_0058_SUPERHOSE-Tipo-4SH-400x400.jpg\" class=\"attachment-woocommerce_thumbnail size-woocommerce_thumbnail\" alt=\"\" srcset=\"https:\/\/superhosepty.com\/wp-content\/uploads\/2023\/09\/Super-Hose-Productos_0058_SUPERHOSE-Tipo-4SH-400x400.jpg 400w, https:\/\/superhosepty.com\/wp-content\/uploads\/2023\/09\/Super-Hose-Productos_0058_SUPERHOSE-Tipo-4SH-100x100.jpg 100w, https:\/\/superhosepty.com\/wp-content\/uploads\/2023\/09\/Super-Hose-Productos_0058_SUPERHOSE-Tipo-4SH-64x64.jpg 64w, https:\/\/superhosepty.com\/wp-content\/uploads\/2023\/09\/Super-Hose-Productos_0058_SUPERHOSE-Tipo-4SH-300x300.jpg 300w, https:\/\/superhosepty.com\/wp-content\/uploads\/2023\/09\/Super-Hose-Productos_0058_SUPERHOSE-Tipo-4SH-150x150.jpg 150w, https:\/\/superhosepty.com\/wp-content\/uploads\/2023\/09\/Super-Hose-Productos_0058_SUPERHOSE-Tipo-4SH-12x12.jpg 12w, https:\/\/superhosepty.com\/wp-content\/uploads\/2023\/09\/Super-Hose-Productos_0058_SUPERHOSE-Tipo-4SH.jpg 550w\" sizes=\"(max-width: 400px) 100vw, 400px\" \/><h2 class=\"woocommerce-loop-product__title\">Hydraulic Hoses - SUPERHOSE Type 4SH<\/h2>\n<\/a>\t<span id=\"woocommerce_loop_add_to_cart_link_describedby_576\" class=\"screen-reader-text\">\n\t\t\t<\/span>\n<\/li>\n<li class=\"product type-product post-577 status-publish instock product_cat-mangueras product_cat-mangueras-hidraulicas has-post-thumbnail taxable shipping-taxable purchasable product-type-simple\">\n\t<a href=\"https:\/\/superhosepty.com\/en\/product\/hydraulic-hoses-superhose-type-4sh-by-type-100r5\/\" class=\"woocommerce-LoopProduct-link woocommerce-loop-product__link\"><img loading=\"lazy\" decoding=\"async\" width=\"400\" height=\"400\" src=\"https:\/\/superhosepty.com\/wp-content\/uploads\/2023\/09\/Super-Hose-Productos_0057_SUPERHOSE-Tipo-4SH-por-Tipo-100R5-400x400.jpg\" class=\"attachment-woocommerce_thumbnail size-woocommerce_thumbnail\" alt=\"\" srcset=\"https:\/\/superhosepty.com\/wp-content\/uploads\/2023\/09\/Super-Hose-Productos_0057_SUPERHOSE-Tipo-4SH-por-Tipo-100R5-400x400.jpg 400w, https:\/\/superhosepty.com\/wp-content\/uploads\/2023\/09\/Super-Hose-Productos_0057_SUPERHOSE-Tipo-4SH-por-Tipo-100R5-100x100.jpg 100w, https:\/\/superhosepty.com\/wp-content\/uploads\/2023\/09\/Super-Hose-Productos_0057_SUPERHOSE-Tipo-4SH-por-Tipo-100R5-64x64.jpg 64w, https:\/\/superhosepty.com\/wp-content\/uploads\/2023\/09\/Super-Hose-Productos_0057_SUPERHOSE-Tipo-4SH-por-Tipo-100R5-300x300.jpg 300w, https:\/\/superhosepty.com\/wp-content\/uploads\/2023\/09\/Super-Hose-Productos_0057_SUPERHOSE-Tipo-4SH-por-Tipo-100R5-150x150.jpg 150w, https:\/\/superhosepty.com\/wp-content\/uploads\/2023\/09\/Super-Hose-Productos_0057_SUPERHOSE-Tipo-4SH-por-Tipo-100R5-12x12.jpg 12w, https:\/\/superhosepty.com\/wp-content\/uploads\/2023\/09\/Super-Hose-Productos_0057_SUPERHOSE-Tipo-4SH-por-Tipo-100R5.jpg 550w\" sizes=\"(max-width: 400px) 100vw, 400px\" \/><h2 class=\"woocommerce-loop-product__title\">Hydraulic Hoses - SUPERHOSE Type 4SH by Type 100R5<\/h2>\n<\/a>\t<span id=\"woocommerce_loop_add_to_cart_link_describedby_577\" class=\"screen-reader-text\">\n\t\t\t<\/span>\n<\/li>\n<li class=\"product type-product post-588 status-publish last instock product_cat-mangueras product_cat-mangueras-hidraulicas has-post-thumbnail taxable shipping-taxable purchasable product-type-simple\">\n\t<a href=\"https:\/\/superhosepty.com\/en\/product\/thermoplastic-hydraulic-hoses-superhose-type-100r8\/\" class=\"woocommerce-LoopProduct-link woocommerce-loop-product__link\"><img loading=\"lazy\" decoding=\"async\" width=\"400\" height=\"400\" src=\"https:\/\/superhosepty.com\/wp-content\/uploads\/2023\/09\/Super-Hose-Productos_0056_SUPERHOSE-Tipo-100R8-400x400.jpg\" class=\"attachment-woocommerce_thumbnail size-woocommerce_thumbnail\" alt=\"\" srcset=\"https:\/\/superhosepty.com\/wp-content\/uploads\/2023\/09\/Super-Hose-Productos_0056_SUPERHOSE-Tipo-100R8-400x400.jpg 400w, https:\/\/superhosepty.com\/wp-content\/uploads\/2023\/09\/Super-Hose-Productos_0056_SUPERHOSE-Tipo-100R8-100x100.jpg 100w, https:\/\/superhosepty.com\/wp-content\/uploads\/2023\/09\/Super-Hose-Productos_0056_SUPERHOSE-Tipo-100R8-64x64.jpg 64w, https:\/\/superhosepty.com\/wp-content\/uploads\/2023\/09\/Super-Hose-Productos_0056_SUPERHOSE-Tipo-100R8-300x300.jpg 300w, https:\/\/superhosepty.com\/wp-content\/uploads\/2023\/09\/Super-Hose-Productos_0056_SUPERHOSE-Tipo-100R8-150x150.jpg 150w, https:\/\/superhosepty.com\/wp-content\/uploads\/2023\/09\/Super-Hose-Productos_0056_SUPERHOSE-Tipo-100R8-12x12.jpg 12w, https:\/\/superhosepty.com\/wp-content\/uploads\/2023\/09\/Super-Hose-Productos_0056_SUPERHOSE-Tipo-100R8.jpg 550w\" sizes=\"(max-width: 400px) 100vw, 400px\" \/><h2 class=\"woocommerce-loop-product__title\">Thermoplastic Hydraulic Hoses - SUPERHOSE Type 100R8<\/h2>\n<\/a>\t<span id=\"woocommerce_loop_add_to_cart_link_describedby_588\" class=\"screen-reader-text\">\n\t\t\t<\/span>\n<\/li>\n<\/ul>\n<\/div><\/p>\t\t\t\t\t\t\t\t<\/div>\n\t\t\t\t<\/div>\n\t\t\t\t\t<\/div>\n\t\t<\/div>\n\t\t\t\t\t<\/div>\n\t\t<\/section>\n\t\t\t\t<\/div>","protected":false},"excerpt":{"rendered":"<p>Descubre soluciones de mangueras superiores Explora nuestra amplia gama de mangueras dise\u00f1adas para satisfacer las diversas necesidades de varias industrias. Desde mangueras hidr\u00e1ulicas hasta mangueras automotrices, ofrecemos soluciones de alta calidad que brindan un rendimiento y durabilidad inigualables. Mangueras Hidr\u00e1ulicas Una manguera hidr\u00e1ulica es un tubo flexible dise\u00f1ado para transportar fluido hidr\u00e1ulico y transmitir fuerza [&hellip;]<\/p>","protected":false},"author":2,"featured_media":0,"parent":0,"menu_order":0,"comment_status":"closed","ping_status":"closed","template":"","meta":{"footnotes":""},"class_list":["post-679","page","type-page","status-publish","hentry"],"aioseo_notices":[],"_links":{"self":[{"href":"https:\/\/superhosepty.com\/en\/wp-json\/wp\/v2\/pages\/679","targetHints":{"allow":["GET"]}}],"collection":[{"href":"https:\/\/superhosepty.com\/en\/wp-json\/wp\/v2\/pages"}],"about":[{"href":"https:\/\/superhosepty.com\/en\/wp-json\/wp\/v2\/types\/page"}],"author":[{"embeddable":true,"href":"https:\/\/superhosepty.com\/en\/wp-json\/wp\/v2\/users\/2"}],"replies":[{"embeddable":true,"href":"https:\/\/superhosepty.com\/en\/wp-json\/wp\/v2\/comments?post=679"}],"version-history":[{"count":0,"href":"https:\/\/superhosepty.com\/en\/wp-json\/wp\/v2\/pages\/679\/revisions"}],"wp:attachment":[{"href":"https:\/\/superhosepty.com\/en\/wp-json\/wp\/v2\/media?parent=679"}],"curies":[{"name":"wp","href":"https:\/\/api.w.org\/{rel}","templated":true}]}}