{"id":727,"date":"2023-09-13T23:04:18","date_gmt":"2023-09-13T23:04:18","guid":{"rendered":"https:\/\/superhosepty.com\/?page_id=727"},"modified":"2023-09-14T13:29:46","modified_gmt":"2023-09-14T13:29:46","slug":"hoses-for-pressure-washing","status":"publish","type":"page","link":"https:\/\/superhosepty.com\/en\/hoses-for-pressure-washing\/","title":{"rendered":"Pressure Washer Hoses"},"content":{"rendered":"<div data-elementor-type=\"wp-page\" data-elementor-id=\"727\" class=\"elementor elementor-727\" data-elementor-post-type=\"page\">\n\t\t\t\t\t\t<section class=\"elementor-section elementor-top-section elementor-element elementor-element-8f95cc6 elementor-section-boxed elementor-section-height-default elementor-section-height-default\" data-id=\"8f95cc6\" data-element_type=\"section\" data-settings=\"{&quot;background_background&quot;:&quot;classic&quot;}\">\n\t\t\t\t\t\t\t<div class=\"elementor-background-overlay\"><\/div>\n\t\t\t\t\t\t\t<div class=\"elementor-container elementor-column-gap-no\">\n\t\t\t\t\t<div class=\"elementor-column elementor-col-100 elementor-top-column elementor-element elementor-element-8c0c36e\" data-id=\"8c0c36e\" data-element_type=\"column\" data-settings=\"{&quot;background_background&quot;:&quot;classic&quot;}\">\n\t\t\t<div class=\"elementor-widget-wrap elementor-element-populated\">\n\t\t\t\t\t\t\t<\/div>\n\t\t<\/div>\n\t\t\t\t\t<\/div>\n\t\t<\/section>\n\t\t\t\t<section class=\"elementor-section elementor-top-section elementor-element elementor-element-61dda62d elementor-section-boxed elementor-section-height-default elementor-section-height-default\" data-id=\"61dda62d\" data-element_type=\"section\" data-settings=\"{&quot;background_background&quot;:&quot;classic&quot;}\">\n\t\t\t\t\t\t\t<div class=\"elementor-background-overlay\"><\/div>\n\t\t\t\t\t\t\t<div class=\"elementor-container elementor-column-gap-no\">\n\t\t\t\t\t<div class=\"elementor-column elementor-col-100 elementor-top-column elementor-element elementor-element-5bb6fdfe\" data-id=\"5bb6fdfe\" data-element_type=\"column\">\n\t\t\t<div class=\"elementor-widget-wrap elementor-element-populated\">\n\t\t\t\t\t\t<div class=\"elementor-element elementor-element-f02fee2 elementor-widget elementor-widget-text-editor\" data-id=\"f02fee2\" data-element_type=\"widget\" data-widget_type=\"text-editor.default\">\n\t\t\t\t<div class=\"elementor-widget-container\">\n\t\t\t\t\t\t\t\t\t<p>A pressure washer hose is a type of high-pressure hose that is intended particularly for use with pressure washers. Pressure washers are devices that clean surfaces by using a high-pressure spray of water to remove dirt, grime, mold, mildew, and other impurities. These hoses are an important part of pressure washer systems because they transport pressured water from the pressure washer unit to the cleaning nozzle or wand.<\/p><p>Our pressure washer hoses are designed to withstand the high pressures produced by pressure washer machines, which can vary from hundreds to thousands of pounds per square inch (psi). They are designed to be long-lasting, flexible, and able to resist the force of pressurized water without breaking or leaking.<\/p>\t\t\t\t\t\t\t\t<\/div>\n\t\t\t\t<\/div>\n\t\t\t\t<div class=\"elementor-element elementor-element-fbf83a4 elementor-widget elementor-widget-text-editor\" data-id=\"fbf83a4\" data-element_type=\"widget\" data-widget_type=\"text-editor.default\">\n\t\t\t\t<div class=\"elementor-widget-container\">\n\t\t\t\t\t\t\t\t\t<p><div class=\"woocommerce columns-3\"><div class=\"woocommerce-notices-wrapper\"><\/div><p class=\"woocommerce-result-count\" >\n\tShowing all 2 results<\/p>\n<form class=\"woocommerce-ordering\" method=\"get\" action=\"\">\n\t<select name=\"orderby\" class=\"orderby\" aria-label=\"Shop order\" data-no-translation-aria-label=\"\">\n\t\t\t\t\t<option value=\"menu_order\"  selected='selected' data-no-translation=\"\" data-trp-gettext=\"\">Default sorting<\/option>\n\t\t\t\t\t<option value=\"popularity\" data-no-translation=\"\" data-trp-gettext=\"\" >Sort by popularity<\/option>\n\t\t\t\t\t<option value=\"date\" data-no-translation=\"\" data-trp-gettext=\"\" >Sort by latest<\/option>\n\t\t\t\t\t<option value=\"price\" data-no-translation=\"\" data-trp-gettext=\"\" >Sort by price: low to high<\/option>\n\t\t\t\t\t<option value=\"price-desc\" data-no-translation=\"\" data-trp-gettext=\"\" >Sort by price: high to low<\/option>\n\t\t\t<\/select>\n\t<input type=\"hidden\" name=\"paged\" value=\"1\" \/>\n\t<input type=\"hidden\" name=\"trp-form-language\" value=\"en\"\/><\/form>\n<ul class=\"products columns-3\">\n<li class=\"product type-product post-598 status-publish first instock product_cat-mangueras product_cat-mangueras-para-lavado-a-presion has-post-thumbnail taxable shipping-taxable purchasable product-type-simple\">\n\t<a href=\"https:\/\/superhosepty.com\/en\/product\/manguera-para-lavado-a-presion-supermanguera-6000-psi\/\" class=\"woocommerce-LoopProduct-link woocommerce-loop-product__link\"><img fetchpriority=\"high\" decoding=\"async\" width=\"400\" height=\"400\" src=\"https:\/\/superhosepty.com\/wp-content\/uploads\/2023\/09\/Super-Hose-Productos_0044_Manguera-Especial-para-Lavado-a-Presion-SUPERHOSE-6000-PSI-400x400.jpg\" class=\"attachment-woocommerce_thumbnail size-woocommerce_thumbnail\" alt=\"\" srcset=\"https:\/\/superhosepty.com\/wp-content\/uploads\/2023\/09\/Super-Hose-Productos_0044_Manguera-Especial-para-Lavado-a-Presion-SUPERHOSE-6000-PSI-400x400.jpg 400w, https:\/\/superhosepty.com\/wp-content\/uploads\/2023\/09\/Super-Hose-Productos_0044_Manguera-Especial-para-Lavado-a-Presion-SUPERHOSE-6000-PSI-100x100.jpg 100w, https:\/\/superhosepty.com\/wp-content\/uploads\/2023\/09\/Super-Hose-Productos_0044_Manguera-Especial-para-Lavado-a-Presion-SUPERHOSE-6000-PSI-64x64.jpg 64w, https:\/\/superhosepty.com\/wp-content\/uploads\/2023\/09\/Super-Hose-Productos_0044_Manguera-Especial-para-Lavado-a-Presion-SUPERHOSE-6000-PSI-300x300.jpg 300w, https:\/\/superhosepty.com\/wp-content\/uploads\/2023\/09\/Super-Hose-Productos_0044_Manguera-Especial-para-Lavado-a-Presion-SUPERHOSE-6000-PSI-150x150.jpg 150w, https:\/\/superhosepty.com\/wp-content\/uploads\/2023\/09\/Super-Hose-Productos_0044_Manguera-Especial-para-Lavado-a-Presion-SUPERHOSE-6000-PSI-12x12.jpg 12w, https:\/\/superhosepty.com\/wp-content\/uploads\/2023\/09\/Super-Hose-Productos_0044_Manguera-Especial-para-Lavado-a-Presion-SUPERHOSE-6000-PSI.jpg 550w\" sizes=\"(max-width: 400px) 100vw, 400px\" \/><h2 class=\"woocommerce-loop-product__title\">Pressure Washer Hoses - SUPERHOSE 6000 PSI<\/h2>\n<\/a>\t<span id=\"woocommerce_loop_add_to_cart_link_describedby_598\" class=\"screen-reader-text\">\n\t\t\t<\/span>\n<\/li>\n<li class=\"product type-product post-599 status-publish instock product_cat-mangueras product_cat-mangueras-para-lavado-a-presion has-post-thumbnail taxable shipping-taxable purchasable product-type-simple\">\n\t<a href=\"https:\/\/superhosepty.com\/en\/product\/pressure-washer-hoses-superhose-6000-psi-with-karcher-fittings\/\" class=\"woocommerce-LoopProduct-link woocommerce-loop-product__link\"><img decoding=\"async\" width=\"400\" height=\"400\" src=\"https:\/\/superhosepty.com\/wp-content\/uploads\/2023\/09\/Super-Hose-Productos_0045_Manguera-para-Lavado-a-Presion-SUPERHOSE-6000-PSI-con-Acoples-Tipo-Karcher-400x400.jpg\" class=\"attachment-woocommerce_thumbnail size-woocommerce_thumbnail\" alt=\"\" srcset=\"https:\/\/superhosepty.com\/wp-content\/uploads\/2023\/09\/Super-Hose-Productos_0045_Manguera-para-Lavado-a-Presion-SUPERHOSE-6000-PSI-con-Acoples-Tipo-Karcher-400x400.jpg 400w, https:\/\/superhosepty.com\/wp-content\/uploads\/2023\/09\/Super-Hose-Productos_0045_Manguera-para-Lavado-a-Presion-SUPERHOSE-6000-PSI-con-Acoples-Tipo-Karcher-100x100.jpg 100w, https:\/\/superhosepty.com\/wp-content\/uploads\/2023\/09\/Super-Hose-Productos_0045_Manguera-para-Lavado-a-Presion-SUPERHOSE-6000-PSI-con-Acoples-Tipo-Karcher-64x64.jpg 64w, https:\/\/superhosepty.com\/wp-content\/uploads\/2023\/09\/Super-Hose-Productos_0045_Manguera-para-Lavado-a-Presion-SUPERHOSE-6000-PSI-con-Acoples-Tipo-Karcher-300x300.jpg 300w, https:\/\/superhosepty.com\/wp-content\/uploads\/2023\/09\/Super-Hose-Productos_0045_Manguera-para-Lavado-a-Presion-SUPERHOSE-6000-PSI-con-Acoples-Tipo-Karcher-150x150.jpg 150w, https:\/\/superhosepty.com\/wp-content\/uploads\/2023\/09\/Super-Hose-Productos_0045_Manguera-para-Lavado-a-Presion-SUPERHOSE-6000-PSI-con-Acoples-Tipo-Karcher-12x12.jpg 12w, https:\/\/superhosepty.com\/wp-content\/uploads\/2023\/09\/Super-Hose-Productos_0045_Manguera-para-Lavado-a-Presion-SUPERHOSE-6000-PSI-con-Acoples-Tipo-Karcher.jpg 550w\" sizes=\"(max-width: 400px) 100vw, 400px\" \/><h2 class=\"woocommerce-loop-product__title\">Pressure Washer Hoses - SUPERHOSE 6000 PSI with Karcher Fittings<\/h2>\n<\/a>\t<span id=\"woocommerce_loop_add_to_cart_link_describedby_599\" class=\"screen-reader-text\">\n\t\t\t<\/span>\n<\/li>\n<\/ul>\n<\/div><\/p>\t\t\t\t\t\t\t\t<\/div>\n\t\t\t\t<\/div>\n\t\t\t\t\t<\/div>\n\t\t<\/div>\n\t\t\t\t\t<\/div>\n\t\t<\/section>\n\t\t\t\t<\/div>","protected":false},"excerpt":{"rendered":"<p>Una manguera de lavado a presi\u00f3n es un tipo de manguera de alta presi\u00f3n dise\u00f1ada especialmente para su uso con lavadoras a presi\u00f3n. Las lavadoras a presi\u00f3n son dispositivos que limpian superficies utilizando un rociado de agua a alta presi\u00f3n para eliminar suciedad, mugre, moho, mildiu y otras impurezas. Estas mangueras son una parte importante [&hellip;]<\/p>","protected":false},"author":2,"featured_media":0,"parent":0,"menu_order":0,"comment_status":"closed","ping_status":"closed","template":"","meta":{"footnotes":""},"class_list":["post-727","page","type-page","status-publish","hentry"],"aioseo_notices":[],"_links":{"self":[{"href":"https:\/\/superhosepty.com\/en\/wp-json\/wp\/v2\/pages\/727","targetHints":{"allow":["GET"]}}],"collection":[{"href":"https:\/\/superhosepty.com\/en\/wp-json\/wp\/v2\/pages"}],"about":[{"href":"https:\/\/superhosepty.com\/en\/wp-json\/wp\/v2\/types\/page"}],"author":[{"embeddable":true,"href":"https:\/\/superhosepty.com\/en\/wp-json\/wp\/v2\/users\/2"}],"replies":[{"embeddable":true,"href":"https:\/\/superhosepty.com\/en\/wp-json\/wp\/v2\/comments?post=727"}],"version-history":[{"count":0,"href":"https:\/\/superhosepty.com\/en\/wp-json\/wp\/v2\/pages\/727\/revisions"}],"wp:attachment":[{"href":"https:\/\/superhosepty.com\/en\/wp-json\/wp\/v2\/media?parent=727"}],"curies":[{"name":"wp","href":"https:\/\/api.w.org\/{rel}","templated":true}]}}