{"id":742,"date":"2023-09-13T23:17:44","date_gmt":"2023-09-13T23:17:44","guid":{"rendered":"https:\/\/superhosepty.com\/?page_id=742"},"modified":"2023-09-14T13:32:50","modified_gmt":"2023-09-14T13:32:50","slug":"other-hoses","status":"publish","type":"page","link":"https:\/\/superhosepty.com\/en\/other-hoses\/","title":{"rendered":"Other Hoses"},"content":{"rendered":"<div data-elementor-type=\"wp-page\" data-elementor-id=\"742\" class=\"elementor elementor-742\" data-elementor-post-type=\"page\">\n\t\t\t\t\t\t<section class=\"elementor-section elementor-top-section elementor-element elementor-element-3eec7f5 elementor-section-boxed elementor-section-height-default elementor-section-height-default\" data-id=\"3eec7f5\" data-element_type=\"section\" data-settings=\"{&quot;background_background&quot;:&quot;classic&quot;}\">\n\t\t\t\t\t\t\t<div class=\"elementor-background-overlay\"><\/div>\n\t\t\t\t\t\t\t<div class=\"elementor-container elementor-column-gap-no\">\n\t\t\t\t\t<div class=\"elementor-column elementor-col-100 elementor-top-column elementor-element elementor-element-3dc950c\" data-id=\"3dc950c\" data-element_type=\"column\" data-settings=\"{&quot;background_background&quot;:&quot;classic&quot;}\">\n\t\t\t<div class=\"elementor-widget-wrap elementor-element-populated\">\n\t\t\t\t\t\t\t<\/div>\n\t\t<\/div>\n\t\t\t\t\t<\/div>\n\t\t<\/section>\n\t\t\t\t<section class=\"elementor-section elementor-top-section elementor-element elementor-element-61dda62d elementor-section-boxed elementor-section-height-default elementor-section-height-default\" data-id=\"61dda62d\" data-element_type=\"section\" data-settings=\"{&quot;background_background&quot;:&quot;classic&quot;}\">\n\t\t\t\t\t\t\t<div class=\"elementor-background-overlay\"><\/div>\n\t\t\t\t\t\t\t<div class=\"elementor-container elementor-column-gap-no\">\n\t\t\t\t\t<div class=\"elementor-column elementor-col-100 elementor-top-column elementor-element elementor-element-5bb6fdfe\" data-id=\"5bb6fdfe\" data-element_type=\"column\">\n\t\t\t<div class=\"elementor-widget-wrap elementor-element-populated\">\n\t\t\t\t\t\t<div class=\"elementor-element elementor-element-f02fee2 elementor-widget elementor-widget-text-editor\" data-id=\"f02fee2\" data-element_type=\"widget\" data-widget_type=\"text-editor.default\">\n\t\t\t\t<div class=\"elementor-widget-container\">\n\t\t\t\t\t\t\t\t\t<p>Additional to our comprehensive range of hoses across various categories, we proudly offer a wide variety of specialized hoses that stand as a testament to durability and performance excellence. Our commitment to delivering the best extends beyond the standard categories, providing our customers with a diverse selection of hoses tailored to specific applications. Rest assured that our \"Other Hoses\" section encompasses the same quality, reliability, and cutting-edge technology that define all our products.<\/p>\t\t\t\t\t\t\t\t<\/div>\n\t\t\t\t<\/div>\n\t\t\t\t<div class=\"elementor-element elementor-element-fbf83a4 elementor-widget elementor-widget-text-editor\" data-id=\"fbf83a4\" data-element_type=\"widget\" data-widget_type=\"text-editor.default\">\n\t\t\t\t<div class=\"elementor-widget-container\">\n\t\t\t\t\t\t\t\t\t<p><div class=\"woocommerce columns-3\"><div class=\"woocommerce-notices-wrapper\"><\/div><p class=\"woocommerce-result-count\" >\n\tShowing all 4 results<\/p>\n<form class=\"woocommerce-ordering\" method=\"get\" action=\"\">\n\t<select name=\"orderby\" class=\"orderby\" aria-label=\"Shop order\" data-no-translation-aria-label=\"\">\n\t\t\t\t\t<option value=\"menu_order\"  selected='selected' data-no-translation=\"\" data-trp-gettext=\"\">Default sorting<\/option>\n\t\t\t\t\t<option value=\"popularity\" data-no-translation=\"\" data-trp-gettext=\"\" >Sort by popularity<\/option>\n\t\t\t\t\t<option value=\"date\" data-no-translation=\"\" data-trp-gettext=\"\" >Sort by latest<\/option>\n\t\t\t\t\t<option value=\"price\" data-no-translation=\"\" data-trp-gettext=\"\" >Sort by price: low to high<\/option>\n\t\t\t\t\t<option value=\"price-desc\" data-no-translation=\"\" data-trp-gettext=\"\" >Sort by price: high to low<\/option>\n\t\t\t<\/select>\n\t<input type=\"hidden\" name=\"paged\" value=\"1\" \/>\n\t<input type=\"hidden\" name=\"trp-form-language\" value=\"en\"\/><\/form>\n<ul class=\"products columns-3\">\n<li class=\"product type-product post-608 status-publish first instock product_cat-mangueras product_cat-otras-mangueras has-post-thumbnail taxable shipping-taxable purchasable product-type-simple\">\n\t<a href=\"https:\/\/superhosepty.com\/en\/product\/other-hoses-eaton-winner-type-100r16\/\" class=\"woocommerce-LoopProduct-link woocommerce-loop-product__link\"><img fetchpriority=\"high\" decoding=\"async\" width=\"400\" height=\"400\" src=\"https:\/\/superhosepty.com\/wp-content\/uploads\/2023\/09\/Super-Hose-Productos_0037_Otras-Mangueras-EATON-Winner-Tipo-100R16-400x400.jpg\" class=\"attachment-woocommerce_thumbnail size-woocommerce_thumbnail\" alt=\"\" srcset=\"https:\/\/superhosepty.com\/wp-content\/uploads\/2023\/09\/Super-Hose-Productos_0037_Otras-Mangueras-EATON-Winner-Tipo-100R16-400x400.jpg 400w, https:\/\/superhosepty.com\/wp-content\/uploads\/2023\/09\/Super-Hose-Productos_0037_Otras-Mangueras-EATON-Winner-Tipo-100R16-100x100.jpg 100w, https:\/\/superhosepty.com\/wp-content\/uploads\/2023\/09\/Super-Hose-Productos_0037_Otras-Mangueras-EATON-Winner-Tipo-100R16-64x64.jpg 64w, https:\/\/superhosepty.com\/wp-content\/uploads\/2023\/09\/Super-Hose-Productos_0037_Otras-Mangueras-EATON-Winner-Tipo-100R16-300x300.jpg 300w, https:\/\/superhosepty.com\/wp-content\/uploads\/2023\/09\/Super-Hose-Productos_0037_Otras-Mangueras-EATON-Winner-Tipo-100R16-150x150.jpg 150w, https:\/\/superhosepty.com\/wp-content\/uploads\/2023\/09\/Super-Hose-Productos_0037_Otras-Mangueras-EATON-Winner-Tipo-100R16-12x12.jpg 12w, https:\/\/superhosepty.com\/wp-content\/uploads\/2023\/09\/Super-Hose-Productos_0037_Otras-Mangueras-EATON-Winner-Tipo-100R16.jpg 550w\" sizes=\"(max-width: 400px) 100vw, 400px\" \/><h2 class=\"woocommerce-loop-product__title\">Other Hoses - EATON Winner Type 100R16<\/h2>\n<\/a>\t<span id=\"woocommerce_loop_add_to_cart_link_describedby_608\" class=\"screen-reader-text\">\n\t\t\t<\/span>\n<\/li>\n<li class=\"product type-product post-609 status-publish instock product_cat-mangueras product_cat-otras-mangueras has-post-thumbnail taxable shipping-taxable purchasable product-type-simple\">\n\t<a href=\"https:\/\/superhosepty.com\/en\/product\/other-hoses-manuli-type-c100-with-jic-fittings\/\" class=\"woocommerce-LoopProduct-link woocommerce-loop-product__link\"><img decoding=\"async\" width=\"400\" height=\"400\" src=\"https:\/\/superhosepty.com\/wp-content\/uploads\/2023\/09\/Super-Hose-Productos_0036_Otras-Mangueras-Manuli-Tipo-C100-con-Acoples-JIC-400x400.jpg\" class=\"attachment-woocommerce_thumbnail size-woocommerce_thumbnail\" alt=\"\" srcset=\"https:\/\/superhosepty.com\/wp-content\/uploads\/2023\/09\/Super-Hose-Productos_0036_Otras-Mangueras-Manuli-Tipo-C100-con-Acoples-JIC-400x400.jpg 400w, https:\/\/superhosepty.com\/wp-content\/uploads\/2023\/09\/Super-Hose-Productos_0036_Otras-Mangueras-Manuli-Tipo-C100-con-Acoples-JIC-100x100.jpg 100w, https:\/\/superhosepty.com\/wp-content\/uploads\/2023\/09\/Super-Hose-Productos_0036_Otras-Mangueras-Manuli-Tipo-C100-con-Acoples-JIC-64x64.jpg 64w, https:\/\/superhosepty.com\/wp-content\/uploads\/2023\/09\/Super-Hose-Productos_0036_Otras-Mangueras-Manuli-Tipo-C100-con-Acoples-JIC-300x300.jpg 300w, https:\/\/superhosepty.com\/wp-content\/uploads\/2023\/09\/Super-Hose-Productos_0036_Otras-Mangueras-Manuli-Tipo-C100-con-Acoples-JIC-150x150.jpg 150w, https:\/\/superhosepty.com\/wp-content\/uploads\/2023\/09\/Super-Hose-Productos_0036_Otras-Mangueras-Manuli-Tipo-C100-con-Acoples-JIC-12x12.jpg 12w, https:\/\/superhosepty.com\/wp-content\/uploads\/2023\/09\/Super-Hose-Productos_0036_Otras-Mangueras-Manuli-Tipo-C100-con-Acoples-JIC.jpg 550w\" sizes=\"(max-width: 400px) 100vw, 400px\" \/><h2 class=\"woocommerce-loop-product__title\">Other Hoses - MANULI Type C100 with JIC Fittings<\/h2>\n<\/a>\t<span id=\"woocommerce_loop_add_to_cart_link_describedby_609\" class=\"screen-reader-text\">\n\t\t\t<\/span>\n<\/li>\n<li class=\"product type-product post-606 status-publish last instock product_cat-mangueras product_cat-otras-mangueras has-post-thumbnail taxable shipping-taxable purchasable product-type-simple\">\n\t<a href=\"https:\/\/superhosepty.com\/en\/product\/other-hoses-superhose-teflon-hose\/\" class=\"woocommerce-LoopProduct-link woocommerce-loop-product__link\"><img decoding=\"async\" width=\"400\" height=\"400\" src=\"https:\/\/superhosepty.com\/wp-content\/uploads\/2023\/09\/Super-Hose-Productos_0039_Otras-Mangueras-SUPERHOSE-Manguera-de-Teflon-400x400.jpg\" class=\"attachment-woocommerce_thumbnail size-woocommerce_thumbnail\" alt=\"\" srcset=\"https:\/\/superhosepty.com\/wp-content\/uploads\/2023\/09\/Super-Hose-Productos_0039_Otras-Mangueras-SUPERHOSE-Manguera-de-Teflon-400x400.jpg 400w, https:\/\/superhosepty.com\/wp-content\/uploads\/2023\/09\/Super-Hose-Productos_0039_Otras-Mangueras-SUPERHOSE-Manguera-de-Teflon-100x100.jpg 100w, https:\/\/superhosepty.com\/wp-content\/uploads\/2023\/09\/Super-Hose-Productos_0039_Otras-Mangueras-SUPERHOSE-Manguera-de-Teflon-64x64.jpg 64w, https:\/\/superhosepty.com\/wp-content\/uploads\/2023\/09\/Super-Hose-Productos_0039_Otras-Mangueras-SUPERHOSE-Manguera-de-Teflon-300x300.jpg 300w, https:\/\/superhosepty.com\/wp-content\/uploads\/2023\/09\/Super-Hose-Productos_0039_Otras-Mangueras-SUPERHOSE-Manguera-de-Teflon-150x150.jpg 150w, https:\/\/superhosepty.com\/wp-content\/uploads\/2023\/09\/Super-Hose-Productos_0039_Otras-Mangueras-SUPERHOSE-Manguera-de-Teflon-12x12.jpg 12w, https:\/\/superhosepty.com\/wp-content\/uploads\/2023\/09\/Super-Hose-Productos_0039_Otras-Mangueras-SUPERHOSE-Manguera-de-Teflon.jpg 550w\" sizes=\"(max-width: 400px) 100vw, 400px\" \/><h2 class=\"woocommerce-loop-product__title\">Other Hoses - SUPERHOSE Teflon Hose<\/h2>\n<\/a>\t<span id=\"woocommerce_loop_add_to_cart_link_describedby_606\" class=\"screen-reader-text\">\n\t\t\t<\/span>\n<\/li>\n<li class=\"product type-product post-607 status-publish first instock product_cat-mangueras product_cat-otras-mangueras has-post-thumbnail taxable shipping-taxable purchasable product-type-simple\">\n\t<a href=\"https:\/\/superhosepty.com\/en\/product\/other-hoses-superhose-fuel-dispenser-hose\/\" class=\"woocommerce-LoopProduct-link woocommerce-loop-product__link\"><img loading=\"lazy\" decoding=\"async\" width=\"400\" height=\"400\" src=\"https:\/\/superhosepty.com\/wp-content\/uploads\/2023\/09\/Super-Hose-Productos_0038_Otras-Mangueras-SUPERHOSE-Manguera-para-Surtidor-de-Combustible-400x400.jpg\" class=\"attachment-woocommerce_thumbnail size-woocommerce_thumbnail\" alt=\"\" srcset=\"https:\/\/superhosepty.com\/wp-content\/uploads\/2023\/09\/Super-Hose-Productos_0038_Otras-Mangueras-SUPERHOSE-Manguera-para-Surtidor-de-Combustible-400x400.jpg 400w, https:\/\/superhosepty.com\/wp-content\/uploads\/2023\/09\/Super-Hose-Productos_0038_Otras-Mangueras-SUPERHOSE-Manguera-para-Surtidor-de-Combustible-100x100.jpg 100w, https:\/\/superhosepty.com\/wp-content\/uploads\/2023\/09\/Super-Hose-Productos_0038_Otras-Mangueras-SUPERHOSE-Manguera-para-Surtidor-de-Combustible-64x64.jpg 64w, https:\/\/superhosepty.com\/wp-content\/uploads\/2023\/09\/Super-Hose-Productos_0038_Otras-Mangueras-SUPERHOSE-Manguera-para-Surtidor-de-Combustible-300x300.jpg 300w, https:\/\/superhosepty.com\/wp-content\/uploads\/2023\/09\/Super-Hose-Productos_0038_Otras-Mangueras-SUPERHOSE-Manguera-para-Surtidor-de-Combustible-150x150.jpg 150w, https:\/\/superhosepty.com\/wp-content\/uploads\/2023\/09\/Super-Hose-Productos_0038_Otras-Mangueras-SUPERHOSE-Manguera-para-Surtidor-de-Combustible-12x12.jpg 12w, https:\/\/superhosepty.com\/wp-content\/uploads\/2023\/09\/Super-Hose-Productos_0038_Otras-Mangueras-SUPERHOSE-Manguera-para-Surtidor-de-Combustible.jpg 550w\" sizes=\"(max-width: 400px) 100vw, 400px\" \/><h2 class=\"woocommerce-loop-product__title\">Other Hoses - SUPERHOSE Fuel Dispenser Hose<\/h2>\n<\/a>\t<span id=\"woocommerce_loop_add_to_cart_link_describedby_607\" class=\"screen-reader-text\">\n\t\t\t<\/span>\n<\/li>\n<\/ul>\n<\/div><\/p>\t\t\t\t\t\t\t\t<\/div>\n\t\t\t\t<\/div>\n\t\t\t\t\t<\/div>\n\t\t<\/div>\n\t\t\t\t\t<\/div>\n\t\t<\/section>\n\t\t\t\t<\/div>","protected":false},"excerpt":{"rendered":"<p>Adem\u00e1s de nuestra amplia gama de mangueras en diversas categor\u00edas, ofrecemos con orgullo una amplia variedad de mangueras especializadas que son un testimonio de durabilidad y excelencia en el rendimiento. Nuestro compromiso de brindar lo mejor va m\u00e1s all\u00e1 de las categor\u00edas est\u00e1ndar, proporcionando a nuestros clientes una selecci\u00f3n diversa de mangueras adaptadas a aplicaciones [&hellip;]<\/p>","protected":false},"author":2,"featured_media":0,"parent":0,"menu_order":0,"comment_status":"closed","ping_status":"closed","template":"","meta":{"footnotes":""},"class_list":["post-742","page","type-page","status-publish","hentry"],"aioseo_notices":[],"_links":{"self":[{"href":"https:\/\/superhosepty.com\/en\/wp-json\/wp\/v2\/pages\/742","targetHints":{"allow":["GET"]}}],"collection":[{"href":"https:\/\/superhosepty.com\/en\/wp-json\/wp\/v2\/pages"}],"about":[{"href":"https:\/\/superhosepty.com\/en\/wp-json\/wp\/v2\/types\/page"}],"author":[{"embeddable":true,"href":"https:\/\/superhosepty.com\/en\/wp-json\/wp\/v2\/users\/2"}],"replies":[{"embeddable":true,"href":"https:\/\/superhosepty.com\/en\/wp-json\/wp\/v2\/comments?post=742"}],"version-history":[{"count":0,"href":"https:\/\/superhosepty.com\/en\/wp-json\/wp\/v2\/pages\/742\/revisions"}],"wp:attachment":[{"href":"https:\/\/superhosepty.com\/en\/wp-json\/wp\/v2\/media?parent=742"}],"curies":[{"name":"wp","href":"https:\/\/api.w.org\/{rel}","templated":true}]}}