{"id":796,"date":"2023-09-14T00:00:20","date_gmt":"2023-09-14T00:00:20","guid":{"rendered":"https:\/\/superhosepty.com\/?page_id=796"},"modified":"2023-09-14T18:34:31","modified_gmt":"2023-09-14T18:34:31","slug":"adapters","status":"publish","type":"page","link":"https:\/\/superhosepty.com\/en\/adapters\/","title":{"rendered":"Adapters"},"content":{"rendered":"<div data-elementor-type=\"wp-page\" data-elementor-id=\"796\" class=\"elementor elementor-796\" data-elementor-post-type=\"page\">\n\t\t\t\t\t\t<section class=\"elementor-section elementor-top-section elementor-element elementor-element-8b5bae5 elementor-section-boxed elementor-section-height-default elementor-section-height-default\" data-id=\"8b5bae5\" data-element_type=\"section\" data-settings=\"{&quot;background_background&quot;:&quot;classic&quot;}\">\n\t\t\t\t\t\t\t<div class=\"elementor-background-overlay\"><\/div>\n\t\t\t\t\t\t\t<div class=\"elementor-container elementor-column-gap-no\">\n\t\t\t\t\t<div class=\"elementor-column elementor-col-100 elementor-top-column elementor-element elementor-element-7167b7c\" data-id=\"7167b7c\" data-element_type=\"column\" data-settings=\"{&quot;background_background&quot;:&quot;classic&quot;}\">\n\t\t\t<div class=\"elementor-widget-wrap elementor-element-populated\">\n\t\t\t\t\t\t\t<\/div>\n\t\t<\/div>\n\t\t\t\t\t<\/div>\n\t\t<\/section>\n\t\t\t\t<section class=\"elementor-section elementor-top-section elementor-element elementor-element-391dfb6a elementor-reverse-tablet elementor-reverse-mobile elementor-section-boxed elementor-section-height-default elementor-section-height-default\" data-id=\"391dfb6a\" data-element_type=\"section\">\n\t\t\t\t\t\t\t<div class=\"elementor-background-overlay\"><\/div>\n\t\t\t\t\t\t\t<div class=\"elementor-container elementor-column-gap-no\">\n\t\t\t\t\t<div class=\"elementor-column elementor-col-50 elementor-top-column elementor-element elementor-element-742f769b\" data-id=\"742f769b\" data-element_type=\"column\">\n\t\t\t<div class=\"elementor-widget-wrap elementor-element-populated\">\n\t\t\t\t\t\t<div class=\"elementor-element elementor-element-6a9f8320 elementor-widget elementor-widget-spacer\" data-id=\"6a9f8320\" data-element_type=\"widget\" data-widget_type=\"spacer.default\">\n\t\t\t\t<div class=\"elementor-widget-container\">\n\t\t\t\t\t\t\t<div class=\"elementor-spacer\">\n\t\t\t<div class=\"elementor-spacer-inner\"><\/div>\n\t\t<\/div>\n\t\t\t\t\t\t<\/div>\n\t\t\t\t<\/div>\n\t\t\t\t\t<\/div>\n\t\t<\/div>\n\t\t\t\t<div class=\"elementor-column elementor-col-50 elementor-top-column elementor-element elementor-element-4b896f21\" data-id=\"4b896f21\" data-element_type=\"column\">\n\t\t\t<div class=\"elementor-widget-wrap elementor-element-populated\">\n\t\t\t\t\t\t<div class=\"elementor-element elementor-element-40990344 elementor-widget elementor-widget-heading\" data-id=\"40990344\" data-element_type=\"widget\" data-widget_type=\"heading.default\">\n\t\t\t\t<div class=\"elementor-widget-container\">\n\t\t\t\t\t<h2 class=\"elementor-heading-title elementor-size-default\">Seamless Connections with Hydraulic Adapters<\/h2>\t\t\t\t<\/div>\n\t\t\t\t<\/div>\n\t\t\t\t<div class=\"elementor-element elementor-element-5df9ded9 elementor-widget elementor-widget-text-editor\" data-id=\"5df9ded9\" data-element_type=\"widget\" data-widget_type=\"text-editor.default\">\n\t\t\t\t<div class=\"elementor-widget-container\">\n\t\t\t\t\t\t\t\t\t<p>Our comprehensive selection of hydraulic adapters is designed to meet your specific needs. We offer a wide range of adapters for your hydraulic applications, with a variety of threads and shapes. Our hydraulic adapters ensure a secure and reliable connection, enhancing the efficiency and performance of your hydraulic systems.<\/p>\t\t\t\t\t\t\t\t<\/div>\n\t\t\t\t<\/div>\n\t\t\t\t\t<\/div>\n\t\t<\/div>\n\t\t\t\t\t<\/div>\n\t\t<\/section>\n\t\t\t\t<section class=\"elementor-section elementor-top-section elementor-element elementor-element-61dda62d elementor-section-boxed elementor-section-height-default elementor-section-height-default\" data-id=\"61dda62d\" data-element_type=\"section\" data-settings=\"{&quot;background_background&quot;:&quot;classic&quot;}\">\n\t\t\t\t\t\t\t<div class=\"elementor-background-overlay\"><\/div>\n\t\t\t\t\t\t\t<div class=\"elementor-container elementor-column-gap-no\">\n\t\t\t\t\t<div class=\"elementor-column elementor-col-100 elementor-top-column elementor-element elementor-element-5bb6fdfe\" data-id=\"5bb6fdfe\" data-element_type=\"column\">\n\t\t\t<div class=\"elementor-widget-wrap elementor-element-populated\">\n\t\t\t\t\t\t<div class=\"elementor-element elementor-element-fbf83a4 elementor-widget elementor-widget-text-editor\" data-id=\"fbf83a4\" data-element_type=\"widget\" data-widget_type=\"text-editor.default\">\n\t\t\t\t<div class=\"elementor-widget-container\">\n\t\t\t\t\t\t\t\t\t<p><div class=\"woocommerce columns-3\"><div class=\"woocommerce-notices-wrapper\"><\/div><p class=\"woocommerce-result-count\" >\n\tShowing all 7 results<\/p>\n<form class=\"woocommerce-ordering\" method=\"get\" action=\"\">\n\t<select name=\"orderby\" class=\"orderby\" aria-label=\"Shop order\" data-no-translation-aria-label=\"\">\n\t\t\t\t\t<option value=\"menu_order\"  selected='selected' data-no-translation=\"\" data-trp-gettext=\"\">Default sorting<\/option>\n\t\t\t\t\t<option value=\"popularity\" data-no-translation=\"\" data-trp-gettext=\"\" >Sort by popularity<\/option>\n\t\t\t\t\t<option value=\"date\" data-no-translation=\"\" data-trp-gettext=\"\" >Sort by latest<\/option>\n\t\t\t\t\t<option value=\"price\" data-no-translation=\"\" data-trp-gettext=\"\" >Sort by price: low to high<\/option>\n\t\t\t\t\t<option value=\"price-desc\" data-no-translation=\"\" data-trp-gettext=\"\" >Sort by price: high to low<\/option>\n\t\t\t<\/select>\n\t<input type=\"hidden\" name=\"paged\" value=\"1\" \/>\n\t<input type=\"hidden\" name=\"trp-form-language\" value=\"en\"\/><\/form>\n<ul class=\"products columns-3\">\n<li class=\"product type-product post-634 status-publish first instock product_cat-adaptadores has-post-thumbnail taxable shipping-taxable purchasable product-type-simple\">\n\t<a href=\"https:\/\/superhosepty.com\/en\/product\/hydraulic-adapter-female-npsm-to-female-npt-2\/\" class=\"woocommerce-LoopProduct-link woocommerce-loop-product__link\"><img fetchpriority=\"high\" decoding=\"async\" width=\"400\" height=\"400\" src=\"https:\/\/superhosepty.com\/wp-content\/uploads\/2023\/09\/Super-Hose-Productos_0035_Adaptador-Hidraulico-Hembra-NPSM-a-Hembra-NPT-400x400.jpg\" class=\"attachment-woocommerce_thumbnail size-woocommerce_thumbnail\" alt=\"\" srcset=\"https:\/\/superhosepty.com\/wp-content\/uploads\/2023\/09\/Super-Hose-Productos_0035_Adaptador-Hidraulico-Hembra-NPSM-a-Hembra-NPT-400x400.jpg 400w, https:\/\/superhosepty.com\/wp-content\/uploads\/2023\/09\/Super-Hose-Productos_0035_Adaptador-Hidraulico-Hembra-NPSM-a-Hembra-NPT-100x100.jpg 100w, https:\/\/superhosepty.com\/wp-content\/uploads\/2023\/09\/Super-Hose-Productos_0035_Adaptador-Hidraulico-Hembra-NPSM-a-Hembra-NPT-64x64.jpg 64w, https:\/\/superhosepty.com\/wp-content\/uploads\/2023\/09\/Super-Hose-Productos_0035_Adaptador-Hidraulico-Hembra-NPSM-a-Hembra-NPT-300x300.jpg 300w, https:\/\/superhosepty.com\/wp-content\/uploads\/2023\/09\/Super-Hose-Productos_0035_Adaptador-Hidraulico-Hembra-NPSM-a-Hembra-NPT-150x150.jpg 150w, https:\/\/superhosepty.com\/wp-content\/uploads\/2023\/09\/Super-Hose-Productos_0035_Adaptador-Hidraulico-Hembra-NPSM-a-Hembra-NPT-12x12.jpg 12w, https:\/\/superhosepty.com\/wp-content\/uploads\/2023\/09\/Super-Hose-Productos_0035_Adaptador-Hidraulico-Hembra-NPSM-a-Hembra-NPT.jpg 550w\" sizes=\"(max-width: 400px) 100vw, 400px\" \/><h2 class=\"woocommerce-loop-product__title\">Hydraulic Adapter - Female NPSM to Female NPT<\/h2>\n<\/a>\t<span id=\"woocommerce_loop_add_to_cart_link_describedby_634\" class=\"screen-reader-text\">\n\t\t\t<\/span>\n<\/li>\n<li class=\"product type-product post-639 status-publish instock product_cat-adaptadores has-post-thumbnail taxable shipping-taxable purchasable product-type-simple\">\n\t<a href=\"https:\/\/superhosepty.com\/en\/product\/hydraulic-adapter-male-jic-to-male-oring-848fso\/\" class=\"woocommerce-LoopProduct-link woocommerce-loop-product__link\"><img decoding=\"async\" width=\"400\" height=\"400\" src=\"https:\/\/superhosepty.com\/wp-content\/uploads\/2023\/09\/Super-Hose-Productos_0030_Adaptador-Hidraulico-Macho-JIC-a-Macho-O-Ring-848FSO-400x400.jpg\" class=\"attachment-woocommerce_thumbnail size-woocommerce_thumbnail\" alt=\"\" srcset=\"https:\/\/superhosepty.com\/wp-content\/uploads\/2023\/09\/Super-Hose-Productos_0030_Adaptador-Hidraulico-Macho-JIC-a-Macho-O-Ring-848FSO-400x400.jpg 400w, https:\/\/superhosepty.com\/wp-content\/uploads\/2023\/09\/Super-Hose-Productos_0030_Adaptador-Hidraulico-Macho-JIC-a-Macho-O-Ring-848FSO-100x100.jpg 100w, https:\/\/superhosepty.com\/wp-content\/uploads\/2023\/09\/Super-Hose-Productos_0030_Adaptador-Hidraulico-Macho-JIC-a-Macho-O-Ring-848FSO-64x64.jpg 64w, https:\/\/superhosepty.com\/wp-content\/uploads\/2023\/09\/Super-Hose-Productos_0030_Adaptador-Hidraulico-Macho-JIC-a-Macho-O-Ring-848FSO-300x300.jpg 300w, https:\/\/superhosepty.com\/wp-content\/uploads\/2023\/09\/Super-Hose-Productos_0030_Adaptador-Hidraulico-Macho-JIC-a-Macho-O-Ring-848FSO-150x150.jpg 150w, https:\/\/superhosepty.com\/wp-content\/uploads\/2023\/09\/Super-Hose-Productos_0030_Adaptador-Hidraulico-Macho-JIC-a-Macho-O-Ring-848FSO-12x12.jpg 12w, https:\/\/superhosepty.com\/wp-content\/uploads\/2023\/09\/Super-Hose-Productos_0030_Adaptador-Hidraulico-Macho-JIC-a-Macho-O-Ring-848FSO.jpg 550w\" sizes=\"(max-width: 400px) 100vw, 400px\" \/><h2 class=\"woocommerce-loop-product__title\">Hydraulic Adapter - Male JIC to Male ORing 848FSO<\/h2>\n<\/a>\t<span id=\"woocommerce_loop_add_to_cart_link_describedby_639\" class=\"screen-reader-text\">\n\t\t\t<\/span>\n<\/li>\n<li class=\"product type-product post-635 status-publish last instock product_cat-adaptadores has-post-thumbnail taxable shipping-taxable purchasable product-type-simple\">\n\t<a href=\"https:\/\/superhosepty.com\/en\/product\/hydraulic-adapter-male-npt-to-male-jic-848fs\/\" class=\"woocommerce-LoopProduct-link woocommerce-loop-product__link\"><img decoding=\"async\" width=\"400\" height=\"400\" src=\"https:\/\/superhosepty.com\/wp-content\/uploads\/2023\/09\/Super-Hose-Productos_0034_Adaptador-Hidraulico-Macho-NPT-a-Macho-JIC-848FS-400x400.jpg\" class=\"attachment-woocommerce_thumbnail size-woocommerce_thumbnail\" alt=\"\" srcset=\"https:\/\/superhosepty.com\/wp-content\/uploads\/2023\/09\/Super-Hose-Productos_0034_Adaptador-Hidraulico-Macho-NPT-a-Macho-JIC-848FS-400x400.jpg 400w, https:\/\/superhosepty.com\/wp-content\/uploads\/2023\/09\/Super-Hose-Productos_0034_Adaptador-Hidraulico-Macho-NPT-a-Macho-JIC-848FS-100x100.jpg 100w, https:\/\/superhosepty.com\/wp-content\/uploads\/2023\/09\/Super-Hose-Productos_0034_Adaptador-Hidraulico-Macho-NPT-a-Macho-JIC-848FS-64x64.jpg 64w, https:\/\/superhosepty.com\/wp-content\/uploads\/2023\/09\/Super-Hose-Productos_0034_Adaptador-Hidraulico-Macho-NPT-a-Macho-JIC-848FS-300x300.jpg 300w, https:\/\/superhosepty.com\/wp-content\/uploads\/2023\/09\/Super-Hose-Productos_0034_Adaptador-Hidraulico-Macho-NPT-a-Macho-JIC-848FS-150x150.jpg 150w, https:\/\/superhosepty.com\/wp-content\/uploads\/2023\/09\/Super-Hose-Productos_0034_Adaptador-Hidraulico-Macho-NPT-a-Macho-JIC-848FS-12x12.jpg 12w, https:\/\/superhosepty.com\/wp-content\/uploads\/2023\/09\/Super-Hose-Productos_0034_Adaptador-Hidraulico-Macho-NPT-a-Macho-JIC-848FS.jpg 550w\" sizes=\"(max-width: 400px) 100vw, 400px\" \/><h2 class=\"woocommerce-loop-product__title\">Hydraulic Adapter - Male NPT to Male JIC 848FS<\/h2>\n<\/a>\t<span id=\"woocommerce_loop_add_to_cart_link_describedby_635\" class=\"screen-reader-text\">\n\t\t\t<\/span>\n<\/li>\n<li class=\"product type-product post-640 status-publish first instock product_cat-adaptadores has-post-thumbnail featured taxable shipping-taxable purchasable product-type-simple\">\n\t<a href=\"https:\/\/superhosepty.com\/en\/product\/hydraulic-adapter-male-oring-to-male-jic-45-854fs\/\" class=\"woocommerce-LoopProduct-link woocommerce-loop-product__link\"><img loading=\"lazy\" decoding=\"async\" width=\"400\" height=\"400\" src=\"https:\/\/superhosepty.com\/wp-content\/uploads\/2023\/09\/Super-Hose-Productos_0029_Adaptador-Hidraulico-Macho-O-Ring-a-Macho-JIC-a-45-854FS-400x400.jpg\" class=\"attachment-woocommerce_thumbnail size-woocommerce_thumbnail\" alt=\"\" srcset=\"https:\/\/superhosepty.com\/wp-content\/uploads\/2023\/09\/Super-Hose-Productos_0029_Adaptador-Hidraulico-Macho-O-Ring-a-Macho-JIC-a-45-854FS-400x400.jpg 400w, https:\/\/superhosepty.com\/wp-content\/uploads\/2023\/09\/Super-Hose-Productos_0029_Adaptador-Hidraulico-Macho-O-Ring-a-Macho-JIC-a-45-854FS-100x100.jpg 100w, https:\/\/superhosepty.com\/wp-content\/uploads\/2023\/09\/Super-Hose-Productos_0029_Adaptador-Hidraulico-Macho-O-Ring-a-Macho-JIC-a-45-854FS-64x64.jpg 64w, https:\/\/superhosepty.com\/wp-content\/uploads\/2023\/09\/Super-Hose-Productos_0029_Adaptador-Hidraulico-Macho-O-Ring-a-Macho-JIC-a-45-854FS-300x300.jpg 300w, https:\/\/superhosepty.com\/wp-content\/uploads\/2023\/09\/Super-Hose-Productos_0029_Adaptador-Hidraulico-Macho-O-Ring-a-Macho-JIC-a-45-854FS-150x150.jpg 150w, https:\/\/superhosepty.com\/wp-content\/uploads\/2023\/09\/Super-Hose-Productos_0029_Adaptador-Hidraulico-Macho-O-Ring-a-Macho-JIC-a-45-854FS-12x12.jpg 12w, https:\/\/superhosepty.com\/wp-content\/uploads\/2023\/09\/Super-Hose-Productos_0029_Adaptador-Hidraulico-Macho-O-Ring-a-Macho-JIC-a-45-854FS.jpg 550w\" sizes=\"(max-width: 400px) 100vw, 400px\" \/><h2 class=\"woocommerce-loop-product__title\">Hydraulic Adapter - Male ORing to Male JIC 45 854FS<\/h2>\n<\/a>\t<span id=\"woocommerce_loop_add_to_cart_link_describedby_640\" class=\"screen-reader-text\">\n\t\t\t<\/span>\n<\/li>\n<li class=\"product type-product post-636 status-publish instock product_cat-adaptadores has-post-thumbnail featured taxable shipping-taxable purchasable product-type-simple\">\n\t<a href=\"https:\/\/superhosepty.com\/en\/product\/hydraulic-adapter-male-o-ring-to-male-jic-90-849fso\/\" class=\"woocommerce-LoopProduct-link woocommerce-loop-product__link\"><img loading=\"lazy\" decoding=\"async\" width=\"400\" height=\"400\" src=\"https:\/\/superhosepty.com\/wp-content\/uploads\/2023\/09\/Super-Hose-Productos_0033_Adaptador-Hidraulico-Macho-O-Ring-a-Macho-JIC-a-90-849FSO-400x400.jpg\" class=\"attachment-woocommerce_thumbnail size-woocommerce_thumbnail\" alt=\"\" srcset=\"https:\/\/superhosepty.com\/wp-content\/uploads\/2023\/09\/Super-Hose-Productos_0033_Adaptador-Hidraulico-Macho-O-Ring-a-Macho-JIC-a-90-849FSO-400x400.jpg 400w, https:\/\/superhosepty.com\/wp-content\/uploads\/2023\/09\/Super-Hose-Productos_0033_Adaptador-Hidraulico-Macho-O-Ring-a-Macho-JIC-a-90-849FSO-100x100.jpg 100w, https:\/\/superhosepty.com\/wp-content\/uploads\/2023\/09\/Super-Hose-Productos_0033_Adaptador-Hidraulico-Macho-O-Ring-a-Macho-JIC-a-90-849FSO-64x64.jpg 64w, https:\/\/superhosepty.com\/wp-content\/uploads\/2023\/09\/Super-Hose-Productos_0033_Adaptador-Hidraulico-Macho-O-Ring-a-Macho-JIC-a-90-849FSO-300x300.jpg 300w, https:\/\/superhosepty.com\/wp-content\/uploads\/2023\/09\/Super-Hose-Productos_0033_Adaptador-Hidraulico-Macho-O-Ring-a-Macho-JIC-a-90-849FSO-150x150.jpg 150w, https:\/\/superhosepty.com\/wp-content\/uploads\/2023\/09\/Super-Hose-Productos_0033_Adaptador-Hidraulico-Macho-O-Ring-a-Macho-JIC-a-90-849FSO-12x12.jpg 12w, https:\/\/superhosepty.com\/wp-content\/uploads\/2023\/09\/Super-Hose-Productos_0033_Adaptador-Hidraulico-Macho-O-Ring-a-Macho-JIC-a-90-849FSO.jpg 550w\" sizes=\"(max-width: 400px) 100vw, 400px\" \/><h2 class=\"woocommerce-loop-product__title\">Hydraulic Adapter - Male O-Ring to Male JIC 90 849FSO<\/h2>\n<\/a>\t<span id=\"woocommerce_loop_add_to_cart_link_describedby_636\" class=\"screen-reader-text\">\n\t\t\t<\/span>\n<\/li>\n<li class=\"product type-product post-637 status-publish last instock product_cat-adaptadores has-post-thumbnail taxable shipping-taxable purchasable product-type-simple\">\n\t<a href=\"https:\/\/superhosepty.com\/en\/product\/hydraulic-adapter-male-orfs-tee-to-male-oring\/\" class=\"woocommerce-LoopProduct-link woocommerce-loop-product__link\"><img loading=\"lazy\" decoding=\"async\" width=\"400\" height=\"400\" src=\"https:\/\/superhosepty.com\/wp-content\/uploads\/2023\/09\/Super-Hose-Productos_0032_Adaptadores-Hidraulicos-Tee-Macho-ORFS-a-Macho-O-Ring-400x400.jpg\" class=\"attachment-woocommerce_thumbnail size-woocommerce_thumbnail\" alt=\"\" srcset=\"https:\/\/superhosepty.com\/wp-content\/uploads\/2023\/09\/Super-Hose-Productos_0032_Adaptadores-Hidraulicos-Tee-Macho-ORFS-a-Macho-O-Ring-400x400.jpg 400w, https:\/\/superhosepty.com\/wp-content\/uploads\/2023\/09\/Super-Hose-Productos_0032_Adaptadores-Hidraulicos-Tee-Macho-ORFS-a-Macho-O-Ring-100x100.jpg 100w, https:\/\/superhosepty.com\/wp-content\/uploads\/2023\/09\/Super-Hose-Productos_0032_Adaptadores-Hidraulicos-Tee-Macho-ORFS-a-Macho-O-Ring-64x64.jpg 64w, https:\/\/superhosepty.com\/wp-content\/uploads\/2023\/09\/Super-Hose-Productos_0032_Adaptadores-Hidraulicos-Tee-Macho-ORFS-a-Macho-O-Ring-300x300.jpg 300w, https:\/\/superhosepty.com\/wp-content\/uploads\/2023\/09\/Super-Hose-Productos_0032_Adaptadores-Hidraulicos-Tee-Macho-ORFS-a-Macho-O-Ring-150x150.jpg 150w, https:\/\/superhosepty.com\/wp-content\/uploads\/2023\/09\/Super-Hose-Productos_0032_Adaptadores-Hidraulicos-Tee-Macho-ORFS-a-Macho-O-Ring-12x12.jpg 12w, https:\/\/superhosepty.com\/wp-content\/uploads\/2023\/09\/Super-Hose-Productos_0032_Adaptadores-Hidraulicos-Tee-Macho-ORFS-a-Macho-O-Ring.jpg 550w\" sizes=\"(max-width: 400px) 100vw, 400px\" \/><h2 class=\"woocommerce-loop-product__title\">Hydraulic Adapter - Male ORFS Tee to Male ORing<\/h2>\n<\/a>\t<span id=\"woocommerce_loop_add_to_cart_link_describedby_637\" class=\"screen-reader-text\">\n\t\t\t<\/span>\n<\/li>\n<li class=\"product type-product post-638 status-publish first instock product_cat-adaptadores has-post-thumbnail taxable shipping-taxable purchasable product-type-simple\">\n\t<a href=\"https:\/\/superhosepty.com\/en\/product\/hydraulic-adapter-female-npt-union-24sb\/\" class=\"woocommerce-LoopProduct-link woocommerce-loop-product__link\"><img loading=\"lazy\" decoding=\"async\" width=\"400\" height=\"400\" src=\"https:\/\/superhosepty.com\/wp-content\/uploads\/2023\/09\/Super-Hose-Productos_0031_Adaptador-Hidraulico-Union-Hembra-NPT-24SB-400x400.jpg\" class=\"attachment-woocommerce_thumbnail size-woocommerce_thumbnail\" alt=\"\" srcset=\"https:\/\/superhosepty.com\/wp-content\/uploads\/2023\/09\/Super-Hose-Productos_0031_Adaptador-Hidraulico-Union-Hembra-NPT-24SB-400x400.jpg 400w, https:\/\/superhosepty.com\/wp-content\/uploads\/2023\/09\/Super-Hose-Productos_0031_Adaptador-Hidraulico-Union-Hembra-NPT-24SB-100x100.jpg 100w, https:\/\/superhosepty.com\/wp-content\/uploads\/2023\/09\/Super-Hose-Productos_0031_Adaptador-Hidraulico-Union-Hembra-NPT-24SB-64x64.jpg 64w, https:\/\/superhosepty.com\/wp-content\/uploads\/2023\/09\/Super-Hose-Productos_0031_Adaptador-Hidraulico-Union-Hembra-NPT-24SB-300x300.jpg 300w, https:\/\/superhosepty.com\/wp-content\/uploads\/2023\/09\/Super-Hose-Productos_0031_Adaptador-Hidraulico-Union-Hembra-NPT-24SB-150x150.jpg 150w, https:\/\/superhosepty.com\/wp-content\/uploads\/2023\/09\/Super-Hose-Productos_0031_Adaptador-Hidraulico-Union-Hembra-NPT-24SB-12x12.jpg 12w, https:\/\/superhosepty.com\/wp-content\/uploads\/2023\/09\/Super-Hose-Productos_0031_Adaptador-Hidraulico-Union-Hembra-NPT-24SB.jpg 550w\" sizes=\"(max-width: 400px) 100vw, 400px\" \/><h2 class=\"woocommerce-loop-product__title\">Hydraulic Adapter - Female NPT Union 24SB<\/h2>\n<\/a>\t<span id=\"woocommerce_loop_add_to_cart_link_describedby_638\" class=\"screen-reader-text\">\n\t\t\t<\/span>\n<\/li>\n<\/ul>\n<\/div><\/p>\t\t\t\t\t\t\t\t<\/div>\n\t\t\t\t<\/div>\n\t\t\t\t\t<\/div>\n\t\t<\/div>\n\t\t\t\t\t<\/div>\n\t\t<\/section>\n\t\t\t\t<\/div>","protected":false},"excerpt":{"rendered":"<p>Conexiones Seguras con Nuestros Adaptadores Hidr\u00e1ulicos Nuestra amplia gama de adaptadores hidr\u00e1ulicos est\u00e1 dise\u00f1ada para satisfacer tus requisitos \u00fanicos. Ofrecemos una gran selecci\u00f3n de adaptadores hidr\u00e1ulicos con una variedad de roscas y formas. Nuestros adaptadores hidr\u00e1ulicos proporcionan una conexi\u00f3n segura y confiable, mejorando la eficiencia y el rendimiento de tus sistemas hidr\u00e1ulicos.<\/p>","protected":false},"author":2,"featured_media":0,"parent":0,"menu_order":0,"comment_status":"closed","ping_status":"closed","template":"","meta":{"footnotes":""},"class_list":["post-796","page","type-page","status-publish","hentry"],"aioseo_notices":[],"_links":{"self":[{"href":"https:\/\/superhosepty.com\/en\/wp-json\/wp\/v2\/pages\/796","targetHints":{"allow":["GET"]}}],"collection":[{"href":"https:\/\/superhosepty.com\/en\/wp-json\/wp\/v2\/pages"}],"about":[{"href":"https:\/\/superhosepty.com\/en\/wp-json\/wp\/v2\/types\/page"}],"author":[{"embeddable":true,"href":"https:\/\/superhosepty.com\/en\/wp-json\/wp\/v2\/users\/2"}],"replies":[{"embeddable":true,"href":"https:\/\/superhosepty.com\/en\/wp-json\/wp\/v2\/comments?post=796"}],"version-history":[{"count":0,"href":"https:\/\/superhosepty.com\/en\/wp-json\/wp\/v2\/pages\/796\/revisions"}],"wp:attachment":[{"href":"https:\/\/superhosepty.com\/en\/wp-json\/wp\/v2\/media?parent=796"}],"curies":[{"name":"wp","href":"https:\/\/api.w.org\/{rel}","templated":true}]}}