{"id":801,"date":"2023-09-14T00:06:05","date_gmt":"2023-09-14T00:06:05","guid":{"rendered":"https:\/\/superhosepty.com\/?page_id=801"},"modified":"2023-09-14T18:35:54","modified_gmt":"2023-09-14T18:35:54","slug":"bronze-fittings","status":"publish","type":"page","link":"https:\/\/superhosepty.com\/en\/bronze-fittings\/","title":{"rendered":"Bronze Fittings"},"content":{"rendered":"<div data-elementor-type=\"wp-page\" data-elementor-id=\"801\" class=\"elementor elementor-801\" data-elementor-post-type=\"page\">\n\t\t\t\t\t\t<section class=\"elementor-section elementor-top-section elementor-element elementor-element-8c1f8ce elementor-section-boxed elementor-section-height-default elementor-section-height-default\" data-id=\"8c1f8ce\" data-element_type=\"section\" data-settings=\"{&quot;background_background&quot;:&quot;classic&quot;}\">\n\t\t\t\t\t\t\t<div class=\"elementor-background-overlay\"><\/div>\n\t\t\t\t\t\t\t<div class=\"elementor-container elementor-column-gap-no\">\n\t\t\t\t\t<div class=\"elementor-column elementor-col-100 elementor-top-column elementor-element elementor-element-1c61cdc\" data-id=\"1c61cdc\" data-element_type=\"column\" data-settings=\"{&quot;background_background&quot;:&quot;classic&quot;}\">\n\t\t\t<div class=\"elementor-widget-wrap elementor-element-populated\">\n\t\t\t\t\t\t\t<\/div>\n\t\t<\/div>\n\t\t\t\t\t<\/div>\n\t\t<\/section>\n\t\t\t\t<section class=\"elementor-section elementor-top-section elementor-element elementor-element-391dfb6a elementor-reverse-tablet elementor-reverse-mobile elementor-section-boxed elementor-section-height-default elementor-section-height-default\" data-id=\"391dfb6a\" data-element_type=\"section\">\n\t\t\t\t\t\t\t<div class=\"elementor-background-overlay\"><\/div>\n\t\t\t\t\t\t\t<div class=\"elementor-container elementor-column-gap-no\">\n\t\t\t\t\t<div class=\"elementor-column elementor-col-50 elementor-top-column elementor-element elementor-element-742f769b\" data-id=\"742f769b\" data-element_type=\"column\">\n\t\t\t<div class=\"elementor-widget-wrap elementor-element-populated\">\n\t\t\t\t\t\t<div class=\"elementor-element elementor-element-6a9f8320 elementor-widget elementor-widget-spacer\" data-id=\"6a9f8320\" data-element_type=\"widget\" data-widget_type=\"spacer.default\">\n\t\t\t\t<div class=\"elementor-widget-container\">\n\t\t\t\t\t\t\t<div class=\"elementor-spacer\">\n\t\t\t<div class=\"elementor-spacer-inner\"><\/div>\n\t\t<\/div>\n\t\t\t\t\t\t<\/div>\n\t\t\t\t<\/div>\n\t\t\t\t\t<\/div>\n\t\t<\/div>\n\t\t\t\t<div class=\"elementor-column elementor-col-50 elementor-top-column elementor-element elementor-element-4b896f21\" data-id=\"4b896f21\" data-element_type=\"column\">\n\t\t\t<div class=\"elementor-widget-wrap elementor-element-populated\">\n\t\t\t\t\t\t<div class=\"elementor-element elementor-element-40990344 elementor-widget elementor-widget-heading\" data-id=\"40990344\" data-element_type=\"widget\" data-widget_type=\"heading.default\">\n\t\t\t\t<div class=\"elementor-widget-container\">\n\t\t\t\t\t<h2 class=\"elementor-heading-title elementor-size-default\">Reliable Fittings and Seamless Connections<\/h2>\t\t\t\t<\/div>\n\t\t\t\t<\/div>\n\t\t\t\t<div class=\"elementor-element elementor-element-5df9ded9 elementor-widget elementor-widget-text-editor\" data-id=\"5df9ded9\" data-element_type=\"widget\" data-widget_type=\"text-editor.default\">\n\t\t\t\t<div class=\"elementor-widget-container\">\n\t\t\t\t\t\t\t\t\t<p>Whether for industrial, commercial, or residential applications, our fittings ensure a secure and reliable connection. Find the right pipe accessories for your needs in our Fitting catalog. <strong>cat\u00e1logo<\/strong> We offer a wide variety of connections for plumbing, gas, compressed air, and more. Our high-quality accessories guarantee a safe and reliable installation for optimal performance.<\/p>\t\t\t\t\t\t\t\t<\/div>\n\t\t\t\t<\/div>\n\t\t\t\t\t<\/div>\n\t\t<\/div>\n\t\t\t\t\t<\/div>\n\t\t<\/section>\n\t\t\t\t<section class=\"elementor-section elementor-top-section elementor-element elementor-element-61dda62d elementor-section-boxed elementor-section-height-default elementor-section-height-default\" data-id=\"61dda62d\" data-element_type=\"section\" data-settings=\"{&quot;background_background&quot;:&quot;classic&quot;}\">\n\t\t\t\t\t\t\t<div class=\"elementor-background-overlay\"><\/div>\n\t\t\t\t\t\t\t<div class=\"elementor-container elementor-column-gap-no\">\n\t\t\t\t\t<div class=\"elementor-column elementor-col-100 elementor-top-column elementor-element elementor-element-5bb6fdfe\" data-id=\"5bb6fdfe\" data-element_type=\"column\">\n\t\t\t<div class=\"elementor-widget-wrap elementor-element-populated\">\n\t\t\t\t\t\t<div class=\"elementor-element elementor-element-fbf83a4 elementor-widget elementor-widget-text-editor\" data-id=\"fbf83a4\" data-element_type=\"widget\" data-widget_type=\"text-editor.default\">\n\t\t\t\t<div class=\"elementor-widget-container\">\n\t\t\t\t\t\t\t\t\t<p><div class=\"woocommerce columns-3\"><div class=\"woocommerce-notices-wrapper\"><\/div><p class=\"woocommerce-result-count\" >\n\tShowing all 9 results<\/p>\n<form class=\"woocommerce-ordering\" method=\"get\" action=\"\">\n\t<select name=\"orderby\" class=\"orderby\" aria-label=\"Shop order\" data-no-translation-aria-label=\"\">\n\t\t\t\t\t<option value=\"menu_order\"  selected='selected' data-no-translation=\"\" data-trp-gettext=\"\">Default sorting<\/option>\n\t\t\t\t\t<option value=\"popularity\" data-no-translation=\"\" data-trp-gettext=\"\" >Sort by popularity<\/option>\n\t\t\t\t\t<option value=\"date\" data-no-translation=\"\" data-trp-gettext=\"\" >Sort by latest<\/option>\n\t\t\t\t\t<option value=\"price\" data-no-translation=\"\" data-trp-gettext=\"\" >Sort by price: low to high<\/option>\n\t\t\t\t\t<option value=\"price-desc\" data-no-translation=\"\" data-trp-gettext=\"\" >Sort by price: high to low<\/option>\n\t\t\t<\/select>\n\t<input type=\"hidden\" name=\"paged\" value=\"1\" \/>\n\t<input type=\"hidden\" name=\"trp-form-language\" value=\"en\"\/><\/form>\n<ul class=\"products columns-3\">\n<li class=\"product type-product post-651 status-publish first instock product_cat-fittings-de-bronce has-post-thumbnail taxable shipping-taxable purchasable product-type-simple\">\n\t<a href=\"https:\/\/superhosepty.com\/en\/product\/compression-elbow-fitting-nacobre\/\" class=\"woocommerce-LoopProduct-link woocommerce-loop-product__link\"><img fetchpriority=\"high\" decoding=\"async\" width=\"400\" height=\"400\" src=\"https:\/\/superhosepty.com\/wp-content\/uploads\/2023\/09\/Super-Hose-Productos_0000_Codo-de-Compresion-NACOBRE-400x400.jpg\" class=\"attachment-woocommerce_thumbnail size-woocommerce_thumbnail\" alt=\"\" srcset=\"https:\/\/superhosepty.com\/wp-content\/uploads\/2023\/09\/Super-Hose-Productos_0000_Codo-de-Compresion-NACOBRE-400x400.jpg 400w, https:\/\/superhosepty.com\/wp-content\/uploads\/2023\/09\/Super-Hose-Productos_0000_Codo-de-Compresion-NACOBRE-100x100.jpg 100w, https:\/\/superhosepty.com\/wp-content\/uploads\/2023\/09\/Super-Hose-Productos_0000_Codo-de-Compresion-NACOBRE-64x64.jpg 64w, https:\/\/superhosepty.com\/wp-content\/uploads\/2023\/09\/Super-Hose-Productos_0000_Codo-de-Compresion-NACOBRE-300x300.jpg 300w, https:\/\/superhosepty.com\/wp-content\/uploads\/2023\/09\/Super-Hose-Productos_0000_Codo-de-Compresion-NACOBRE-150x150.jpg 150w, https:\/\/superhosepty.com\/wp-content\/uploads\/2023\/09\/Super-Hose-Productos_0000_Codo-de-Compresion-NACOBRE-12x12.jpg 12w, https:\/\/superhosepty.com\/wp-content\/uploads\/2023\/09\/Super-Hose-Productos_0000_Codo-de-Compresion-NACOBRE.jpg 550w\" sizes=\"(max-width: 400px) 100vw, 400px\" \/><h2 class=\"woocommerce-loop-product__title\">Compression Elbow Fitting - NACOBRE<\/h2>\n<\/a>\t<span id=\"woocommerce_loop_add_to_cart_link_describedby_651\" class=\"screen-reader-text\">\n\t\t\t<\/span>\n<\/li>\n<li class=\"product type-product post-641 status-publish instock product_cat-fittings-de-bronce has-post-thumbnail taxable shipping-taxable purchasable product-type-simple\">\n\t<a href=\"https:\/\/superhosepty.com\/en\/product\/fitting-female-npt-to-male-flare\/\" class=\"woocommerce-LoopProduct-link woocommerce-loop-product__link\"><img decoding=\"async\" width=\"400\" height=\"400\" src=\"https:\/\/superhosepty.com\/wp-content\/uploads\/2023\/09\/Super-Hose-Productos_0028_Fitting-Codo-Hembra-NPT-a-Macho-Flare-400x400.jpg\" class=\"attachment-woocommerce_thumbnail size-woocommerce_thumbnail\" alt=\"\" srcset=\"https:\/\/superhosepty.com\/wp-content\/uploads\/2023\/09\/Super-Hose-Productos_0028_Fitting-Codo-Hembra-NPT-a-Macho-Flare-400x400.jpg 400w, https:\/\/superhosepty.com\/wp-content\/uploads\/2023\/09\/Super-Hose-Productos_0028_Fitting-Codo-Hembra-NPT-a-Macho-Flare-100x100.jpg 100w, https:\/\/superhosepty.com\/wp-content\/uploads\/2023\/09\/Super-Hose-Productos_0028_Fitting-Codo-Hembra-NPT-a-Macho-Flare-64x64.jpg 64w, https:\/\/superhosepty.com\/wp-content\/uploads\/2023\/09\/Super-Hose-Productos_0028_Fitting-Codo-Hembra-NPT-a-Macho-Flare-300x300.jpg 300w, https:\/\/superhosepty.com\/wp-content\/uploads\/2023\/09\/Super-Hose-Productos_0028_Fitting-Codo-Hembra-NPT-a-Macho-Flare-150x150.jpg 150w, https:\/\/superhosepty.com\/wp-content\/uploads\/2023\/09\/Super-Hose-Productos_0028_Fitting-Codo-Hembra-NPT-a-Macho-Flare-12x12.jpg 12w, https:\/\/superhosepty.com\/wp-content\/uploads\/2023\/09\/Super-Hose-Productos_0028_Fitting-Codo-Hembra-NPT-a-Macho-Flare.jpg 550w\" sizes=\"(max-width: 400px) 100vw, 400px\" \/><h2 class=\"woocommerce-loop-product__title\">Fitting - Female NPT to Male Flare<\/h2>\n<\/a>\t<span id=\"woocommerce_loop_add_to_cart_link_describedby_641\" class=\"screen-reader-text\">\n\t\t\t<\/span>\n<\/li>\n<li class=\"product type-product post-642 status-publish last instock product_cat-fittings-de-bronce has-post-thumbnail taxable shipping-taxable purchasable product-type-simple\">\n\t<a href=\"https:\/\/superhosepty.com\/en\/product\/compression-fitting-nacobre\/\" class=\"woocommerce-LoopProduct-link woocommerce-loop-product__link\"><img decoding=\"async\" width=\"400\" height=\"400\" src=\"https:\/\/superhosepty.com\/wp-content\/uploads\/2023\/09\/Super-Hose-Productos_0027_Fitting-de-Compresion-NACOBRE-Rosca-NPT-400x400.jpg\" class=\"attachment-woocommerce_thumbnail size-woocommerce_thumbnail\" alt=\"\" srcset=\"https:\/\/superhosepty.com\/wp-content\/uploads\/2023\/09\/Super-Hose-Productos_0027_Fitting-de-Compresion-NACOBRE-Rosca-NPT-400x400.jpg 400w, https:\/\/superhosepty.com\/wp-content\/uploads\/2023\/09\/Super-Hose-Productos_0027_Fitting-de-Compresion-NACOBRE-Rosca-NPT-100x100.jpg 100w, https:\/\/superhosepty.com\/wp-content\/uploads\/2023\/09\/Super-Hose-Productos_0027_Fitting-de-Compresion-NACOBRE-Rosca-NPT-64x64.jpg 64w, https:\/\/superhosepty.com\/wp-content\/uploads\/2023\/09\/Super-Hose-Productos_0027_Fitting-de-Compresion-NACOBRE-Rosca-NPT-300x300.jpg 300w, https:\/\/superhosepty.com\/wp-content\/uploads\/2023\/09\/Super-Hose-Productos_0027_Fitting-de-Compresion-NACOBRE-Rosca-NPT-150x150.jpg 150w, https:\/\/superhosepty.com\/wp-content\/uploads\/2023\/09\/Super-Hose-Productos_0027_Fitting-de-Compresion-NACOBRE-Rosca-NPT-12x12.jpg 12w, https:\/\/superhosepty.com\/wp-content\/uploads\/2023\/09\/Super-Hose-Productos_0027_Fitting-de-Compresion-NACOBRE-Rosca-NPT.jpg 550w\" sizes=\"(max-width: 400px) 100vw, 400px\" \/><h2 class=\"woocommerce-loop-product__title\">Compression Fitting - NACOBRE<\/h2>\n<\/a>\t<span id=\"woocommerce_loop_add_to_cart_link_describedby_642\" class=\"screen-reader-text\">\n\t\t\t<\/span>\n<\/li>\n<li class=\"product type-product post-643 status-publish first instock product_cat-fittings-de-bronce has-post-thumbnail taxable shipping-taxable purchasable product-type-simple\">\n\t<a href=\"https:\/\/superhosepty.com\/en\/product\/garden-male-fitting-nacobre\/\" class=\"woocommerce-LoopProduct-link woocommerce-loop-product__link\"><img loading=\"lazy\" decoding=\"async\" width=\"400\" height=\"400\" src=\"https:\/\/superhosepty.com\/wp-content\/uploads\/2023\/09\/Super-Hose-Productos_0026_Fitting-NACOBRE-Macho-para-Jardin-400x400.jpg\" class=\"attachment-woocommerce_thumbnail size-woocommerce_thumbnail\" alt=\"\" srcset=\"https:\/\/superhosepty.com\/wp-content\/uploads\/2023\/09\/Super-Hose-Productos_0026_Fitting-NACOBRE-Macho-para-Jardin-400x400.jpg 400w, https:\/\/superhosepty.com\/wp-content\/uploads\/2023\/09\/Super-Hose-Productos_0026_Fitting-NACOBRE-Macho-para-Jardin-100x100.jpg 100w, https:\/\/superhosepty.com\/wp-content\/uploads\/2023\/09\/Super-Hose-Productos_0026_Fitting-NACOBRE-Macho-para-Jardin-64x64.jpg 64w, https:\/\/superhosepty.com\/wp-content\/uploads\/2023\/09\/Super-Hose-Productos_0026_Fitting-NACOBRE-Macho-para-Jardin-300x300.jpg 300w, https:\/\/superhosepty.com\/wp-content\/uploads\/2023\/09\/Super-Hose-Productos_0026_Fitting-NACOBRE-Macho-para-Jardin-150x150.jpg 150w, https:\/\/superhosepty.com\/wp-content\/uploads\/2023\/09\/Super-Hose-Productos_0026_Fitting-NACOBRE-Macho-para-Jardin-12x12.jpg 12w, https:\/\/superhosepty.com\/wp-content\/uploads\/2023\/09\/Super-Hose-Productos_0026_Fitting-NACOBRE-Macho-para-Jardin.jpg 550w\" sizes=\"(max-width: 400px) 100vw, 400px\" \/><h2 class=\"woocommerce-loop-product__title\">Garden Male Fitting - NACOBRE<\/h2>\n<\/a>\t<span id=\"woocommerce_loop_add_to_cart_link_describedby_643\" class=\"screen-reader-text\">\n\t\t\t<\/span>\n<\/li>\n<li class=\"product type-product post-644 status-publish instock product_cat-fittings-de-bronce has-post-thumbnail taxable shipping-taxable purchasable product-type-simple\">\n\t<a href=\"https:\/\/superhosepty.com\/en\/product\/nipple-fitting-nacobre\/\" class=\"woocommerce-LoopProduct-link woocommerce-loop-product__link\"><img loading=\"lazy\" decoding=\"async\" width=\"400\" height=\"400\" src=\"https:\/\/superhosepty.com\/wp-content\/uploads\/2023\/09\/Super-Hose-Productos_0025_Fitting-NACOBRE-Niple-NPT-400x400.jpg\" class=\"attachment-woocommerce_thumbnail size-woocommerce_thumbnail\" alt=\"\" srcset=\"https:\/\/superhosepty.com\/wp-content\/uploads\/2023\/09\/Super-Hose-Productos_0025_Fitting-NACOBRE-Niple-NPT-400x400.jpg 400w, https:\/\/superhosepty.com\/wp-content\/uploads\/2023\/09\/Super-Hose-Productos_0025_Fitting-NACOBRE-Niple-NPT-100x100.jpg 100w, https:\/\/superhosepty.com\/wp-content\/uploads\/2023\/09\/Super-Hose-Productos_0025_Fitting-NACOBRE-Niple-NPT-64x64.jpg 64w, https:\/\/superhosepty.com\/wp-content\/uploads\/2023\/09\/Super-Hose-Productos_0025_Fitting-NACOBRE-Niple-NPT-300x300.jpg 300w, https:\/\/superhosepty.com\/wp-content\/uploads\/2023\/09\/Super-Hose-Productos_0025_Fitting-NACOBRE-Niple-NPT-150x150.jpg 150w, https:\/\/superhosepty.com\/wp-content\/uploads\/2023\/09\/Super-Hose-Productos_0025_Fitting-NACOBRE-Niple-NPT-12x12.jpg 12w, https:\/\/superhosepty.com\/wp-content\/uploads\/2023\/09\/Super-Hose-Productos_0025_Fitting-NACOBRE-Niple-NPT.jpg 550w\" sizes=\"(max-width: 400px) 100vw, 400px\" \/><h2 class=\"woocommerce-loop-product__title\">Nipple Fitting - NACOBRE<\/h2>\n<\/a>\t<span id=\"woocommerce_loop_add_to_cart_link_describedby_644\" class=\"screen-reader-text\">\n\t\t\t<\/span>\n<\/li>\n<li class=\"product type-product post-646 status-publish last instock product_cat-fittings-de-bronce has-post-thumbnail featured taxable shipping-taxable purchasable product-type-simple\">\n\t<a href=\"https:\/\/superhosepty.com\/en\/product\/various-npt-fittings-nacobre\/\" class=\"woocommerce-LoopProduct-link woocommerce-loop-product__link\"><img loading=\"lazy\" decoding=\"async\" width=\"400\" height=\"400\" src=\"https:\/\/superhosepty.com\/wp-content\/uploads\/2023\/09\/Super-Hose-Productos_0024_Fitting-NACOBRE-Varios-NPT-400x400.jpg\" class=\"attachment-woocommerce_thumbnail size-woocommerce_thumbnail\" alt=\"\" srcset=\"https:\/\/superhosepty.com\/wp-content\/uploads\/2023\/09\/Super-Hose-Productos_0024_Fitting-NACOBRE-Varios-NPT-400x400.jpg 400w, https:\/\/superhosepty.com\/wp-content\/uploads\/2023\/09\/Super-Hose-Productos_0024_Fitting-NACOBRE-Varios-NPT-100x100.jpg 100w, https:\/\/superhosepty.com\/wp-content\/uploads\/2023\/09\/Super-Hose-Productos_0024_Fitting-NACOBRE-Varios-NPT-64x64.jpg 64w, https:\/\/superhosepty.com\/wp-content\/uploads\/2023\/09\/Super-Hose-Productos_0024_Fitting-NACOBRE-Varios-NPT-300x300.jpg 300w, https:\/\/superhosepty.com\/wp-content\/uploads\/2023\/09\/Super-Hose-Productos_0024_Fitting-NACOBRE-Varios-NPT-150x150.jpg 150w, https:\/\/superhosepty.com\/wp-content\/uploads\/2023\/09\/Super-Hose-Productos_0024_Fitting-NACOBRE-Varios-NPT-12x12.jpg 12w, https:\/\/superhosepty.com\/wp-content\/uploads\/2023\/09\/Super-Hose-Productos_0024_Fitting-NACOBRE-Varios-NPT.jpg 550w\" sizes=\"(max-width: 400px) 100vw, 400px\" \/><h2 class=\"woocommerce-loop-product__title\">Various NPT Fittings - NACOBRE<\/h2>\n<\/a>\t<span id=\"woocommerce_loop_add_to_cart_link_describedby_646\" class=\"screen-reader-text\">\n\t\t\t<\/span>\n<\/li>\n<li class=\"product type-product post-645 status-publish first instock product_cat-fittings-de-bronce has-post-thumbnail taxable shipping-taxable purchasable product-type-simple\">\n\t<a href=\"https:\/\/superhosepty.com\/en\/product\/inverted-flare-tee-fitting-nacobre\/\" class=\"woocommerce-LoopProduct-link woocommerce-loop-product__link\"><img loading=\"lazy\" decoding=\"async\" width=\"400\" height=\"400\" src=\"https:\/\/superhosepty.com\/wp-content\/uploads\/2023\/09\/Super-Hose-Productos_0023_Fitting-NACOBRE-Tee-Flare-Invertido-400x400.jpg\" class=\"attachment-woocommerce_thumbnail size-woocommerce_thumbnail\" alt=\"\" srcset=\"https:\/\/superhosepty.com\/wp-content\/uploads\/2023\/09\/Super-Hose-Productos_0023_Fitting-NACOBRE-Tee-Flare-Invertido-400x400.jpg 400w, https:\/\/superhosepty.com\/wp-content\/uploads\/2023\/09\/Super-Hose-Productos_0023_Fitting-NACOBRE-Tee-Flare-Invertido-100x100.jpg 100w, https:\/\/superhosepty.com\/wp-content\/uploads\/2023\/09\/Super-Hose-Productos_0023_Fitting-NACOBRE-Tee-Flare-Invertido-64x64.jpg 64w, https:\/\/superhosepty.com\/wp-content\/uploads\/2023\/09\/Super-Hose-Productos_0023_Fitting-NACOBRE-Tee-Flare-Invertido-300x300.jpg 300w, https:\/\/superhosepty.com\/wp-content\/uploads\/2023\/09\/Super-Hose-Productos_0023_Fitting-NACOBRE-Tee-Flare-Invertido-150x150.jpg 150w, https:\/\/superhosepty.com\/wp-content\/uploads\/2023\/09\/Super-Hose-Productos_0023_Fitting-NACOBRE-Tee-Flare-Invertido-12x12.jpg 12w, https:\/\/superhosepty.com\/wp-content\/uploads\/2023\/09\/Super-Hose-Productos_0023_Fitting-NACOBRE-Tee-Flare-Invertido.jpg 550w\" sizes=\"(max-width: 400px) 100vw, 400px\" \/><h2 class=\"woocommerce-loop-product__title\">Inverted Flare Tee Fitting - NACOBRE<\/h2>\n<\/a>\t<span id=\"woocommerce_loop_add_to_cart_link_describedby_645\" class=\"screen-reader-text\">\n\t\t\t<\/span>\n<\/li>\n<li class=\"product type-product post-650 status-publish instock product_cat-fittings-de-bronce has-post-thumbnail taxable shipping-taxable purchasable product-type-simple\">\n\t<a href=\"https:\/\/superhosepty.com\/en\/product\/hose-union-fitting-nacobre\/\" class=\"woocommerce-LoopProduct-link woocommerce-loop-product__link\"><img loading=\"lazy\" decoding=\"async\" width=\"400\" height=\"400\" src=\"https:\/\/superhosepty.com\/wp-content\/uploads\/2023\/09\/Super-Hose-Productos_0000_Fitting-NACOBRE-Union-para-Manguera-KFRM-400x400.jpg\" class=\"attachment-woocommerce_thumbnail size-woocommerce_thumbnail\" alt=\"\" srcset=\"https:\/\/superhosepty.com\/wp-content\/uploads\/2023\/09\/Super-Hose-Productos_0000_Fitting-NACOBRE-Union-para-Manguera-KFRM-400x400.jpg 400w, https:\/\/superhosepty.com\/wp-content\/uploads\/2023\/09\/Super-Hose-Productos_0000_Fitting-NACOBRE-Union-para-Manguera-KFRM-100x100.jpg 100w, https:\/\/superhosepty.com\/wp-content\/uploads\/2023\/09\/Super-Hose-Productos_0000_Fitting-NACOBRE-Union-para-Manguera-KFRM-64x64.jpg 64w, https:\/\/superhosepty.com\/wp-content\/uploads\/2023\/09\/Super-Hose-Productos_0000_Fitting-NACOBRE-Union-para-Manguera-KFRM-300x300.jpg 300w, https:\/\/superhosepty.com\/wp-content\/uploads\/2023\/09\/Super-Hose-Productos_0000_Fitting-NACOBRE-Union-para-Manguera-KFRM-150x150.jpg 150w, https:\/\/superhosepty.com\/wp-content\/uploads\/2023\/09\/Super-Hose-Productos_0000_Fitting-NACOBRE-Union-para-Manguera-KFRM-12x12.jpg 12w, https:\/\/superhosepty.com\/wp-content\/uploads\/2023\/09\/Super-Hose-Productos_0000_Fitting-NACOBRE-Union-para-Manguera-KFRM.jpg 550w\" sizes=\"(max-width: 400px) 100vw, 400px\" \/><h2 class=\"woocommerce-loop-product__title\">Hose Union Fitting - NACOBRE<\/h2>\n<\/a>\t<span id=\"woocommerce_loop_add_to_cart_link_describedby_650\" class=\"screen-reader-text\">\n\t\t\t<\/span>\n<\/li>\n<li class=\"product type-product post-652 status-publish last instock product_cat-fittings-de-bronce has-post-thumbnail taxable shipping-taxable purchasable product-type-simple\">\n\t<a href=\"https:\/\/superhosepty.com\/en\/product\/compression-tee-fitting-nacobre\/\" class=\"woocommerce-LoopProduct-link woocommerce-loop-product__link\"><img loading=\"lazy\" decoding=\"async\" width=\"400\" height=\"400\" src=\"https:\/\/superhosepty.com\/wp-content\/uploads\/2023\/09\/Super-Hose-Productos_0000_Tee-de-Compresion-NACOBRE-400x400.jpg\" class=\"attachment-woocommerce_thumbnail size-woocommerce_thumbnail\" alt=\"\" srcset=\"https:\/\/superhosepty.com\/wp-content\/uploads\/2023\/09\/Super-Hose-Productos_0000_Tee-de-Compresion-NACOBRE-400x400.jpg 400w, https:\/\/superhosepty.com\/wp-content\/uploads\/2023\/09\/Super-Hose-Productos_0000_Tee-de-Compresion-NACOBRE-100x100.jpg 100w, https:\/\/superhosepty.com\/wp-content\/uploads\/2023\/09\/Super-Hose-Productos_0000_Tee-de-Compresion-NACOBRE-64x64.jpg 64w, https:\/\/superhosepty.com\/wp-content\/uploads\/2023\/09\/Super-Hose-Productos_0000_Tee-de-Compresion-NACOBRE-300x300.jpg 300w, https:\/\/superhosepty.com\/wp-content\/uploads\/2023\/09\/Super-Hose-Productos_0000_Tee-de-Compresion-NACOBRE-150x150.jpg 150w, https:\/\/superhosepty.com\/wp-content\/uploads\/2023\/09\/Super-Hose-Productos_0000_Tee-de-Compresion-NACOBRE-12x12.jpg 12w, https:\/\/superhosepty.com\/wp-content\/uploads\/2023\/09\/Super-Hose-Productos_0000_Tee-de-Compresion-NACOBRE.jpg 550w\" sizes=\"(max-width: 400px) 100vw, 400px\" \/><h2 class=\"woocommerce-loop-product__title\">Compression Tee Fitting - NACOBRE<\/h2>\n<\/a>\t<span id=\"woocommerce_loop_add_to_cart_link_describedby_652\" class=\"screen-reader-text\">\n\t\t\t<\/span>\n<\/li>\n<\/ul>\n<\/div><\/p>\t\t\t\t\t\t\t\t<\/div>\n\t\t\t\t<\/div>\n\t\t\t\t\t<\/div>\n\t\t<\/div>\n\t\t\t\t\t<\/div>\n\t\t<\/section>\n\t\t\t\t<\/div>","protected":false},"excerpt":{"rendered":"<p>Fittings Confiables y Conexiones Seguras Ya sea para aplicaciones industriales, comerciales o residenciales, nuestros Fittings garantizan una conexi\u00f3n segura y confiable. Encuentra los Fittings de tuber\u00eda adecuados para tus necesidades en nuestro cat\u00e1logo de Fittings. Ofrecemos una amplia variedad de conexiones para plomer\u00eda, gas, aire comprimido y m\u00e1s. Nuestros Fittings de alta calidad garantizan una [&hellip;]<\/p>","protected":false},"author":2,"featured_media":0,"parent":0,"menu_order":0,"comment_status":"closed","ping_status":"closed","template":"","meta":{"footnotes":""},"class_list":["post-801","page","type-page","status-publish","hentry"],"aioseo_notices":[],"_links":{"self":[{"href":"https:\/\/superhosepty.com\/en\/wp-json\/wp\/v2\/pages\/801","targetHints":{"allow":["GET"]}}],"collection":[{"href":"https:\/\/superhosepty.com\/en\/wp-json\/wp\/v2\/pages"}],"about":[{"href":"https:\/\/superhosepty.com\/en\/wp-json\/wp\/v2\/types\/page"}],"author":[{"embeddable":true,"href":"https:\/\/superhosepty.com\/en\/wp-json\/wp\/v2\/users\/2"}],"replies":[{"embeddable":true,"href":"https:\/\/superhosepty.com\/en\/wp-json\/wp\/v2\/comments?post=801"}],"version-history":[{"count":0,"href":"https:\/\/superhosepty.com\/en\/wp-json\/wp\/v2\/pages\/801\/revisions"}],"wp:attachment":[{"href":"https:\/\/superhosepty.com\/en\/wp-json\/wp\/v2\/media?parent=801"}],"curies":[{"name":"wp","href":"https:\/\/api.w.org\/{rel}","templated":true}]}}