{"id":831,"date":"2023-09-14T00:26:03","date_gmt":"2023-09-14T00:26:03","guid":{"rendered":"https:\/\/superhosepty.com\/?page_id=831"},"modified":"2023-09-14T13:38:46","modified_gmt":"2023-09-14T13:38:46","slug":"belts-or-belts-for-automotive-industrial-use","status":"publish","type":"page","link":"https:\/\/superhosepty.com\/en\/belts-or-belts-for-automotive-industrial-use\/","title":{"rendered":"Belts or Straps Automotive and Industrial Use"},"content":{"rendered":"<div data-elementor-type=\"wp-page\" data-elementor-id=\"831\" class=\"elementor elementor-831\" data-elementor-post-type=\"page\">\n\t\t\t\t\t\t<section class=\"elementor-section elementor-top-section elementor-element elementor-element-5f3a11c elementor-section-boxed elementor-section-height-default elementor-section-height-default\" data-id=\"5f3a11c\" data-element_type=\"section\" data-settings=\"{&quot;background_background&quot;:&quot;classic&quot;}\">\n\t\t\t\t\t\t\t<div class=\"elementor-background-overlay\"><\/div>\n\t\t\t\t\t\t\t<div class=\"elementor-container elementor-column-gap-no\">\n\t\t\t\t\t<div class=\"elementor-column elementor-col-100 elementor-top-column elementor-element elementor-element-7894bdc\" data-id=\"7894bdc\" data-element_type=\"column\" data-settings=\"{&quot;background_background&quot;:&quot;classic&quot;}\">\n\t\t\t<div class=\"elementor-widget-wrap elementor-element-populated\">\n\t\t\t\t\t\t\t<\/div>\n\t\t<\/div>\n\t\t\t\t\t<\/div>\n\t\t<\/section>\n\t\t\t\t<section class=\"elementor-section elementor-top-section elementor-element elementor-element-61dda62d elementor-section-boxed elementor-section-height-default elementor-section-height-default\" data-id=\"61dda62d\" data-element_type=\"section\" data-settings=\"{&quot;background_background&quot;:&quot;classic&quot;}\">\n\t\t\t\t\t\t\t<div class=\"elementor-background-overlay\"><\/div>\n\t\t\t\t\t\t\t<div class=\"elementor-container elementor-column-gap-no\">\n\t\t\t\t\t<div class=\"elementor-column elementor-col-100 elementor-top-column elementor-element elementor-element-5bb6fdfe\" data-id=\"5bb6fdfe\" data-element_type=\"column\">\n\t\t\t<div class=\"elementor-widget-wrap elementor-element-populated\">\n\t\t\t\t\t\t<div class=\"elementor-element elementor-element-f02fee2 elementor-widget elementor-widget-text-editor\" data-id=\"f02fee2\" data-element_type=\"widget\" data-widget_type=\"text-editor.default\">\n\t\t\t\t<div class=\"elementor-widget-container\">\n\t\t\t\t\t\t\t\t\t<p>Belts or straps are flexible bands composed of various materials such as rubber, cloth, or synthetic compounds that are used in both automotive and industrial applications. They are intended to transmit power between rotating shafts, ensuring that machines and systems operate smoothly and efficiently.<\/p><p>Belts are often employed in automobile applications to drive accessories such as the alternator, water pump, and air conditioning compressor. They link the crankshaft of the engine to various components, allowing them to function properly.<\/p><p>In industrial settings, belts play a crucial role in power transmission within equipment such as conveyor systems, manufacturing machinery, and processing units. They provide a reliable way to transfer motion and power from one component to another.<\/p><p>Optimize the performance of your vehicle or industrial application with our superior-quality automotive belts or straps, designed to provide durability and power in your operation.<\/p>\t\t\t\t\t\t\t\t<\/div>\n\t\t\t\t<\/div>\n\t\t\t\t<div class=\"elementor-element elementor-element-fbf83a4 elementor-widget elementor-widget-text-editor\" data-id=\"fbf83a4\" data-element_type=\"widget\" data-widget_type=\"text-editor.default\">\n\t\t\t\t<div class=\"elementor-widget-container\">\n\t\t\t\t\t\t\t\t\t<p><div class=\"woocommerce columns-3\"><div class=\"woocommerce-notices-wrapper\"><\/div><p class=\"woocommerce-result-count\" >\n\tShowing all 2 results<\/p>\n<form class=\"woocommerce-ordering\" method=\"get\" action=\"\">\n\t<select name=\"orderby\" class=\"orderby\" aria-label=\"Shop order\" data-no-translation-aria-label=\"\">\n\t\t\t\t\t<option value=\"menu_order\"  selected='selected' data-no-translation=\"\" data-trp-gettext=\"\">Default sorting<\/option>\n\t\t\t\t\t<option value=\"popularity\" data-no-translation=\"\" data-trp-gettext=\"\" >Sort by popularity<\/option>\n\t\t\t\t\t<option value=\"date\" data-no-translation=\"\" data-trp-gettext=\"\" >Sort by latest<\/option>\n\t\t\t\t\t<option value=\"price\" data-no-translation=\"\" data-trp-gettext=\"\" >Sort by price: low to high<\/option>\n\t\t\t\t\t<option value=\"price-desc\" data-no-translation=\"\" data-trp-gettext=\"\" >Sort by price: high to low<\/option>\n\t\t\t<\/select>\n\t<input type=\"hidden\" name=\"paged\" value=\"1\" \/>\n\t<input type=\"hidden\" name=\"trp-form-language\" value=\"en\"\/><\/form>\n<ul class=\"products columns-3\">\n<li class=\"product type-product post-631 status-publish first instock product_cat-accesorios product_cat-correas-o-fajas-para-uso-automotriz-e-industrial has-post-thumbnail featured taxable shipping-taxable purchasable product-type-simple\">\n\t<a href=\"https:\/\/superhosepty.com\/en\/product\/automotive-grooved-belt\/\" class=\"woocommerce-LoopProduct-link woocommerce-loop-product__link\"><img fetchpriority=\"high\" decoding=\"async\" width=\"400\" height=\"400\" src=\"https:\/\/superhosepty.com\/wp-content\/uploads\/2023\/09\/Super-Hose-Productos_0001_Correa-Automotriz-Acanalada-400x400.jpg\" class=\"attachment-woocommerce_thumbnail size-woocommerce_thumbnail\" alt=\"\" srcset=\"https:\/\/superhosepty.com\/wp-content\/uploads\/2023\/09\/Super-Hose-Productos_0001_Correa-Automotriz-Acanalada-400x400.jpg 400w, https:\/\/superhosepty.com\/wp-content\/uploads\/2023\/09\/Super-Hose-Productos_0001_Correa-Automotriz-Acanalada-100x100.jpg 100w, https:\/\/superhosepty.com\/wp-content\/uploads\/2023\/09\/Super-Hose-Productos_0001_Correa-Automotriz-Acanalada-64x64.jpg 64w, https:\/\/superhosepty.com\/wp-content\/uploads\/2023\/09\/Super-Hose-Productos_0001_Correa-Automotriz-Acanalada-300x300.jpg 300w, https:\/\/superhosepty.com\/wp-content\/uploads\/2023\/09\/Super-Hose-Productos_0001_Correa-Automotriz-Acanalada-150x150.jpg 150w, https:\/\/superhosepty.com\/wp-content\/uploads\/2023\/09\/Super-Hose-Productos_0001_Correa-Automotriz-Acanalada-12x12.jpg 12w, https:\/\/superhosepty.com\/wp-content\/uploads\/2023\/09\/Super-Hose-Productos_0001_Correa-Automotriz-Acanalada.jpg 550w\" sizes=\"(max-width: 400px) 100vw, 400px\" \/><h2 class=\"woocommerce-loop-product__title\">Automotive Grooved Belt<\/h2>\n<\/a>\t<span id=\"woocommerce_loop_add_to_cart_link_describedby_631\" class=\"screen-reader-text\">\n\t\t\t<\/span>\n<\/li>\n<li class=\"product type-product post-633 status-publish instock product_cat-accesorios product_cat-correas-o-fajas-para-uso-automotriz-e-industrial has-post-thumbnail taxable shipping-taxable purchasable product-type-simple\">\n\t<a href=\"https:\/\/superhosepty.com\/en\/product\/automotive-v-belt\/\" class=\"woocommerce-LoopProduct-link woocommerce-loop-product__link\"><img decoding=\"async\" width=\"400\" height=\"400\" src=\"https:\/\/superhosepty.com\/wp-content\/uploads\/2023\/09\/Super-Hose-Productos_0000_Correa-o-Faja-Automotriz-En-V-400x400.jpg\" class=\"attachment-woocommerce_thumbnail size-woocommerce_thumbnail\" alt=\"\" srcset=\"https:\/\/superhosepty.com\/wp-content\/uploads\/2023\/09\/Super-Hose-Productos_0000_Correa-o-Faja-Automotriz-En-V-400x400.jpg 400w, https:\/\/superhosepty.com\/wp-content\/uploads\/2023\/09\/Super-Hose-Productos_0000_Correa-o-Faja-Automotriz-En-V-100x100.jpg 100w, https:\/\/superhosepty.com\/wp-content\/uploads\/2023\/09\/Super-Hose-Productos_0000_Correa-o-Faja-Automotriz-En-V-64x64.jpg 64w, https:\/\/superhosepty.com\/wp-content\/uploads\/2023\/09\/Super-Hose-Productos_0000_Correa-o-Faja-Automotriz-En-V-300x300.jpg 300w, https:\/\/superhosepty.com\/wp-content\/uploads\/2023\/09\/Super-Hose-Productos_0000_Correa-o-Faja-Automotriz-En-V-150x150.jpg 150w, https:\/\/superhosepty.com\/wp-content\/uploads\/2023\/09\/Super-Hose-Productos_0000_Correa-o-Faja-Automotriz-En-V-12x12.jpg 12w, https:\/\/superhosepty.com\/wp-content\/uploads\/2023\/09\/Super-Hose-Productos_0000_Correa-o-Faja-Automotriz-En-V.jpg 550w\" sizes=\"(max-width: 400px) 100vw, 400px\" \/><h2 class=\"woocommerce-loop-product__title\">Automotive V-Belt<\/h2>\n<\/a>\t<span id=\"woocommerce_loop_add_to_cart_link_describedby_633\" class=\"screen-reader-text\">\n\t\t\t<\/span>\n<\/li>\n<\/ul>\n<\/div><\/p>\t\t\t\t\t\t\t\t<\/div>\n\t\t\t\t<\/div>\n\t\t\t\t\t<\/div>\n\t\t<\/div>\n\t\t\t\t\t<\/div>\n\t\t<\/section>\n\t\t\t\t<\/div>","protected":false},"excerpt":{"rendered":"<p>Las correas o fajas son bandas flexibles compuestas de diversos materiales como caucho, tela o compuestos sint\u00e9ticos que se utilizan tanto en aplicaciones automotrices como industriales. Est\u00e1n destinadas a transmitir potencia entre ejes giratorios, asegurando que las m\u00e1quinas y los sistemas funcionen de manera suave y eficiente. Las correas se utilizan frecuentemente en aplicaciones automotrices [&hellip;]<\/p>","protected":false},"author":2,"featured_media":0,"parent":0,"menu_order":0,"comment_status":"closed","ping_status":"closed","template":"","meta":{"footnotes":""},"class_list":["post-831","page","type-page","status-publish","hentry"],"aioseo_notices":[],"_links":{"self":[{"href":"https:\/\/superhosepty.com\/en\/wp-json\/wp\/v2\/pages\/831","targetHints":{"allow":["GET"]}}],"collection":[{"href":"https:\/\/superhosepty.com\/en\/wp-json\/wp\/v2\/pages"}],"about":[{"href":"https:\/\/superhosepty.com\/en\/wp-json\/wp\/v2\/types\/page"}],"author":[{"embeddable":true,"href":"https:\/\/superhosepty.com\/en\/wp-json\/wp\/v2\/users\/2"}],"replies":[{"embeddable":true,"href":"https:\/\/superhosepty.com\/en\/wp-json\/wp\/v2\/comments?post=831"}],"version-history":[{"count":0,"href":"https:\/\/superhosepty.com\/en\/wp-json\/wp\/v2\/pages\/831\/revisions"}],"wp:attachment":[{"href":"https:\/\/superhosepty.com\/en\/wp-json\/wp\/v2\/media?parent=831"}],"curies":[{"name":"wp","href":"https:\/\/api.w.org\/{rel}","templated":true}]}}